{"id":3699,"date":"2020-06-10T15:19:52","date_gmt":"2020-06-10T13:19:52","guid":{"rendered":"https:\/\/smporres.archimadrid.es\/?page_id=3699"},"modified":"2020-06-10T15:19:52","modified_gmt":"2020-06-10T13:19:52","slug":"111-salve-rociera","status":"publish","type":"page","link":"https:\/\/smporres.archimadrid.es\/?page_id=3699","title":{"rendered":"111. SALVE ROCIERA"},"content":{"rendered":"\n<p>Dios te salve Mar\u00eda, del Roc\u00edo Se\u00f1ora,<br>Luna, Sol, Norte y Gu\u00eda, mi Pastora Celestial.<\/p>\n\n\n\n<p>Dios te salve, Mar\u00eda, todo el pueblo te adora<br>y repite a porf\u00eda: como t\u00fa no hay otra igual.<\/p>\n\n\n\n<p>OL\u00c9 \u2013 OL\u00c9\u2026<br>AL ROC\u00cdO YO QUIERO VOLVER<br>A CANTARLE A LA VIRGEN CON FE,<br>CON UN &#8211; (BIS)<\/p>\n\n\n\n<p>Dios te salve Mar\u00eda, manantial de dulzura<br>a tus pies noche y d\u00eda te venimos a rezar.<\/p>\n\n\n\n<p>Dios te salve Mar\u00eda un rosal de hermosura<br>eres T\u00fa, Madre m\u00eda, de pureza virginal.<\/p>\n","protected":false},"excerpt":{"rendered":"<p>Dios te salve Mar\u00eda, del Roc\u00edo Se\u00f1ora,Luna, Sol, Norte y Gu\u00eda, mi Pastora Celestial. Dios te salve, Mar\u00eda, todo el pueblo te adoray repite a porf\u00eda: como t\u00fa no hay [&hellip;]<\/p>\n","protected":false},"author":1,"featured_media":0,"parent":0,"menu_order":0,"comment_status":"closed","ping_status":"closed","template":"","meta":{"footnotes":""},"class_list":["post-3699","page","type-page","status-publish","hentry"],"_links":{"self":[{"href":"https:\/\/smporres.archimadrid.es\/index.php?rest_route=\/wp\/v2\/pages\/3699","targetHints":{"allow":["GET"]}}],"collection":[{"href":"https:\/\/smporres.archimadrid.es\/index.php?rest_route=\/wp\/v2\/pages"}],"about":[{"href":"https:\/\/smporres.archimadrid.es\/index.php?rest_route=\/wp\/v2\/types\/page"}],"author":[{"embeddable":true,"href":"https:\/\/smporres.archimadrid.es\/index.php?rest_route=\/wp\/v2\/users\/1"}],"replies":[{"embeddable":true,"href":"https:\/\/smporres.archimadrid.es\/index.php?rest_route=%2Fwp%2Fv2%2Fcomments&post=3699"}],"version-history":[{"count":1,"href":"https:\/\/smporres.archimadrid.es\/index.php?rest_route=\/wp\/v2\/pages\/3699\/revisions"}],"predecessor-version":[{"id":3700,"href":"https:\/\/smporres.archimadrid.es\/index.php?rest_route=\/wp\/v2\/pages\/3699\/revisions\/3700"}],"wp:attachment":[{"href":"https:\/\/smporres.archimadrid.es\/index.php?rest_route=%2Fwp%2Fv2%2Fmedia&parent=3699"}],"curies":[{"name":"wp","href":"https:\/\/api.w.org\/{rel}","templated":true}]}}