{"id":3697,"date":"2020-06-10T15:19:05","date_gmt":"2020-06-10T13:19:05","guid":{"rendered":"https:\/\/smporres.archimadrid.es\/?page_id=3697"},"modified":"2020-06-10T15:19:05","modified_gmt":"2020-06-10T13:19:05","slug":"110-salve-reina-de-los-cielos","status":"publish","type":"page","link":"https:\/\/smporres.archimadrid.es\/?page_id=3697","title":{"rendered":"110. SALVE, REINA DE LOS CIELOS"},"content":{"rendered":"\n<p>Salve, Reina de los cielos,<br>Se\u00f1ora, Se\u00f1ora de los \u00c1ngeles.<br>Salve, Ra\u00edz, Salve Puerta.<br>T\u00fa, t\u00fa, t\u00fa abriste el camino a nuestra luz.<\/p>\n\n\n\n<p>AL\u00c9GRATE, VIRGEN MAR\u00cdA,<br>ENTRE TODAS LA M\u00c1S BELLA.<br>SALVE, ETERNA DONCELLA,<br>RUEGA A CRISTO POR NOSOTROS.<br>SALVE, ETERNA DONCELLA,<br>RUEGA A CRISTO POR NOSOTROS.<\/p>\n\n\n\n<p>I \u2026 Salve Ra\u00edz, Salve Puerta,<br>t\u00fa, t\u00fa, t\u00fa abriste el camino a nuestra luz.<\/p>\n","protected":false},"excerpt":{"rendered":"<p>Salve, Reina de los cielos,Se\u00f1ora, Se\u00f1ora de los \u00c1ngeles.Salve, Ra\u00edz, Salve Puerta.T\u00fa, t\u00fa, t\u00fa abriste el camino a nuestra luz. AL\u00c9GRATE, VIRGEN MAR\u00cdA,ENTRE TODAS LA M\u00c1S BELLA.SALVE, ETERNA DONCELLA,RUEGA A [&hellip;]<\/p>\n","protected":false},"author":1,"featured_media":0,"parent":0,"menu_order":0,"comment_status":"closed","ping_status":"closed","template":"","meta":{"footnotes":""},"class_list":["post-3697","page","type-page","status-publish","hentry"],"_links":{"self":[{"href":"https:\/\/smporres.archimadrid.es\/index.php?rest_route=\/wp\/v2\/pages\/3697","targetHints":{"allow":["GET"]}}],"collection":[{"href":"https:\/\/smporres.archimadrid.es\/index.php?rest_route=\/wp\/v2\/pages"}],"about":[{"href":"https:\/\/smporres.archimadrid.es\/index.php?rest_route=\/wp\/v2\/types\/page"}],"author":[{"embeddable":true,"href":"https:\/\/smporres.archimadrid.es\/index.php?rest_route=\/wp\/v2\/users\/1"}],"replies":[{"embeddable":true,"href":"https:\/\/smporres.archimadrid.es\/index.php?rest_route=%2Fwp%2Fv2%2Fcomments&post=3697"}],"version-history":[{"count":1,"href":"https:\/\/smporres.archimadrid.es\/index.php?rest_route=\/wp\/v2\/pages\/3697\/revisions"}],"predecessor-version":[{"id":3698,"href":"https:\/\/smporres.archimadrid.es\/index.php?rest_route=\/wp\/v2\/pages\/3697\/revisions\/3698"}],"wp:attachment":[{"href":"https:\/\/smporres.archimadrid.es\/index.php?rest_route=%2Fwp%2Fv2%2Fmedia&parent=3697"}],"curies":[{"name":"wp","href":"https:\/\/api.w.org\/{rel}","templated":true}]}}