{"id":3693,"date":"2020-06-10T15:17:30","date_gmt":"2020-06-10T13:17:30","guid":{"rendered":"https:\/\/smporres.archimadrid.es\/?page_id=3693"},"modified":"2020-06-10T15:17:30","modified_gmt":"2020-06-10T13:17:30","slug":"108-salve-madre","status":"publish","type":"page","link":"https:\/\/smporres.archimadrid.es\/?page_id=3693","title":{"rendered":"108. SALVE, MADRE"},"content":{"rendered":"\n<p>Salve, Madre,<br>en la tierra de mis amores<br>te saludan los cantos<br>que alza el amor.<br>Reina de nuestras almas,<br>flor de las flores,<br>muestra aqu\u00ed<br>de tus glorias los resplandores,<br>que en el cielo tan s\u00f3lo<br>te aman mejor.<br>Virgen santa, Virgen pura,<br>vida esperanza y dulzura<br>del alma que en ti conf\u00eda,<br>Madre de Dios, Madre m\u00eda,<br>mientras mi vida alentare<br>todo mi amor para ti,<br>mas si mi amor te olvidare,<br>Madre m\u00eda, Madre m\u00eda,<br>mas si mi amor te olvidare<br>t\u00fa no te olvides de m\u00ed.<\/p>\n","protected":false},"excerpt":{"rendered":"<p>Salve, Madre,en la tierra de mis amoreste saludan los cantosque alza el amor.Reina de nuestras almas,flor de las flores,muestra aqu\u00edde tus glorias los resplandores,que en el cielo tan s\u00f3lote aman [&hellip;]<\/p>\n","protected":false},"author":1,"featured_media":0,"parent":0,"menu_order":0,"comment_status":"closed","ping_status":"closed","template":"","meta":{"footnotes":""},"class_list":["post-3693","page","type-page","status-publish","hentry"],"_links":{"self":[{"href":"https:\/\/smporres.archimadrid.es\/index.php?rest_route=\/wp\/v2\/pages\/3693","targetHints":{"allow":["GET"]}}],"collection":[{"href":"https:\/\/smporres.archimadrid.es\/index.php?rest_route=\/wp\/v2\/pages"}],"about":[{"href":"https:\/\/smporres.archimadrid.es\/index.php?rest_route=\/wp\/v2\/types\/page"}],"author":[{"embeddable":true,"href":"https:\/\/smporres.archimadrid.es\/index.php?rest_route=\/wp\/v2\/users\/1"}],"replies":[{"embeddable":true,"href":"https:\/\/smporres.archimadrid.es\/index.php?rest_route=%2Fwp%2Fv2%2Fcomments&post=3693"}],"version-history":[{"count":1,"href":"https:\/\/smporres.archimadrid.es\/index.php?rest_route=\/wp\/v2\/pages\/3693\/revisions"}],"predecessor-version":[{"id":3694,"href":"https:\/\/smporres.archimadrid.es\/index.php?rest_route=\/wp\/v2\/pages\/3693\/revisions\/3694"}],"wp:attachment":[{"href":"https:\/\/smporres.archimadrid.es\/index.php?rest_route=%2Fwp%2Fv2%2Fmedia&parent=3693"}],"curies":[{"name":"wp","href":"https:\/\/api.w.org\/{rel}","templated":true}]}}