{"id":3689,"date":"2020-06-10T15:15:55","date_gmt":"2020-06-10T13:15:55","guid":{"rendered":"https:\/\/smporres.archimadrid.es\/?page_id=3689"},"modified":"2020-06-10T15:15:55","modified_gmt":"2020-06-10T13:15:55","slug":"106-reunidos-en-el-nombre-del-senor","status":"publish","type":"page","link":"https:\/\/smporres.archimadrid.es\/?page_id=3689","title":{"rendered":"106. REUNIDOS EN EL NOMBRE DEL SE\u00d1OR"},"content":{"rendered":"\n<p>REUNIDOS EN EL NOMBRE DEL SE\u00d1OR<br>QUE NOS HA CONGREGADO ANTE TU ALTAR;<br>CELEBREMOS EL MISTERIO DE LA FE<br>BAJO EL SIGNO DEL AMOR Y LA UNIDAD. (BIS)<\/p>\n\n\n\n<p>T\u00fa, Se\u00f1or, das sentido a nuestra vida,<br>tu presencia nos ayuda a caminar,<br>tu Palabra es fuente de agua viva<br>que nosotros sedientos a tu mesa venimos a buscar.<\/p>\n\n\n\n<p>Purifica con tu gracia nuestras manos,<br>ilumina nuestra mente con tu luz<br>que la fe se fortalezca en tu Palabra,<br>y tu Cuerpo tomado en alimento nos traiga la salud.<\/p>\n","protected":false},"excerpt":{"rendered":"<p>REUNIDOS EN EL NOMBRE DEL SE\u00d1ORQUE NOS HA CONGREGADO ANTE TU ALTAR;CELEBREMOS EL MISTERIO DE LA FEBAJO EL SIGNO DEL AMOR Y LA UNIDAD. (BIS) T\u00fa, Se\u00f1or, das sentido a [&hellip;]<\/p>\n","protected":false},"author":1,"featured_media":0,"parent":0,"menu_order":0,"comment_status":"closed","ping_status":"closed","template":"","meta":{"footnotes":""},"class_list":["post-3689","page","type-page","status-publish","hentry"],"_links":{"self":[{"href":"https:\/\/smporres.archimadrid.es\/index.php?rest_route=\/wp\/v2\/pages\/3689","targetHints":{"allow":["GET"]}}],"collection":[{"href":"https:\/\/smporres.archimadrid.es\/index.php?rest_route=\/wp\/v2\/pages"}],"about":[{"href":"https:\/\/smporres.archimadrid.es\/index.php?rest_route=\/wp\/v2\/types\/page"}],"author":[{"embeddable":true,"href":"https:\/\/smporres.archimadrid.es\/index.php?rest_route=\/wp\/v2\/users\/1"}],"replies":[{"embeddable":true,"href":"https:\/\/smporres.archimadrid.es\/index.php?rest_route=%2Fwp%2Fv2%2Fcomments&post=3689"}],"version-history":[{"count":1,"href":"https:\/\/smporres.archimadrid.es\/index.php?rest_route=\/wp\/v2\/pages\/3689\/revisions"}],"predecessor-version":[{"id":3690,"href":"https:\/\/smporres.archimadrid.es\/index.php?rest_route=\/wp\/v2\/pages\/3689\/revisions\/3690"}],"wp:attachment":[{"href":"https:\/\/smporres.archimadrid.es\/index.php?rest_route=%2Fwp%2Fv2%2Fmedia&parent=3689"}],"curies":[{"name":"wp","href":"https:\/\/api.w.org\/{rel}","templated":true}]}}