{"id":3687,"date":"2020-06-10T15:15:02","date_gmt":"2020-06-10T13:15:02","guid":{"rendered":"https:\/\/smporres.archimadrid.es\/?page_id=3687"},"modified":"2020-06-10T15:15:02","modified_gmt":"2020-06-10T13:15:02","slug":"105-resucito","status":"publish","type":"page","link":"https:\/\/smporres.archimadrid.es\/?page_id=3687","title":{"rendered":"105. RESUCIT\u00d3"},"content":{"rendered":"\n<p>RESUCIT\u00d3, RESUCIT\u00d3, RESUCIT\u00d3, RESUCIT\u00d3.<br>ALELUYA, ALELUYA, ALELUYA, ALELUYA.<\/p>\n\n\n\n<p>La muerte, \u00bfd\u00f3nde est\u00e1 la muerte?<br>\u00bfd\u00f3nde est\u00e1 mi muerte? \u00bfd\u00f3nde su victoria?<\/p>\n\n\n\n<p>Alegr\u00eda, alegr\u00eda hermanos,<br>que si hoy nos queremos, es porque resucit\u00f3.<\/p>\n\n\n\n<p>Gracias, sean dadas al Padre,<br>que nos llev\u00f3 a su reino, donde se vive de amor<\/p>\n\n\n\n<p>Si con \u00c9l morimos, con \u00c9l vivimos,<br>con \u00c9l cantamos: \u00a1Aleluya!<\/p>\n","protected":false},"excerpt":{"rendered":"<p>RESUCIT\u00d3, RESUCIT\u00d3, RESUCIT\u00d3, RESUCIT\u00d3.ALELUYA, ALELUYA, ALELUYA, ALELUYA. La muerte, \u00bfd\u00f3nde est\u00e1 la muerte?\u00bfd\u00f3nde est\u00e1 mi muerte? \u00bfd\u00f3nde su victoria? Alegr\u00eda, alegr\u00eda hermanos,que si hoy nos queremos, es porque resucit\u00f3. Gracias, [&hellip;]<\/p>\n","protected":false},"author":1,"featured_media":0,"parent":0,"menu_order":0,"comment_status":"closed","ping_status":"closed","template":"","meta":{"footnotes":""},"class_list":["post-3687","page","type-page","status-publish","hentry"],"_links":{"self":[{"href":"https:\/\/smporres.archimadrid.es\/index.php?rest_route=\/wp\/v2\/pages\/3687","targetHints":{"allow":["GET"]}}],"collection":[{"href":"https:\/\/smporres.archimadrid.es\/index.php?rest_route=\/wp\/v2\/pages"}],"about":[{"href":"https:\/\/smporres.archimadrid.es\/index.php?rest_route=\/wp\/v2\/types\/page"}],"author":[{"embeddable":true,"href":"https:\/\/smporres.archimadrid.es\/index.php?rest_route=\/wp\/v2\/users\/1"}],"replies":[{"embeddable":true,"href":"https:\/\/smporres.archimadrid.es\/index.php?rest_route=%2Fwp%2Fv2%2Fcomments&post=3687"}],"version-history":[{"count":1,"href":"https:\/\/smporres.archimadrid.es\/index.php?rest_route=\/wp\/v2\/pages\/3687\/revisions"}],"predecessor-version":[{"id":3688,"href":"https:\/\/smporres.archimadrid.es\/index.php?rest_route=\/wp\/v2\/pages\/3687\/revisions\/3688"}],"wp:attachment":[{"href":"https:\/\/smporres.archimadrid.es\/index.php?rest_route=%2Fwp%2Fv2%2Fmedia&parent=3687"}],"curies":[{"name":"wp","href":"https:\/\/api.w.org\/{rel}","templated":true}]}}