{"id":3683,"date":"2020-06-10T15:05:48","date_gmt":"2020-06-10T13:05:48","guid":{"rendered":"https:\/\/smporres.archimadrid.es\/?page_id=3683"},"modified":"2020-06-10T15:05:48","modified_gmt":"2020-06-10T13:05:48","slug":"103-regina-caeli","status":"publish","type":"page","link":"https:\/\/smporres.archimadrid.es\/?page_id=3683","title":{"rendered":"103. REGINA C\u00c6LI"},"content":{"rendered":"\n<p>Reg\u00edna c\u00e6li, l\u00e6t\u00e1re, allel\u00faia,<br>quia quem meru\u00edsti port\u00e1re, allel\u00faia,<br>resurr\u00e9xit sicut dixit, alleluia;<br>ora pro nobis Deum, alleluia.<\/p>\n","protected":false},"excerpt":{"rendered":"<p>Reg\u00edna c\u00e6li, l\u00e6t\u00e1re, allel\u00faia,quia quem meru\u00edsti port\u00e1re, allel\u00faia,resurr\u00e9xit sicut dixit, alleluia;ora pro nobis Deum, alleluia.<\/p>\n","protected":false},"author":1,"featured_media":0,"parent":0,"menu_order":0,"comment_status":"closed","ping_status":"closed","template":"","meta":{"footnotes":""},"class_list":["post-3683","page","type-page","status-publish","hentry"],"_links":{"self":[{"href":"https:\/\/smporres.archimadrid.es\/index.php?rest_route=\/wp\/v2\/pages\/3683","targetHints":{"allow":["GET"]}}],"collection":[{"href":"https:\/\/smporres.archimadrid.es\/index.php?rest_route=\/wp\/v2\/pages"}],"about":[{"href":"https:\/\/smporres.archimadrid.es\/index.php?rest_route=\/wp\/v2\/types\/page"}],"author":[{"embeddable":true,"href":"https:\/\/smporres.archimadrid.es\/index.php?rest_route=\/wp\/v2\/users\/1"}],"replies":[{"embeddable":true,"href":"https:\/\/smporres.archimadrid.es\/index.php?rest_route=%2Fwp%2Fv2%2Fcomments&post=3683"}],"version-history":[{"count":1,"href":"https:\/\/smporres.archimadrid.es\/index.php?rest_route=\/wp\/v2\/pages\/3683\/revisions"}],"predecessor-version":[{"id":3684,"href":"https:\/\/smporres.archimadrid.es\/index.php?rest_route=\/wp\/v2\/pages\/3683\/revisions\/3684"}],"wp:attachment":[{"href":"https:\/\/smporres.archimadrid.es\/index.php?rest_route=%2Fwp%2Fv2%2Fmedia&parent=3683"}],"curies":[{"name":"wp","href":"https:\/\/api.w.org\/{rel}","templated":true}]}}