{"id":3681,"date":"2020-06-10T15:00:03","date_gmt":"2020-06-10T13:00:03","guid":{"rendered":"https:\/\/smporres.archimadrid.es\/?page_id=3681"},"modified":"2020-06-10T15:00:03","modified_gmt":"2020-06-10T13:00:03","slug":"102-quiero-alabarte","status":"publish","type":"page","link":"https:\/\/smporres.archimadrid.es\/?page_id=3681","title":{"rendered":"102. QUIERO ALABARTE"},"content":{"rendered":"\n<p>Quiero alabarte m\u00e1s y m\u00e1s a\u00fan,<br>quiero alabarte m\u00e1s y m\u00e1s a\u00fan,<br>buscar tu voluntad, tu gracia conocer<br>quiero alabarte.<\/p>\n\n\n\n<p>LAS AVES DEL CIELO CANTAN PARA TI,<br>LAS FLORES DEL CAMPO REFLEJAN TU PODER<br>QUIERO CANTAR, QUIERO LEVANTAR<br>MIS MANOS HACIA TI.<\/p>\n\n\n\n<p>Quiero seguirte m\u00e1s y m\u00e1s a\u00fan<br>quiero seguirte m\u00e1s y m\u00e1s a\u00fan,<br>buscar tu voluntad, tu gracia conocer,<br>quiero seguirte.<\/p>\n\n\n\n<p>Quiero amarte m\u00e1s y m\u00e1s a\u00fan<br>quiero amarte m\u00e1s y m\u00e1s a\u00fan,<br>buscar tu voluntad, tu gracia conocer,<br>quiero amarte.<\/p>\n","protected":false},"excerpt":{"rendered":"<p>Quiero alabarte m\u00e1s y m\u00e1s a\u00fan,quiero alabarte m\u00e1s y m\u00e1s a\u00fan,buscar tu voluntad, tu gracia conocerquiero alabarte. LAS AVES DEL CIELO CANTAN PARA TI,LAS FLORES DEL CAMPO REFLEJAN TU PODERQUIERO [&hellip;]<\/p>\n","protected":false},"author":1,"featured_media":0,"parent":0,"menu_order":0,"comment_status":"closed","ping_status":"closed","template":"","meta":{"footnotes":""},"class_list":["post-3681","page","type-page","status-publish","hentry"],"_links":{"self":[{"href":"https:\/\/smporres.archimadrid.es\/index.php?rest_route=\/wp\/v2\/pages\/3681","targetHints":{"allow":["GET"]}}],"collection":[{"href":"https:\/\/smporres.archimadrid.es\/index.php?rest_route=\/wp\/v2\/pages"}],"about":[{"href":"https:\/\/smporres.archimadrid.es\/index.php?rest_route=\/wp\/v2\/types\/page"}],"author":[{"embeddable":true,"href":"https:\/\/smporres.archimadrid.es\/index.php?rest_route=\/wp\/v2\/users\/1"}],"replies":[{"embeddable":true,"href":"https:\/\/smporres.archimadrid.es\/index.php?rest_route=%2Fwp%2Fv2%2Fcomments&post=3681"}],"version-history":[{"count":1,"href":"https:\/\/smporres.archimadrid.es\/index.php?rest_route=\/wp\/v2\/pages\/3681\/revisions"}],"predecessor-version":[{"id":3682,"href":"https:\/\/smporres.archimadrid.es\/index.php?rest_route=\/wp\/v2\/pages\/3681\/revisions\/3682"}],"wp:attachment":[{"href":"https:\/\/smporres.archimadrid.es\/index.php?rest_route=%2Fwp%2Fv2%2Fmedia&parent=3681"}],"curies":[{"name":"wp","href":"https:\/\/api.w.org\/{rel}","templated":true}]}}