{"id":3677,"date":"2020-06-10T14:58:17","date_gmt":"2020-06-10T12:58:17","guid":{"rendered":"https:\/\/smporres.archimadrid.es\/?page_id=3677"},"modified":"2020-06-10T14:58:17","modified_gmt":"2020-06-10T12:58:17","slug":"100-que-detalle-senor","status":"publish","type":"page","link":"https:\/\/smporres.archimadrid.es\/?page_id=3677","title":{"rendered":"100. QUE DETALLE, SE\u00d1OR"},"content":{"rendered":"\n<p>Que detalle Se\u00f1or has tenido conmigo<br>cuando me llamaste, cuando me elegiste<br>cuando me dijiste que T\u00fa eras mi amigo<br>qu\u00e9 detalle Se\u00f1or has tenido conmigo.<\/p>\n\n\n\n<p>Te acercaste a mi puerta pronunciaste mi nombre,<br>yo temblando te dije: \u201caqu\u00ed estoy Se\u00f1or\u201d,<br>T\u00fa me hablaste de un reino, de un tesoro escondido,<br>de un mensaje fraterno que encendi\u00f3 mi ilusi\u00f3n.<\/p>\n\n\n\n<p>Yo dej\u00e9 casa y pueblo por seguir tu aventura,<br>codo a codo contigo comenc\u00e9 a caminar,<br>han pasado los a\u00f1os, y aunque apriete el cansancio,<br>paso a paso te sigo sin mirar hacia atr\u00e1s.<\/p>\n\n\n\n<p>Que alegr\u00eda yo siento cuando oigo tu nombre,<br>que sosiego me inunda cuando oigo tu voz,<br>que emoci\u00f3n me estremece cuando escucho en<br>silencio tu palabra que aviva mi silencio interior.<\/p>\n","protected":false},"excerpt":{"rendered":"<p>Que detalle Se\u00f1or has tenido conmigocuando me llamaste, cuando me elegistecuando me dijiste que T\u00fa eras mi amigoqu\u00e9 detalle Se\u00f1or has tenido conmigo. Te acercaste a mi puerta pronunciaste mi [&hellip;]<\/p>\n","protected":false},"author":1,"featured_media":0,"parent":0,"menu_order":0,"comment_status":"closed","ping_status":"closed","template":"","meta":{"footnotes":""},"class_list":["post-3677","page","type-page","status-publish","hentry"],"_links":{"self":[{"href":"https:\/\/smporres.archimadrid.es\/index.php?rest_route=\/wp\/v2\/pages\/3677","targetHints":{"allow":["GET"]}}],"collection":[{"href":"https:\/\/smporres.archimadrid.es\/index.php?rest_route=\/wp\/v2\/pages"}],"about":[{"href":"https:\/\/smporres.archimadrid.es\/index.php?rest_route=\/wp\/v2\/types\/page"}],"author":[{"embeddable":true,"href":"https:\/\/smporres.archimadrid.es\/index.php?rest_route=\/wp\/v2\/users\/1"}],"replies":[{"embeddable":true,"href":"https:\/\/smporres.archimadrid.es\/index.php?rest_route=%2Fwp%2Fv2%2Fcomments&post=3677"}],"version-history":[{"count":1,"href":"https:\/\/smporres.archimadrid.es\/index.php?rest_route=\/wp\/v2\/pages\/3677\/revisions"}],"predecessor-version":[{"id":3678,"href":"https:\/\/smporres.archimadrid.es\/index.php?rest_route=\/wp\/v2\/pages\/3677\/revisions\/3678"}],"wp:attachment":[{"href":"https:\/\/smporres.archimadrid.es\/index.php?rest_route=%2Fwp%2Fv2%2Fmedia&parent=3677"}],"curies":[{"name":"wp","href":"https:\/\/api.w.org\/{rel}","templated":true}]}}