{"id":3674,"date":"2020-06-10T14:57:12","date_gmt":"2020-06-10T12:57:12","guid":{"rendered":"https:\/\/smporres.archimadrid.es\/?page_id=3674"},"modified":"2020-06-10T14:57:12","modified_gmt":"2020-06-10T12:57:12","slug":"99-que-alegria-cuando-me-dijeron","status":"publish","type":"page","link":"https:\/\/smporres.archimadrid.es\/?page_id=3674","title":{"rendered":"99. QUE ALEGR\u00cdA CUANDO ME DIJERON"},"content":{"rendered":"\n<p>\u00a1QU\u00c9 ALEGR\u00cdA CUANDO ME DIJERON:<br>\u201cVAMOS A LA CASA DEL SE\u00d1OR\u201d!<br>YA EST\u00c1N PISANDO NUESTROS PIES<br>TUS UMBRALES JERUSAL\u00c9N.<\/p>\n\n\n\n<p>Jerusal\u00e9n est\u00e1 fundada<br>como ciudad bien compacta.<br>All\u00e1 suben las tribus,<br>las tribus del Se\u00f1or.<\/p>\n\n\n\n<p>Seg\u00fan la costumbre de Israel,<br>a celebrar el nombre del Se\u00f1or.<br>En ella est\u00e1n los tribunales de justicia<br>En el palacio de David.<\/p>\n\n\n\n<p>Desead la paz a Jerusal\u00e9n:<br>\u201cVivan seguros los que te aman,<br>haya paz dentro de tus muros,<br>en tus palacios seguridad\u201d<\/p>\n\n\n\n<p>Por mis hermanos y compa\u00f1eros<br>voy a decir: \u201cla paz contigo\u201d.<br>Por la casa del Se\u00f1or nuestro Dios,<br>te deseo todo bien.<\/p>\n","protected":false},"excerpt":{"rendered":"<p>\u00a1QU\u00c9 ALEGR\u00cdA CUANDO ME DIJERON:\u201cVAMOS A LA CASA DEL SE\u00d1OR\u201d!YA EST\u00c1N PISANDO NUESTROS PIESTUS UMBRALES JERUSAL\u00c9N. Jerusal\u00e9n est\u00e1 fundadacomo ciudad bien compacta.All\u00e1 suben las tribus,las tribus del Se\u00f1or. Seg\u00fan la [&hellip;]<\/p>\n","protected":false},"author":1,"featured_media":0,"parent":0,"menu_order":0,"comment_status":"closed","ping_status":"closed","template":"","meta":{"footnotes":""},"class_list":["post-3674","page","type-page","status-publish","hentry"],"_links":{"self":[{"href":"https:\/\/smporres.archimadrid.es\/index.php?rest_route=\/wp\/v2\/pages\/3674","targetHints":{"allow":["GET"]}}],"collection":[{"href":"https:\/\/smporres.archimadrid.es\/index.php?rest_route=\/wp\/v2\/pages"}],"about":[{"href":"https:\/\/smporres.archimadrid.es\/index.php?rest_route=\/wp\/v2\/types\/page"}],"author":[{"embeddable":true,"href":"https:\/\/smporres.archimadrid.es\/index.php?rest_route=\/wp\/v2\/users\/1"}],"replies":[{"embeddable":true,"href":"https:\/\/smporres.archimadrid.es\/index.php?rest_route=%2Fwp%2Fv2%2Fcomments&post=3674"}],"version-history":[{"count":1,"href":"https:\/\/smporres.archimadrid.es\/index.php?rest_route=\/wp\/v2\/pages\/3674\/revisions"}],"predecessor-version":[{"id":3675,"href":"https:\/\/smporres.archimadrid.es\/index.php?rest_route=\/wp\/v2\/pages\/3674\/revisions\/3675"}],"wp:attachment":[{"href":"https:\/\/smporres.archimadrid.es\/index.php?rest_route=%2Fwp%2Fv2%2Fmedia&parent=3674"}],"curies":[{"name":"wp","href":"https:\/\/api.w.org\/{rel}","templated":true}]}}