{"id":3670,"date":"2020-06-10T14:53:23","date_gmt":"2020-06-10T12:53:23","guid":{"rendered":"https:\/\/smporres.archimadrid.es\/?page_id=3670"},"modified":"2020-06-10T14:53:23","modified_gmt":"2020-06-10T12:53:23","slug":"97-por-los-ninos","status":"publish","type":"page","link":"https:\/\/smporres.archimadrid.es\/?page_id=3670","title":{"rendered":"97. POR LOS NI\u00d1OS"},"content":{"rendered":"\n<p>Por los ni\u00f1os que empiezan la vida,<br>por los hombres sin techo ni hogar,<br>por los pueblos que sufren la guerra,<br>te ofrecemos el vino y el pan.<\/p>\n\n\n\n<p>PAN Y VINO SOBRE EL ALTAR,<br>SON OFRENDAS DE AMOR.<br>PAN Y VINO SER\u00c1N DESPU\u00c9S,<br>TU CUERPO Y SANGRE SE\u00d1OR.<br>Por los hombres que viven unidos,<br>por los hombres que buscan la paz,<br>por los pueblos que no te conocen,<br>te ofrecemos el vino y el pan.<\/p>\n\n\n\n<p>Por aquellos a quienes queremos,<br>por nosotros y nuestra amistad,<br>por los vivos y todos los muertos,<br>te ofrecemos el vino y el pan.<\/p>\n","protected":false},"excerpt":{"rendered":"<p>Por los ni\u00f1os que empiezan la vida,por los hombres sin techo ni hogar,por los pueblos que sufren la guerra,te ofrecemos el vino y el pan. PAN Y VINO SOBRE EL [&hellip;]<\/p>\n","protected":false},"author":1,"featured_media":0,"parent":0,"menu_order":0,"comment_status":"closed","ping_status":"closed","template":"","meta":{"footnotes":""},"class_list":["post-3670","page","type-page","status-publish","hentry"],"_links":{"self":[{"href":"https:\/\/smporres.archimadrid.es\/index.php?rest_route=\/wp\/v2\/pages\/3670","targetHints":{"allow":["GET"]}}],"collection":[{"href":"https:\/\/smporres.archimadrid.es\/index.php?rest_route=\/wp\/v2\/pages"}],"about":[{"href":"https:\/\/smporres.archimadrid.es\/index.php?rest_route=\/wp\/v2\/types\/page"}],"author":[{"embeddable":true,"href":"https:\/\/smporres.archimadrid.es\/index.php?rest_route=\/wp\/v2\/users\/1"}],"replies":[{"embeddable":true,"href":"https:\/\/smporres.archimadrid.es\/index.php?rest_route=%2Fwp%2Fv2%2Fcomments&post=3670"}],"version-history":[{"count":1,"href":"https:\/\/smporres.archimadrid.es\/index.php?rest_route=\/wp\/v2\/pages\/3670\/revisions"}],"predecessor-version":[{"id":3671,"href":"https:\/\/smporres.archimadrid.es\/index.php?rest_route=\/wp\/v2\/pages\/3670\/revisions\/3671"}],"wp:attachment":[{"href":"https:\/\/smporres.archimadrid.es\/index.php?rest_route=%2Fwp%2Fv2%2Fmedia&parent=3670"}],"curies":[{"name":"wp","href":"https:\/\/api.w.org\/{rel}","templated":true}]}}