{"id":3668,"date":"2020-06-10T14:52:14","date_gmt":"2020-06-10T12:52:14","guid":{"rendered":"https:\/\/smporres.archimadrid.es\/?page_id=3668"},"modified":"2020-06-10T14:52:14","modified_gmt":"2020-06-10T12:52:14","slug":"96-pequena-maria","status":"publish","type":"page","link":"https:\/\/smporres.archimadrid.es\/?page_id=3668","title":{"rendered":"96. PEQUE\u00d1A MAR\u00cdA"},"content":{"rendered":"\n<p>Mar\u00eda, peque\u00f1a Mar\u00eda,<br>t\u00fa eres la brisa suave de El\u00edas,<br>el susurro del Esp\u00edritu de Dios.<br>T\u00fa eres la zarza ardiente de Mois\u00e9s<br>que llevas al Se\u00f1or y no te consumes.<br>T\u00fa eres \u00abel lugar junto a m\u00ed\u00bb<br>que mostr\u00f3 el Se\u00f1or a Mois\u00e9s,<br>t\u00fa eres la hendidura de la roca<br>que Dios cubre con su mano<br>mientras que pasa su gloria.<\/p>\n\n\n\n<p>VENGA EL SE\u00d1OR CON NOSOTROS,<br>SI HEMOS HALLADO GRACIA A SUS OJOS;<br>ES CIERTO QUE SOMOS PECADORES,<br>M\u00c1S RUEGA T\u00da POR NOSOTROS,<br>Y SEREMOS SU PUEBLO Y SU HEREDAD.<\/p>\n\n\n\n<p>Mar\u00eda, peque\u00f1a Mar\u00eda,<br>hija de Jerusal\u00e9n,<br>Madre de todos los pueblos,<br>Virgen de Nazaret.<br>T\u00fa eres la nube del desierto<br>que protege la marcha de Israel,<br>t\u00fa eres la tienda de la reuni\u00f3n,<br>el arca que lleva la alianza,<br>el Santuario de la gloria del Se\u00f1or.<\/p>\n","protected":false},"excerpt":{"rendered":"<p>Mar\u00eda, peque\u00f1a Mar\u00eda,t\u00fa eres la brisa suave de El\u00edas,el susurro del Esp\u00edritu de Dios.T\u00fa eres la zarza ardiente de Mois\u00e9sque llevas al Se\u00f1or y no te consumes.T\u00fa eres \u00abel lugar [&hellip;]<\/p>\n","protected":false},"author":1,"featured_media":0,"parent":0,"menu_order":0,"comment_status":"closed","ping_status":"closed","template":"","meta":{"footnotes":""},"class_list":["post-3668","page","type-page","status-publish","hentry"],"_links":{"self":[{"href":"https:\/\/smporres.archimadrid.es\/index.php?rest_route=\/wp\/v2\/pages\/3668","targetHints":{"allow":["GET"]}}],"collection":[{"href":"https:\/\/smporres.archimadrid.es\/index.php?rest_route=\/wp\/v2\/pages"}],"about":[{"href":"https:\/\/smporres.archimadrid.es\/index.php?rest_route=\/wp\/v2\/types\/page"}],"author":[{"embeddable":true,"href":"https:\/\/smporres.archimadrid.es\/index.php?rest_route=\/wp\/v2\/users\/1"}],"replies":[{"embeddable":true,"href":"https:\/\/smporres.archimadrid.es\/index.php?rest_route=%2Fwp%2Fv2%2Fcomments&post=3668"}],"version-history":[{"count":1,"href":"https:\/\/smporres.archimadrid.es\/index.php?rest_route=\/wp\/v2\/pages\/3668\/revisions"}],"predecessor-version":[{"id":3669,"href":"https:\/\/smporres.archimadrid.es\/index.php?rest_route=\/wp\/v2\/pages\/3668\/revisions\/3669"}],"wp:attachment":[{"href":"https:\/\/smporres.archimadrid.es\/index.php?rest_route=%2Fwp%2Fv2%2Fmedia&parent=3668"}],"curies":[{"name":"wp","href":"https:\/\/api.w.org\/{rel}","templated":true}]}}