{"id":3666,"date":"2020-06-10T14:51:22","date_gmt":"2020-06-10T12:51:22","guid":{"rendered":"https:\/\/smporres.archimadrid.es\/?page_id=3666"},"modified":"2020-06-10T14:51:22","modified_gmt":"2020-06-10T12:51:22","slug":"95-perdona-a-tu-pueblo","status":"publish","type":"page","link":"https:\/\/smporres.archimadrid.es\/?page_id=3666","title":{"rendered":"95. PERDONA A TU PUEBLO"},"content":{"rendered":"\n<p>Perdona a tu pueblo, Se\u00f1or.<br>Perdona a tu pueblo, perd\u00f3nale, Se\u00f1or.<\/p>\n\n\n\n<p>Por tu poder y amor inefable,<br>por tu misericordia entra\u00f1able,<br>perd\u00f3nanos, Se\u00f1or.<\/p>\n\n\n\n<p>Somos el pueblo que has elegido<br>y con tu sangre lo has redimido,<br>perd\u00f3nanos Se\u00f1or.<\/p>\n\n\n\n<p>Reconocemos nuestro pecado<br>que tantas veces has perdonado,<br>perd\u00f3nanos Se\u00f1or.<br>Dios de la fiel y eterna Alianza,<br>en ti ponemos nuestra esperanza,<br>perd\u00f3nanos Se\u00f1or.<\/p>\n\n\n\n<p>Desde la Cruz nos diste a tu Madre,<br>vu\u00e9lvenos al abrazo del Padre,<br>perd\u00f3nanos Se\u00f1or.<\/p>\n","protected":false},"excerpt":{"rendered":"<p>Perdona a tu pueblo, Se\u00f1or.Perdona a tu pueblo, perd\u00f3nale, Se\u00f1or. Por tu poder y amor inefable,por tu misericordia entra\u00f1able,perd\u00f3nanos, Se\u00f1or. Somos el pueblo que has elegidoy con tu sangre lo [&hellip;]<\/p>\n","protected":false},"author":1,"featured_media":0,"parent":0,"menu_order":0,"comment_status":"closed","ping_status":"closed","template":"","meta":{"footnotes":""},"class_list":["post-3666","page","type-page","status-publish","hentry"],"_links":{"self":[{"href":"https:\/\/smporres.archimadrid.es\/index.php?rest_route=\/wp\/v2\/pages\/3666","targetHints":{"allow":["GET"]}}],"collection":[{"href":"https:\/\/smporres.archimadrid.es\/index.php?rest_route=\/wp\/v2\/pages"}],"about":[{"href":"https:\/\/smporres.archimadrid.es\/index.php?rest_route=\/wp\/v2\/types\/page"}],"author":[{"embeddable":true,"href":"https:\/\/smporres.archimadrid.es\/index.php?rest_route=\/wp\/v2\/users\/1"}],"replies":[{"embeddable":true,"href":"https:\/\/smporres.archimadrid.es\/index.php?rest_route=%2Fwp%2Fv2%2Fcomments&post=3666"}],"version-history":[{"count":1,"href":"https:\/\/smporres.archimadrid.es\/index.php?rest_route=\/wp\/v2\/pages\/3666\/revisions"}],"predecessor-version":[{"id":3667,"href":"https:\/\/smporres.archimadrid.es\/index.php?rest_route=\/wp\/v2\/pages\/3666\/revisions\/3667"}],"wp:attachment":[{"href":"https:\/\/smporres.archimadrid.es\/index.php?rest_route=%2Fwp%2Fv2%2Fmedia&parent=3666"}],"curies":[{"name":"wp","href":"https:\/\/api.w.org\/{rel}","templated":true}]}}