{"id":3664,"date":"2020-06-10T14:50:36","date_gmt":"2020-06-10T12:50:36","guid":{"rendered":"https:\/\/smporres.archimadrid.es\/?page_id=3664"},"modified":"2020-06-10T14:50:36","modified_gmt":"2020-06-10T12:50:36","slug":"94-pescador-de-hombres","status":"publish","type":"page","link":"https:\/\/smporres.archimadrid.es\/?page_id=3664","title":{"rendered":"94. PESCADOR DE HOMBRES"},"content":{"rendered":"\n<p>T\u00fa has venido a la orilla,<br>no has buscado ni a sabios ni a ricos,<br>tan s\u00f3lo quieres, que yo te siga.<\/p>\n\n\n\n<p>SE\u00d1OR, ME HAS MIRADO A LOS OJOS,<br>SONRIENDO, HAS DICHO MI NOMBRE,<br>EN LA ARENA, HE DEJADO MI BARCA<br>JUNTO A TI, BUSCAR\u00c9 OTRO MAR.<\/p>\n\n\n\n<p>T\u00fa sabes bien lo que tengo<br>en mi barca, no hay oros ni espadas,<br>tan s\u00f3lo redes y mi trabajo.<\/p>\n\n\n\n<p>T\u00fa necesitas mis manos,<br>mi cansancio que a otros descanse<br>amor que quiera seguir amando.<\/p>\n\n\n\n<p>T\u00fa, pescador de otros mares,<br>ansia eterna de almas que esperan,<br>amigo bueno, que as\u00ed me llamas.<\/p>\n","protected":false},"excerpt":{"rendered":"<p>T\u00fa has venido a la orilla,no has buscado ni a sabios ni a ricos,tan s\u00f3lo quieres, que yo te siga. SE\u00d1OR, ME HAS MIRADO A LOS OJOS,SONRIENDO, HAS DICHO MI [&hellip;]<\/p>\n","protected":false},"author":1,"featured_media":0,"parent":0,"menu_order":0,"comment_status":"closed","ping_status":"closed","template":"","meta":{"footnotes":""},"class_list":["post-3664","page","type-page","status-publish","hentry"],"_links":{"self":[{"href":"https:\/\/smporres.archimadrid.es\/index.php?rest_route=\/wp\/v2\/pages\/3664","targetHints":{"allow":["GET"]}}],"collection":[{"href":"https:\/\/smporres.archimadrid.es\/index.php?rest_route=\/wp\/v2\/pages"}],"about":[{"href":"https:\/\/smporres.archimadrid.es\/index.php?rest_route=\/wp\/v2\/types\/page"}],"author":[{"embeddable":true,"href":"https:\/\/smporres.archimadrid.es\/index.php?rest_route=\/wp\/v2\/users\/1"}],"replies":[{"embeddable":true,"href":"https:\/\/smporres.archimadrid.es\/index.php?rest_route=%2Fwp%2Fv2%2Fcomments&post=3664"}],"version-history":[{"count":1,"href":"https:\/\/smporres.archimadrid.es\/index.php?rest_route=\/wp\/v2\/pages\/3664\/revisions"}],"predecessor-version":[{"id":3665,"href":"https:\/\/smporres.archimadrid.es\/index.php?rest_route=\/wp\/v2\/pages\/3664\/revisions\/3665"}],"wp:attachment":[{"href":"https:\/\/smporres.archimadrid.es\/index.php?rest_route=%2Fwp%2Fv2%2Fmedia&parent=3664"}],"curies":[{"name":"wp","href":"https:\/\/api.w.org\/{rel}","templated":true}]}}