{"id":3662,"date":"2020-06-10T14:49:49","date_gmt":"2020-06-10T12:49:49","guid":{"rendered":"https:\/\/smporres.archimadrid.es\/?page_id=3662"},"modified":"2020-06-10T14:49:49","modified_gmt":"2020-06-10T12:49:49","slug":"93-pentecostes","status":"publish","type":"page","link":"https:\/\/smporres.archimadrid.es\/?page_id=3662","title":{"rendered":"93. PENTECOST\u00c9S"},"content":{"rendered":"\n<p>SI SIENTES UN SOPLO DEL CIELO,<br>UN VIENTO QUE MUEVE LAS PUERTAS,<br>ESCUCHA LA VOZ QUE TE LLAMA,<br>TE INVITA A CAMINAR LEJOS.<br>ES FUEGO QUE NACE<br>EN QUIEN SABE ESPERAR,<br>EN QUIEN SABE NUTRIR<br>ESPERANZAS DE AMOR.<\/p>\n\n\n\n<p>Eran pobres hombres, como t\u00fa, como yo,<br>hab\u00edan echado las redes al lago,<br>recogido los impuestos a la puerta de la ciudad.<br>Que yo recuerde entre ellos no hab\u00eda ning\u00fan doctor.<br>Y aquel que llamaban Maestro<br>estaba muerto y sepultado.<\/p>\n\n\n\n<p>Ten\u00eda un coraz\u00f3n como t\u00fa, como yo,<br>que una mano de hielo oprim\u00eda,<br>ten\u00eda los ojos llenos de l\u00e1grimas.<br>Pensaban sin duda en el amigo perdido,<br>en la mujer dejada en la puerta de la casa,<br>en la cruz levantada en la cima del monte.<\/p>\n\n\n\n<p>Y el viento llam\u00f3 a la puerta de la casa,<br>entr\u00f3 como un rayo en toda la sala<br>y tuvieron ojos y el coraz\u00f3n llenos fuego,<br>salieron a la calle gritando de alegr\u00eda.<br>Hombre que esperas escondido en las sombras,<br>la voz que canta es para ti,<br>te trae la alegr\u00eda de una buena noticia:<br>\u00a1EL REINO DE DIOS HA LLEGADO YA!<\/p>\n","protected":false},"excerpt":{"rendered":"<p>SI SIENTES UN SOPLO DEL CIELO,UN VIENTO QUE MUEVE LAS PUERTAS,ESCUCHA LA VOZ QUE TE LLAMA,TE INVITA A CAMINAR LEJOS.ES FUEGO QUE NACEEN QUIEN SABE ESPERAR,EN QUIEN SABE NUTRIRESPERANZAS DE [&hellip;]<\/p>\n","protected":false},"author":1,"featured_media":0,"parent":0,"menu_order":0,"comment_status":"closed","ping_status":"closed","template":"","meta":{"footnotes":""},"class_list":["post-3662","page","type-page","status-publish","hentry"],"_links":{"self":[{"href":"https:\/\/smporres.archimadrid.es\/index.php?rest_route=\/wp\/v2\/pages\/3662","targetHints":{"allow":["GET"]}}],"collection":[{"href":"https:\/\/smporres.archimadrid.es\/index.php?rest_route=\/wp\/v2\/pages"}],"about":[{"href":"https:\/\/smporres.archimadrid.es\/index.php?rest_route=\/wp\/v2\/types\/page"}],"author":[{"embeddable":true,"href":"https:\/\/smporres.archimadrid.es\/index.php?rest_route=\/wp\/v2\/users\/1"}],"replies":[{"embeddable":true,"href":"https:\/\/smporres.archimadrid.es\/index.php?rest_route=%2Fwp%2Fv2%2Fcomments&post=3662"}],"version-history":[{"count":1,"href":"https:\/\/smporres.archimadrid.es\/index.php?rest_route=\/wp\/v2\/pages\/3662\/revisions"}],"predecessor-version":[{"id":3663,"href":"https:\/\/smporres.archimadrid.es\/index.php?rest_route=\/wp\/v2\/pages\/3662\/revisions\/3663"}],"wp:attachment":[{"href":"https:\/\/smporres.archimadrid.es\/index.php?rest_route=%2Fwp%2Fv2%2Fmedia&parent=3662"}],"curies":[{"name":"wp","href":"https:\/\/api.w.org\/{rel}","templated":true}]}}