{"id":3660,"date":"2020-06-10T14:48:55","date_gmt":"2020-06-10T12:48:55","guid":{"rendered":"https:\/\/smporres.archimadrid.es\/?page_id=3660"},"modified":"2020-06-10T14:48:55","modified_gmt":"2020-06-10T12:48:55","slug":"92-paz-en-la-tierra","status":"publish","type":"page","link":"https:\/\/smporres.archimadrid.es\/?page_id=3660","title":{"rendered":"92. PAZ EN LA TIERRA"},"content":{"rendered":"\n<p>PAZ EN LA TIERRA,<br>PAZ EN LAS ALTURAS,<br>QUE EL GOZO ETERNO REINE,<br>EN NUESTRO CORAZ\u00d3N (BIS)<\/p>\n\n\n\n<p>Da la paz, hermano, da la paz.<br>Constr\u00fayela en tu coraz\u00f3n<br>Y con tu gesto afirmar\u00e1s<br>que quieres la paz.<\/p>\n\n\n\n<p>Que tu paz, hermano, sea don;<br>es el mejor signo de amor<br>que t\u00fa nos puedes ofrecer<br>Abrazo de paz.<\/p>\n","protected":false},"excerpt":{"rendered":"<p>PAZ EN LA TIERRA,PAZ EN LAS ALTURAS,QUE EL GOZO ETERNO REINE,EN NUESTRO CORAZ\u00d3N (BIS) Da la paz, hermano, da la paz.Constr\u00fayela en tu coraz\u00f3nY con tu gesto afirmar\u00e1sque quieres la [&hellip;]<\/p>\n","protected":false},"author":1,"featured_media":0,"parent":0,"menu_order":0,"comment_status":"closed","ping_status":"closed","template":"","meta":{"footnotes":""},"class_list":["post-3660","page","type-page","status-publish","hentry"],"_links":{"self":[{"href":"https:\/\/smporres.archimadrid.es\/index.php?rest_route=\/wp\/v2\/pages\/3660","targetHints":{"allow":["GET"]}}],"collection":[{"href":"https:\/\/smporres.archimadrid.es\/index.php?rest_route=\/wp\/v2\/pages"}],"about":[{"href":"https:\/\/smporres.archimadrid.es\/index.php?rest_route=\/wp\/v2\/types\/page"}],"author":[{"embeddable":true,"href":"https:\/\/smporres.archimadrid.es\/index.php?rest_route=\/wp\/v2\/users\/1"}],"replies":[{"embeddable":true,"href":"https:\/\/smporres.archimadrid.es\/index.php?rest_route=%2Fwp%2Fv2%2Fcomments&post=3660"}],"version-history":[{"count":1,"href":"https:\/\/smporres.archimadrid.es\/index.php?rest_route=\/wp\/v2\/pages\/3660\/revisions"}],"predecessor-version":[{"id":3661,"href":"https:\/\/smporres.archimadrid.es\/index.php?rest_route=\/wp\/v2\/pages\/3660\/revisions\/3661"}],"wp:attachment":[{"href":"https:\/\/smporres.archimadrid.es\/index.php?rest_route=%2Fwp%2Fv2%2Fmedia&parent=3660"}],"curies":[{"name":"wp","href":"https:\/\/api.w.org\/{rel}","templated":true}]}}