{"id":3656,"date":"2020-06-10T14:46:01","date_gmt":"2020-06-10T12:46:01","guid":{"rendered":"https:\/\/smporres.archimadrid.es\/?page_id=3656"},"modified":"2020-06-10T14:46:01","modified_gmt":"2020-06-10T12:46:01","slug":"90-pange-lingua","status":"publish","type":"page","link":"https:\/\/smporres.archimadrid.es\/?page_id=3656","title":{"rendered":"90. PANGE LINGUA"},"content":{"rendered":"\n<p>Pange, lingua, gl\u00f3riosi c\u00f3rporis myst\u00e9rium,<br>Sanguinisque preti\u00f3si, quem in mundi pr\u00e9tium<br>fructus ventris gener\u00f3si Rex eff\u00fadit g\u00e9ntium.<\/p>\n\n\n\n<p>Nobis datus, nobis natus ex intacta V\u00edrgine,<br>et in mundo conversatus, sparso Verbi s\u00e9mine<br>sui moras incol\u00e1tus miro clausit \u00f3rdine.<\/p>\n\n\n\n<p>In supr\u00e9m\u00e6 nocte coen\u00e6 rec\u00fambens cum fr\u00e1tribus<br>observ\u00e1ta lege plene, cibis in legalibus<br>cibum turb\u00e6 duod\u00e9n\u00e6 se dat suis m\u00e1nibus.<\/p>\n\n\n\n<p>Verbum caro, panem verum, Verbo carnem \u00e9fficit,<br>fitque sanguis Christi merum, et si sensus d\u00e9ficit,<br>ad firm\u00e1ndum cor sinc\u00e9rum sola fides s\u00fafficit.<\/p>\n\n\n\n<p>Traducci\u00f3n:<br>Canta lengua el glorioso misterio del Cuerpo,<br>y de la Sangre preciosa, fruto de un vientre generoso,<br>precio del mundo derramado, por el Rey de las naciones.<\/p>\n\n\n\n<p>Para nos dado y nacido de una pur\u00edsima Virgen,<br>en el mundo convivi\u00f3, y tras sembrar su palabra,<br>de su convivencial estancia cerr\u00f3 el admirable ciclo.<\/p>\n\n\n\n<p>En la cena de la suprema noche<br>que comi\u00f3 con sus hermanos,<br>observada la ley plena, tras los consumos rituales,<br>como alimento a los doce se dio con sus propias manos.<\/p>\n\n\n\n<p>El Verbo en carne, con su verbo<br>hizo realmente el pan su Carne,<br>y el vino Sangre de Cristo:<br>y aunque el sentido no alcanza,<br>para afirmarlo al sincero coraz\u00f3n con la sola fe le basta.<\/p>\n","protected":false},"excerpt":{"rendered":"<p>Pange, lingua, gl\u00f3riosi c\u00f3rporis myst\u00e9rium,Sanguinisque preti\u00f3si, quem in mundi pr\u00e9tiumfructus ventris gener\u00f3si Rex eff\u00fadit g\u00e9ntium. Nobis datus, nobis natus ex intacta V\u00edrgine,et in mundo conversatus, sparso Verbi s\u00e9minesui moras incol\u00e1tus [&hellip;]<\/p>\n","protected":false},"author":1,"featured_media":0,"parent":0,"menu_order":0,"comment_status":"closed","ping_status":"closed","template":"","meta":{"footnotes":""},"class_list":["post-3656","page","type-page","status-publish","hentry"],"_links":{"self":[{"href":"https:\/\/smporres.archimadrid.es\/index.php?rest_route=\/wp\/v2\/pages\/3656","targetHints":{"allow":["GET"]}}],"collection":[{"href":"https:\/\/smporres.archimadrid.es\/index.php?rest_route=\/wp\/v2\/pages"}],"about":[{"href":"https:\/\/smporres.archimadrid.es\/index.php?rest_route=\/wp\/v2\/types\/page"}],"author":[{"embeddable":true,"href":"https:\/\/smporres.archimadrid.es\/index.php?rest_route=\/wp\/v2\/users\/1"}],"replies":[{"embeddable":true,"href":"https:\/\/smporres.archimadrid.es\/index.php?rest_route=%2Fwp%2Fv2%2Fcomments&post=3656"}],"version-history":[{"count":1,"href":"https:\/\/smporres.archimadrid.es\/index.php?rest_route=\/wp\/v2\/pages\/3656\/revisions"}],"predecessor-version":[{"id":3657,"href":"https:\/\/smporres.archimadrid.es\/index.php?rest_route=\/wp\/v2\/pages\/3656\/revisions\/3657"}],"wp:attachment":[{"href":"https:\/\/smporres.archimadrid.es\/index.php?rest_route=%2Fwp%2Fv2%2Fmedia&parent=3656"}],"curies":[{"name":"wp","href":"https:\/\/api.w.org\/{rel}","templated":true}]}}