{"id":3654,"date":"2020-06-10T14:44:53","date_gmt":"2020-06-10T12:44:53","guid":{"rendered":"https:\/\/smporres.archimadrid.es\/?page_id=3654"},"modified":"2020-06-10T14:44:53","modified_gmt":"2020-06-10T12:44:53","slug":"89-oh-senor-envia-tu-espiritu","status":"publish","type":"page","link":"https:\/\/smporres.archimadrid.es\/?page_id=3654","title":{"rendered":"89. OH, SE\u00d1OR, ENVIA TU ESPIRITU"},"content":{"rendered":"\n<p>OH, SE\u00d1OR, ENVIA TU ESPIRITU,<br>QUE RENUEVE LA FAZ DE LA TIERRA.<\/p>\n\n\n\n<p>Oh, Se\u00f1or, que mi alma te bendiga<br>oh, Dios, T\u00fa eres grande;<br>vestido de esplendor y belleza.<\/p>\n\n\n\n<p>Sobre el agua construyes tus moradas,<br>oh, Dios, en las alturas;<br>y en alas del viento T\u00fa caminas.<\/p>\n\n\n\n<p>Es el viento quien lleva tus mensajes,<br>oh, Dios, por los espacios;<br>y tienes un esclavo en el fuego.<\/p>\n\n\n\n<p>Con los frutos que vienen de la tierra,<br>oh, Dios, nos alimentas;<br>T\u00fa haces germinar el pan nuestro.<\/p>\n\n\n\n<p>De tu Amor, esperando est\u00e1n los hombres,<br>oh, Dios, el alimento;<br>T\u00fa abres la mano y los sacias.<\/p>\n\n\n\n<p>Les env\u00edas el Soplo de tu boca,<br>oh, Dios, y son creados;<br>renuevas la faz de la tierra.<\/p>\n","protected":false},"excerpt":{"rendered":"<p>OH, SE\u00d1OR, ENVIA TU ESPIRITU,QUE RENUEVE LA FAZ DE LA TIERRA. Oh, Se\u00f1or, que mi alma te bendigaoh, Dios, T\u00fa eres grande;vestido de esplendor y belleza. Sobre el agua construyes [&hellip;]<\/p>\n","protected":false},"author":1,"featured_media":0,"parent":0,"menu_order":0,"comment_status":"closed","ping_status":"closed","template":"","meta":{"footnotes":""},"class_list":["post-3654","page","type-page","status-publish","hentry"],"_links":{"self":[{"href":"https:\/\/smporres.archimadrid.es\/index.php?rest_route=\/wp\/v2\/pages\/3654","targetHints":{"allow":["GET"]}}],"collection":[{"href":"https:\/\/smporres.archimadrid.es\/index.php?rest_route=\/wp\/v2\/pages"}],"about":[{"href":"https:\/\/smporres.archimadrid.es\/index.php?rest_route=\/wp\/v2\/types\/page"}],"author":[{"embeddable":true,"href":"https:\/\/smporres.archimadrid.es\/index.php?rest_route=\/wp\/v2\/users\/1"}],"replies":[{"embeddable":true,"href":"https:\/\/smporres.archimadrid.es\/index.php?rest_route=%2Fwp%2Fv2%2Fcomments&post=3654"}],"version-history":[{"count":1,"href":"https:\/\/smporres.archimadrid.es\/index.php?rest_route=\/wp\/v2\/pages\/3654\/revisions"}],"predecessor-version":[{"id":3655,"href":"https:\/\/smporres.archimadrid.es\/index.php?rest_route=\/wp\/v2\/pages\/3654\/revisions\/3655"}],"wp:attachment":[{"href":"https:\/\/smporres.archimadrid.es\/index.php?rest_route=%2Fwp%2Fv2%2Fmedia&parent=3654"}],"curies":[{"name":"wp","href":"https:\/\/api.w.org\/{rel}","templated":true}]}}