{"id":3652,"date":"2020-06-10T14:43:58","date_gmt":"2020-06-10T12:43:58","guid":{"rendered":"https:\/\/smporres.archimadrid.es\/?page_id=3652"},"modified":"2020-06-10T14:43:58","modified_gmt":"2020-06-10T12:43:58","slug":"88-oh-buen-jesus","status":"publish","type":"page","link":"https:\/\/smporres.archimadrid.es\/?page_id=3652","title":{"rendered":"88. \u00a1OH BUEN JES\u00daS!"},"content":{"rendered":"\n<p>\u00a1Oh Buen Jes\u00fas! yo creo firmemente<br>que por mi bien est\u00e1s en el altar,<br>que das tu cuerpo y sangre juntamente<br>al alma fiel en celestial manjar.<br>al alma fiel en celestial manjar.<\/p>\n\n\n\n<p>Indigno soy, confieso avergonzado,<br>de recibir la Santa Comuni\u00f3n.<br>Jes\u00fas, que ves mi nada y mi pecado<br>prepara T\u00fa mi pobre coraz\u00f3n. (bis)<\/p>\n\n\n\n<p>Pequ\u00e9, Se\u00f1or: Ingrato te he vendido<br>infiel te fui: confieso mi maldad;<br>contrito ya, perd\u00f3n, Se\u00f1or, te pido:<br>eres mi Dios apelo a tu bondad. (bis)<\/p>\n\n\n\n<p>Espero en ti piadoso Jes\u00fas m\u00edo,<br>oigo tu voz que dice: ven a m\u00ed<br>porque eres fiel, por eso en ti conf\u00edo,<br>todo, Se\u00f1or, esp\u00e9rolo de ti.<\/p>\n\n\n\n<p>\u00a1Oh buen Pastor! amable y fino amante,<br>mi coraz\u00f3n se abraza en santo ardor;<br>si te olvid\u00e9, hoy juro que constante,<br>he de vivir tan solo de tu amor. (bis)<\/p>\n\n\n\n<p>Dulce man\u00e1 y celestial comida,<br>gozo y salud de quien te come bien,<br>ven sin tardar, mi Dios, mi Luz, mi Vida,<br>Desciende a m\u00ed, hasta mi pecho ven. (bis)<\/p>\n","protected":false},"excerpt":{"rendered":"<p>\u00a1Oh Buen Jes\u00fas! yo creo firmementeque por mi bien est\u00e1s en el altar,que das tu cuerpo y sangre juntamenteal alma fiel en celestial manjar.al alma fiel en celestial manjar. Indigno [&hellip;]<\/p>\n","protected":false},"author":1,"featured_media":0,"parent":0,"menu_order":0,"comment_status":"closed","ping_status":"closed","template":"","meta":{"footnotes":""},"class_list":["post-3652","page","type-page","status-publish","hentry"],"_links":{"self":[{"href":"https:\/\/smporres.archimadrid.es\/index.php?rest_route=\/wp\/v2\/pages\/3652","targetHints":{"allow":["GET"]}}],"collection":[{"href":"https:\/\/smporres.archimadrid.es\/index.php?rest_route=\/wp\/v2\/pages"}],"about":[{"href":"https:\/\/smporres.archimadrid.es\/index.php?rest_route=\/wp\/v2\/types\/page"}],"author":[{"embeddable":true,"href":"https:\/\/smporres.archimadrid.es\/index.php?rest_route=\/wp\/v2\/users\/1"}],"replies":[{"embeddable":true,"href":"https:\/\/smporres.archimadrid.es\/index.php?rest_route=%2Fwp%2Fv2%2Fcomments&post=3652"}],"version-history":[{"count":1,"href":"https:\/\/smporres.archimadrid.es\/index.php?rest_route=\/wp\/v2\/pages\/3652\/revisions"}],"predecessor-version":[{"id":3653,"href":"https:\/\/smporres.archimadrid.es\/index.php?rest_route=\/wp\/v2\/pages\/3652\/revisions\/3653"}],"wp:attachment":[{"href":"https:\/\/smporres.archimadrid.es\/index.php?rest_route=%2Fwp%2Fv2%2Fmedia&parent=3652"}],"curies":[{"name":"wp","href":"https:\/\/api.w.org\/{rel}","templated":true}]}}