{"id":3649,"date":"2020-06-10T14:42:50","date_gmt":"2020-06-10T12:42:50","guid":{"rendered":"https:\/\/smporres.archimadrid.es\/?page_id=3649"},"modified":"2020-06-10T14:42:50","modified_gmt":"2020-06-10T12:42:50","slug":"87-ofrezcan-los-cristianos","status":"publish","type":"page","link":"https:\/\/smporres.archimadrid.es\/?page_id=3649","title":{"rendered":"87. OFREZCAN LOS CRISTIANOS"},"content":{"rendered":"\n<p>Ofrezcan los cristianos ofrendas de alabanza<br>a gloria de la v\u00edctima propicia de la Pascua.<\/p>\n\n\n\n<p>Cordero sin pecado que a las ovejas salva,<br>a Dios a y los culpables uni\u00f3 con nueva alianza<\/p>\n\n\n\n<p>Lucharon vida y muerte en singular batalla,<br>y, muerto el que es la Vida, triunfante se levanta.<br>\u201c\u00bfQu\u00e9 has visto en el camino, Mar\u00eda, en la ma\u00f1ana?\u201d<br>\u201cA m\u00ed Se\u00f1or glorioso, la tumba abandonada,<br>los \u00e1ngeles testigos, sudarios y mortaja.<\/p>\n\n\n\n<p>\u00a1Resucit\u00f3 de veras mi amor y mi esperanza!<br>Venid a Galilea, all\u00ed el Se\u00f1or aguarda;<br>all\u00ed ver\u00e9is los suyos la gloria de la Pascua\u201d<\/p>\n\n\n\n<p>Primicia de los muertos, sabemos por tu gracia<br>que est\u00e1s resucitado; la muerte en ti no manda.<\/p>\n\n\n\n<p>Rey vencedor api\u00e1date de la miseria humana<br>y da a tus fieles parte en tu victoria santa.<\/p>\n","protected":false},"excerpt":{"rendered":"<p>Ofrezcan los cristianos ofrendas de alabanzaa gloria de la v\u00edctima propicia de la Pascua. Cordero sin pecado que a las ovejas salva,a Dios a y los culpables uni\u00f3 con nueva [&hellip;]<\/p>\n","protected":false},"author":1,"featured_media":0,"parent":0,"menu_order":0,"comment_status":"closed","ping_status":"closed","template":"","meta":{"footnotes":""},"class_list":["post-3649","page","type-page","status-publish","hentry"],"_links":{"self":[{"href":"https:\/\/smporres.archimadrid.es\/index.php?rest_route=\/wp\/v2\/pages\/3649","targetHints":{"allow":["GET"]}}],"collection":[{"href":"https:\/\/smporres.archimadrid.es\/index.php?rest_route=\/wp\/v2\/pages"}],"about":[{"href":"https:\/\/smporres.archimadrid.es\/index.php?rest_route=\/wp\/v2\/types\/page"}],"author":[{"embeddable":true,"href":"https:\/\/smporres.archimadrid.es\/index.php?rest_route=\/wp\/v2\/users\/1"}],"replies":[{"embeddable":true,"href":"https:\/\/smporres.archimadrid.es\/index.php?rest_route=%2Fwp%2Fv2%2Fcomments&post=3649"}],"version-history":[{"count":1,"href":"https:\/\/smporres.archimadrid.es\/index.php?rest_route=\/wp\/v2\/pages\/3649\/revisions"}],"predecessor-version":[{"id":3650,"href":"https:\/\/smporres.archimadrid.es\/index.php?rest_route=\/wp\/v2\/pages\/3649\/revisions\/3650"}],"wp:attachment":[{"href":"https:\/\/smporres.archimadrid.es\/index.php?rest_route=%2Fwp%2Fv2%2Fmedia&parent=3649"}],"curies":[{"name":"wp","href":"https:\/\/api.w.org\/{rel}","templated":true}]}}