{"id":3646,"date":"2020-06-10T14:41:43","date_gmt":"2020-06-10T12:41:43","guid":{"rendered":"https:\/\/smporres.archimadrid.es\/?page_id=3646"},"modified":"2020-06-10T14:41:43","modified_gmt":"2020-06-10T12:41:43","slug":"86-no-se-como-alabarte","status":"publish","type":"page","link":"https:\/\/smporres.archimadrid.es\/?page_id=3646","title":{"rendered":"86. NO S\u00c9 C\u00d3MO ALABARTE"},"content":{"rendered":"\n<p>No s\u00e9 c\u00f3mo alabarte, ni qu\u00e9 decir, Se\u00f1or.<br>Conf\u00edo en tu mirada que me abre el coraz\u00f3n.<br>Toma mi pobre vida que es sencilla ante ti,<br>quiere ser alabanza por lo que haces en m\u00ed.<\/p>\n\n\n\n<p>GLORIA, GLORIA A DIOS,<br>GLORIA, GLORIA A DIOS,<br>GLORIA, GLORIA A DIOS,<br>GLORIA, GLORIA A DIOS.<\/p>\n\n\n\n<p>Siento en m\u00ed tu presencia, soy como t\u00fa me ves,<br>bajas a mi miseria, me llenas de tu paz.<br>Indigno de tus dones, mas por tu gran amor,<br>tu Esp\u00edritu me llena \u00a1gracias te doy Se\u00f1or!<\/p>\n\n\n\n<p>No busqu\u00e9is a nadie\u2026<br>No mir\u00e9is a nadie\u2026<br>Porque solo \u00c9l nos puede sostener\u2026<\/p>\n","protected":false},"excerpt":{"rendered":"<p>No s\u00e9 c\u00f3mo alabarte, ni qu\u00e9 decir, Se\u00f1or.Conf\u00edo en tu mirada que me abre el coraz\u00f3n.Toma mi pobre vida que es sencilla ante ti,quiere ser alabanza por lo que haces [&hellip;]<\/p>\n","protected":false},"author":1,"featured_media":0,"parent":0,"menu_order":0,"comment_status":"closed","ping_status":"closed","template":"","meta":{"footnotes":""},"class_list":["post-3646","page","type-page","status-publish","hentry"],"_links":{"self":[{"href":"https:\/\/smporres.archimadrid.es\/index.php?rest_route=\/wp\/v2\/pages\/3646","targetHints":{"allow":["GET"]}}],"collection":[{"href":"https:\/\/smporres.archimadrid.es\/index.php?rest_route=\/wp\/v2\/pages"}],"about":[{"href":"https:\/\/smporres.archimadrid.es\/index.php?rest_route=\/wp\/v2\/types\/page"}],"author":[{"embeddable":true,"href":"https:\/\/smporres.archimadrid.es\/index.php?rest_route=\/wp\/v2\/users\/1"}],"replies":[{"embeddable":true,"href":"https:\/\/smporres.archimadrid.es\/index.php?rest_route=%2Fwp%2Fv2%2Fcomments&post=3646"}],"version-history":[{"count":1,"href":"https:\/\/smporres.archimadrid.es\/index.php?rest_route=\/wp\/v2\/pages\/3646\/revisions"}],"predecessor-version":[{"id":3647,"href":"https:\/\/smporres.archimadrid.es\/index.php?rest_route=\/wp\/v2\/pages\/3646\/revisions\/3647"}],"wp:attachment":[{"href":"https:\/\/smporres.archimadrid.es\/index.php?rest_route=%2Fwp%2Fv2%2Fmedia&parent=3646"}],"curies":[{"name":"wp","href":"https:\/\/api.w.org\/{rel}","templated":true}]}}