{"id":3644,"date":"2020-06-10T14:40:44","date_gmt":"2020-06-10T12:40:44","guid":{"rendered":"https:\/\/smporres.archimadrid.es\/?page_id=3644"},"modified":"2020-06-10T14:40:44","modified_gmt":"2020-06-10T12:40:44","slug":"85-no-podemos-caminar","status":"publish","type":"page","link":"https:\/\/smporres.archimadrid.es\/?page_id=3644","title":{"rendered":"85. NO PODEMOS CAMINAR"},"content":{"rendered":"\n<p>NO PODEMOS CAMINAR<br>CON HAMBRE BAJO EL SOL<br>DANOS SIEMPRE EL MISMO PAN;<br>TU CUERPO Y SANGRE SE\u00d1OR.<\/p>\n\n\n\n<p>Comamos todos de este pan,<br>el pan de la unidad.<br>En un cuerpo nos uni\u00f3 el Se\u00f1or<br>por medio del amor.<\/p>\n\n\n\n<p>Se\u00f1or, yo tengo sed de Ti,<br>sediento estoy de Dios;<br>pero pronto llegar\u00e9 a ver<br>el rostro del Se\u00f1or.<\/p>\n","protected":false},"excerpt":{"rendered":"<p>NO PODEMOS CAMINARCON HAMBRE BAJO EL SOLDANOS SIEMPRE EL MISMO PAN;TU CUERPO Y SANGRE SE\u00d1OR. Comamos todos de este pan,el pan de la unidad.En un cuerpo nos uni\u00f3 el Se\u00f1orpor [&hellip;]<\/p>\n","protected":false},"author":1,"featured_media":0,"parent":0,"menu_order":0,"comment_status":"closed","ping_status":"closed","template":"","meta":{"footnotes":""},"class_list":["post-3644","page","type-page","status-publish","hentry"],"_links":{"self":[{"href":"https:\/\/smporres.archimadrid.es\/index.php?rest_route=\/wp\/v2\/pages\/3644","targetHints":{"allow":["GET"]}}],"collection":[{"href":"https:\/\/smporres.archimadrid.es\/index.php?rest_route=\/wp\/v2\/pages"}],"about":[{"href":"https:\/\/smporres.archimadrid.es\/index.php?rest_route=\/wp\/v2\/types\/page"}],"author":[{"embeddable":true,"href":"https:\/\/smporres.archimadrid.es\/index.php?rest_route=\/wp\/v2\/users\/1"}],"replies":[{"embeddable":true,"href":"https:\/\/smporres.archimadrid.es\/index.php?rest_route=%2Fwp%2Fv2%2Fcomments&post=3644"}],"version-history":[{"count":1,"href":"https:\/\/smporres.archimadrid.es\/index.php?rest_route=\/wp\/v2\/pages\/3644\/revisions"}],"predecessor-version":[{"id":3645,"href":"https:\/\/smporres.archimadrid.es\/index.php?rest_route=\/wp\/v2\/pages\/3644\/revisions\/3645"}],"wp:attachment":[{"href":"https:\/\/smporres.archimadrid.es\/index.php?rest_route=%2Fwp%2Fv2%2Fmedia&parent=3644"}],"curies":[{"name":"wp","href":"https:\/\/api.w.org\/{rel}","templated":true}]}}