{"id":3642,"date":"2020-06-10T14:38:39","date_gmt":"2020-06-10T12:38:39","guid":{"rendered":"https:\/\/smporres.archimadrid.es\/?page_id=3642"},"modified":"2020-06-10T14:38:39","modified_gmt":"2020-06-10T12:38:39","slug":"84-no-adoreis-a-nadie","status":"publish","type":"page","link":"https:\/\/smporres.archimadrid.es\/?page_id=3642","title":{"rendered":"84. NO ADOR\u00c9IS A NADIE"},"content":{"rendered":"\n<p>No ador\u00e9is a nadie, a nadie m\u00e1s que a \u00c9l.<br>No ador\u00e9is a nadie, a nadie m\u00e1s que a \u00c9l.<br>No ador\u00e9is a nadie, a nadie m\u00e1s.<br>No ador\u00e9is a nadie, a nadie m\u00e1s.<br>No ador\u00e9is a nadie, a nadie m\u00e1s que a \u00c9l.<\/p>\n","protected":false},"excerpt":{"rendered":"<p>No ador\u00e9is a nadie, a nadie m\u00e1s que a \u00c9l.No ador\u00e9is a nadie, a nadie m\u00e1s que a \u00c9l.No ador\u00e9is a nadie, a nadie m\u00e1s.No ador\u00e9is a nadie, a nadie [&hellip;]<\/p>\n","protected":false},"author":1,"featured_media":0,"parent":0,"menu_order":0,"comment_status":"closed","ping_status":"closed","template":"","meta":{"footnotes":""},"class_list":["post-3642","page","type-page","status-publish","hentry"],"_links":{"self":[{"href":"https:\/\/smporres.archimadrid.es\/index.php?rest_route=\/wp\/v2\/pages\/3642","targetHints":{"allow":["GET"]}}],"collection":[{"href":"https:\/\/smporres.archimadrid.es\/index.php?rest_route=\/wp\/v2\/pages"}],"about":[{"href":"https:\/\/smporres.archimadrid.es\/index.php?rest_route=\/wp\/v2\/types\/page"}],"author":[{"embeddable":true,"href":"https:\/\/smporres.archimadrid.es\/index.php?rest_route=\/wp\/v2\/users\/1"}],"replies":[{"embeddable":true,"href":"https:\/\/smporres.archimadrid.es\/index.php?rest_route=%2Fwp%2Fv2%2Fcomments&post=3642"}],"version-history":[{"count":1,"href":"https:\/\/smporres.archimadrid.es\/index.php?rest_route=\/wp\/v2\/pages\/3642\/revisions"}],"predecessor-version":[{"id":3643,"href":"https:\/\/smporres.archimadrid.es\/index.php?rest_route=\/wp\/v2\/pages\/3642\/revisions\/3643"}],"wp:attachment":[{"href":"https:\/\/smporres.archimadrid.es\/index.php?rest_route=%2Fwp%2Fv2%2Fmedia&parent=3642"}],"curies":[{"name":"wp","href":"https:\/\/api.w.org\/{rel}","templated":true}]}}