{"id":3638,"date":"2020-06-10T14:36:31","date_gmt":"2020-06-10T12:36:31","guid":{"rendered":"https:\/\/smporres.archimadrid.es\/?page_id=3638"},"modified":"2020-06-10T14:36:31","modified_gmt":"2020-06-10T12:36:31","slug":"82-mi-alma-glorifica-al-senor","status":"publish","type":"page","link":"https:\/\/smporres.archimadrid.es\/?page_id=3638","title":{"rendered":"82. MI ALMA GLORIFICA AL SE\u00d1OR"},"content":{"rendered":"\n<p>Mi alma glorifica al Se\u00f1or mi Dios;<br>g\u00f3zase mi esp\u00edritu en mi Salvador.<br>\u00c9l es mi alegr\u00eda, es mi plenitud,<br>\u00c9l es todo para m\u00ed.<\/p>\n\n\n\n<p>Ha mirado la bajeza de su sierva,<br>muy dichosa me dir\u00e1n todos los pueblos,<br>porque en mi ha hecho grandes maravillas<br>el que todo puede y cuyo nombre es Santo.<\/p>\n\n\n\n<p>Su clemencia se derrama por los siglos<br>sobre aquellos que le temen y le aman;<br>despleg\u00f3 el gran poder de su derecha,<br>dispers\u00f3 a los que piensan que son algo.<\/p>\n\n\n\n<p>Derrib\u00f3 a los potentados de sus tronos<br>y ensalz\u00f3 a los humildes y a los pobres.<br>Los hambrientos se saciaron de sus bienes<br>y alej\u00f3 de s\u00ed, vac\u00edos, a los ricos.<\/p>\n\n\n\n<p>Acogi\u00f3 a Israel, su humilde siervo,<br>acord\u00e1ndose de la misericordia,<\/p>\n\n\n\n<p>como hab\u00eda prometido a nuestros padres,<br>a Abraham y descendencia para siempre.<\/p>\n","protected":false},"excerpt":{"rendered":"<p>Mi alma glorifica al Se\u00f1or mi Dios;g\u00f3zase mi esp\u00edritu en mi Salvador.\u00c9l es mi alegr\u00eda, es mi plenitud,\u00c9l es todo para m\u00ed. Ha mirado la bajeza de su sierva,muy dichosa [&hellip;]<\/p>\n","protected":false},"author":1,"featured_media":0,"parent":0,"menu_order":0,"comment_status":"closed","ping_status":"closed","template":"","meta":{"footnotes":""},"class_list":["post-3638","page","type-page","status-publish","hentry"],"_links":{"self":[{"href":"https:\/\/smporres.archimadrid.es\/index.php?rest_route=\/wp\/v2\/pages\/3638","targetHints":{"allow":["GET"]}}],"collection":[{"href":"https:\/\/smporres.archimadrid.es\/index.php?rest_route=\/wp\/v2\/pages"}],"about":[{"href":"https:\/\/smporres.archimadrid.es\/index.php?rest_route=\/wp\/v2\/types\/page"}],"author":[{"embeddable":true,"href":"https:\/\/smporres.archimadrid.es\/index.php?rest_route=\/wp\/v2\/users\/1"}],"replies":[{"embeddable":true,"href":"https:\/\/smporres.archimadrid.es\/index.php?rest_route=%2Fwp%2Fv2%2Fcomments&post=3638"}],"version-history":[{"count":1,"href":"https:\/\/smporres.archimadrid.es\/index.php?rest_route=\/wp\/v2\/pages\/3638\/revisions"}],"predecessor-version":[{"id":3639,"href":"https:\/\/smporres.archimadrid.es\/index.php?rest_route=\/wp\/v2\/pages\/3638\/revisions\/3639"}],"wp:attachment":[{"href":"https:\/\/smporres.archimadrid.es\/index.php?rest_route=%2Fwp%2Fv2%2Fmedia&parent=3638"}],"curies":[{"name":"wp","href":"https:\/\/api.w.org\/{rel}","templated":true}]}}