{"id":3634,"date":"2020-06-10T14:34:40","date_gmt":"2020-06-10T12:34:40","guid":{"rendered":"https:\/\/smporres.archimadrid.es\/?page_id=3634"},"modified":"2020-06-10T14:34:40","modified_gmt":"2020-06-10T12:34:40","slug":"80-me-has-seducido","status":"publish","type":"page","link":"https:\/\/smporres.archimadrid.es\/?page_id=3634","title":{"rendered":"80. ME HAS SEDUCIDO"},"content":{"rendered":"\n<p>Se\u00f1or no soy nada, por qu\u00e9 me has llamado,<br>has pasado por mi puerta y bien sabes<br>que soy pobre y soy d\u00e9bil, \u00bfpor qu\u00e9 te has fijado en m\u00ed?<\/p>\n\n\n\n<p>ME HAS SEDUCIDO SE\u00d1OR CON TU MIRADA,<br>ME HAS HABLADO AL CORAZ\u00d2N Y ME HAS QUERIDO.<br>ES IMPOSIBLE CONOCERTE Y NO AMARTE,<br>ES IMPOSIBLE AMARTE Y NO SEGUIRTE,<br>ME HAS SEDUCIDO SE\u00d1OR.<\/p>\n\n\n\n<p>Se\u00f1or, yo te sigo y quiero darte lo que pides,<br>aunque hay veces que me cuesta darlo todo,<br>T\u00fa lo sabes, yo soy tuyo, camina Se\u00f1or junto a m\u00ed.<\/p>\n\n\n\n<p>Se\u00f1or, hoy tu nombre es m\u00e1s que una palabra,<br>es tu voz que hoy resuena en mi interior<br>y me habla en el silencio. \u00bfQu\u00e9 quieres que haga por ti?<\/p>\n","protected":false},"excerpt":{"rendered":"<p>Se\u00f1or no soy nada, por qu\u00e9 me has llamado,has pasado por mi puerta y bien sabesque soy pobre y soy d\u00e9bil, \u00bfpor qu\u00e9 te has fijado en m\u00ed? ME HAS [&hellip;]<\/p>\n","protected":false},"author":1,"featured_media":0,"parent":0,"menu_order":0,"comment_status":"closed","ping_status":"closed","template":"","meta":{"footnotes":""},"class_list":["post-3634","page","type-page","status-publish","hentry"],"_links":{"self":[{"href":"https:\/\/smporres.archimadrid.es\/index.php?rest_route=\/wp\/v2\/pages\/3634","targetHints":{"allow":["GET"]}}],"collection":[{"href":"https:\/\/smporres.archimadrid.es\/index.php?rest_route=\/wp\/v2\/pages"}],"about":[{"href":"https:\/\/smporres.archimadrid.es\/index.php?rest_route=\/wp\/v2\/types\/page"}],"author":[{"embeddable":true,"href":"https:\/\/smporres.archimadrid.es\/index.php?rest_route=\/wp\/v2\/users\/1"}],"replies":[{"embeddable":true,"href":"https:\/\/smporres.archimadrid.es\/index.php?rest_route=%2Fwp%2Fv2%2Fcomments&post=3634"}],"version-history":[{"count":1,"href":"https:\/\/smporres.archimadrid.es\/index.php?rest_route=\/wp\/v2\/pages\/3634\/revisions"}],"predecessor-version":[{"id":3635,"href":"https:\/\/smporres.archimadrid.es\/index.php?rest_route=\/wp\/v2\/pages\/3634\/revisions\/3635"}],"wp:attachment":[{"href":"https:\/\/smporres.archimadrid.es\/index.php?rest_route=%2Fwp%2Fv2%2Fmedia&parent=3634"}],"curies":[{"name":"wp","href":"https:\/\/api.w.org\/{rel}","templated":true}]}}