{"id":3626,"date":"2020-06-10T14:29:03","date_gmt":"2020-06-10T12:29:03","guid":{"rendered":"https:\/\/smporres.archimadrid.es\/?page_id=3626"},"modified":"2020-06-10T14:29:03","modified_gmt":"2020-06-10T12:29:03","slug":"76-madre-oyeme","status":"publish","type":"page","link":"https:\/\/smporres.archimadrid.es\/?page_id=3626","title":{"rendered":"76. MADRE OYEME"},"content":{"rendered":"\n<p>Madre \u00f3yeme,<br>mi plegaria es un grito en la noche<br>Madre gu\u00edame<br>en la noche de mi juventud<br>Madre s\u00e1lvame,<br>mil peligros acechan mi vida<br>Madre ll\u00e9name,<br>de esperanza, de amor y de fe.<br>Madre gu\u00edame,<br>en las sombras no encuentro el camino<br>Madre ll\u00e9vame,<br>que a tu lado feliz estar\u00e9<br>Madre una flor,<br>una flor con espinas que es bella<br>Madre una amor,<br>un amor que ha empezado a nacer<br>Madre sonre\u00edr,<br>sonre\u00edr aunque llore en el alma<br>Madre construir,<br>caminar aunque vuelva a caer.<br>Madre solo soy<br>el anhelo y la carne que lucha<br>Madre tuyo soy,<br>en tus manos me vengo a poner<br>Madre \u00f3yeme,<br>mi plegaria es un grito en la noche<br>Madre gu\u00edame<br>en la noche de mi juventud.<\/p>\n","protected":false},"excerpt":{"rendered":"<p>Madre \u00f3yeme,mi plegaria es un grito en la nocheMadre gu\u00edameen la noche de mi juventudMadre s\u00e1lvame,mil peligros acechan mi vidaMadre ll\u00e9name,de esperanza, de amor y de fe.Madre gu\u00edame,en las sombras [&hellip;]<\/p>\n","protected":false},"author":1,"featured_media":0,"parent":0,"menu_order":0,"comment_status":"closed","ping_status":"closed","template":"","meta":{"footnotes":""},"class_list":["post-3626","page","type-page","status-publish","hentry"],"_links":{"self":[{"href":"https:\/\/smporres.archimadrid.es\/index.php?rest_route=\/wp\/v2\/pages\/3626","targetHints":{"allow":["GET"]}}],"collection":[{"href":"https:\/\/smporres.archimadrid.es\/index.php?rest_route=\/wp\/v2\/pages"}],"about":[{"href":"https:\/\/smporres.archimadrid.es\/index.php?rest_route=\/wp\/v2\/types\/page"}],"author":[{"embeddable":true,"href":"https:\/\/smporres.archimadrid.es\/index.php?rest_route=\/wp\/v2\/users\/1"}],"replies":[{"embeddable":true,"href":"https:\/\/smporres.archimadrid.es\/index.php?rest_route=%2Fwp%2Fv2%2Fcomments&post=3626"}],"version-history":[{"count":1,"href":"https:\/\/smporres.archimadrid.es\/index.php?rest_route=\/wp\/v2\/pages\/3626\/revisions"}],"predecessor-version":[{"id":3627,"href":"https:\/\/smporres.archimadrid.es\/index.php?rest_route=\/wp\/v2\/pages\/3626\/revisions\/3627"}],"wp:attachment":[{"href":"https:\/\/smporres.archimadrid.es\/index.php?rest_route=%2Fwp%2Fv2%2Fmedia&parent=3626"}],"curies":[{"name":"wp","href":"https:\/\/api.w.org\/{rel}","templated":true}]}}