{"id":3620,"date":"2020-06-10T14:26:34","date_gmt":"2020-06-10T12:26:34","guid":{"rendered":"https:\/\/smporres.archimadrid.es\/?page_id=3620"},"modified":"2020-06-10T14:26:34","modified_gmt":"2020-06-10T12:26:34","slug":"73-libre","status":"publish","type":"page","link":"https:\/\/smporres.archimadrid.es\/?page_id=3620","title":{"rendered":"73. LIBRE"},"content":{"rendered":"\n<p>En Egipto esclavo fui, s\u00ed, s\u00ed, oh s\u00ed.<br>En Egipto esclavo fui del rey fara\u00f3n.<br>Triste muy triste estaba,<br>Mi coraz\u00f3n gritaba: hazme libre, Se\u00f1or.<\/p>\n\n\n\n<p>Y Mois\u00e9s fue al Fara\u00f3n, s\u00ed, s\u00ed, oh s\u00ed.<br>Y Mois\u00e9s fue al fara\u00f3n y le dijo as\u00ed:<br>Deja ir a mi pueblo,<br>para rendirme culto, ha dicho el Se\u00f1or.<\/p>\n\n\n\n<p>Fara\u00f3n se enfureci\u00f3, s\u00ed, s\u00ed, oh s\u00ed.<br>Fara\u00f3n se enfureci\u00f3, no les dejo salir.<br>Dios envi\u00f3 diez plagas,<br>Desenvain\u00f3 la espada, nos dio la libertad.<\/p>\n\n\n\n<p>Libre, T\u00fa Me Hiciste Libre<br>T\u00fa Me Hiciste Libre, Libre Se\u00f1or.<\/p>\n\n\n\n<p>Ahora que libre yo soy, s\u00ed, s\u00ed, oh s\u00ed.<br>Ahora que libre yo soy, libre para Ti.<br>Quiero rendirte culto,<br>Quiero cantarte gloria, gloria a Ti Se\u00f1or.<\/p>\n\n\n\n<p>Gloria, Gloria Aleluya.<br>Gloria, Aleluya. Aleluya.<\/p>\n","protected":false},"excerpt":{"rendered":"<p>En Egipto esclavo fui, s\u00ed, s\u00ed, oh s\u00ed.En Egipto esclavo fui del rey fara\u00f3n.Triste muy triste estaba,Mi coraz\u00f3n gritaba: hazme libre, Se\u00f1or. Y Mois\u00e9s fue al Fara\u00f3n, s\u00ed, s\u00ed, oh [&hellip;]<\/p>\n","protected":false},"author":1,"featured_media":0,"parent":0,"menu_order":0,"comment_status":"closed","ping_status":"closed","template":"","meta":{"footnotes":""},"class_list":["post-3620","page","type-page","status-publish","hentry"],"_links":{"self":[{"href":"https:\/\/smporres.archimadrid.es\/index.php?rest_route=\/wp\/v2\/pages\/3620","targetHints":{"allow":["GET"]}}],"collection":[{"href":"https:\/\/smporres.archimadrid.es\/index.php?rest_route=\/wp\/v2\/pages"}],"about":[{"href":"https:\/\/smporres.archimadrid.es\/index.php?rest_route=\/wp\/v2\/types\/page"}],"author":[{"embeddable":true,"href":"https:\/\/smporres.archimadrid.es\/index.php?rest_route=\/wp\/v2\/users\/1"}],"replies":[{"embeddable":true,"href":"https:\/\/smporres.archimadrid.es\/index.php?rest_route=%2Fwp%2Fv2%2Fcomments&post=3620"}],"version-history":[{"count":1,"href":"https:\/\/smporres.archimadrid.es\/index.php?rest_route=\/wp\/v2\/pages\/3620\/revisions"}],"predecessor-version":[{"id":3621,"href":"https:\/\/smporres.archimadrid.es\/index.php?rest_route=\/wp\/v2\/pages\/3620\/revisions\/3621"}],"wp:attachment":[{"href":"https:\/\/smporres.archimadrid.es\/index.php?rest_route=%2Fwp%2Fv2%2Fmedia&parent=3620"}],"curies":[{"name":"wp","href":"https:\/\/api.w.org\/{rel}","templated":true}]}}