{"id":3618,"date":"2020-06-10T14:25:16","date_gmt":"2020-06-10T12:25:16","guid":{"rendered":"https:\/\/smporres.archimadrid.es\/?page_id=3618"},"modified":"2020-06-10T14:25:16","modified_gmt":"2020-06-10T12:25:16","slug":"72-libertador-de-nazaret","status":"publish","type":"page","link":"https:\/\/smporres.archimadrid.es\/?page_id=3618","title":{"rendered":"72. LIBERTADOR DE NAZARET"},"content":{"rendered":"\n<p>LIBERTADOR DE NAZARET,<br>VEN JUNTO A MI<br>VEN JUNTO A MI.<br>LIBERTADOR DE NAZARET,<br>\u00bfQU\u00c9 PUEDO HACER SIN TI?<\/p>\n\n\n\n<p>Dicen que eres camino,<br>Que eres la vida y la Verdad,<br>Yo s\u00e9 que el que te sigue sabe a d\u00f3nde va<br>Quiero vivir tu vida,<br>Seguir tus huellas,<br>Tener tu luz.<br>Quiero beber tu c\u00e1liz,<br>Quiero llevar tu cruz.<\/p>\n\n\n\n<p>Quiero encender mi fuego,<br>Alumbrar mi vida y seguirte a Ti.<br>Quiero escucharte siempre,<br>Quiero luchar por Ti.<br>Busco un mensaje nuevo,<br>Te necesito libertador.<br>no puedo estar sin rumbo<br>no puedo estar sin Dios.<\/p>\n","protected":false},"excerpt":{"rendered":"<p>LIBERTADOR DE NAZARET,VEN JUNTO A MIVEN JUNTO A MI.LIBERTADOR DE NAZARET,\u00bfQU\u00c9 PUEDO HACER SIN TI? Dicen que eres camino,Que eres la vida y la Verdad,Yo s\u00e9 que el que te [&hellip;]<\/p>\n","protected":false},"author":1,"featured_media":0,"parent":0,"menu_order":0,"comment_status":"closed","ping_status":"closed","template":"","meta":{"footnotes":""},"class_list":["post-3618","page","type-page","status-publish","hentry"],"_links":{"self":[{"href":"https:\/\/smporres.archimadrid.es\/index.php?rest_route=\/wp\/v2\/pages\/3618","targetHints":{"allow":["GET"]}}],"collection":[{"href":"https:\/\/smporres.archimadrid.es\/index.php?rest_route=\/wp\/v2\/pages"}],"about":[{"href":"https:\/\/smporres.archimadrid.es\/index.php?rest_route=\/wp\/v2\/types\/page"}],"author":[{"embeddable":true,"href":"https:\/\/smporres.archimadrid.es\/index.php?rest_route=\/wp\/v2\/users\/1"}],"replies":[{"embeddable":true,"href":"https:\/\/smporres.archimadrid.es\/index.php?rest_route=%2Fwp%2Fv2%2Fcomments&post=3618"}],"version-history":[{"count":1,"href":"https:\/\/smporres.archimadrid.es\/index.php?rest_route=\/wp\/v2\/pages\/3618\/revisions"}],"predecessor-version":[{"id":3619,"href":"https:\/\/smporres.archimadrid.es\/index.php?rest_route=\/wp\/v2\/pages\/3618\/revisions\/3619"}],"wp:attachment":[{"href":"https:\/\/smporres.archimadrid.es\/index.php?rest_route=%2Fwp%2Fv2%2Fmedia&parent=3618"}],"curies":[{"name":"wp","href":"https:\/\/api.w.org\/{rel}","templated":true}]}}