{"id":3614,"date":"2020-06-10T14:22:54","date_gmt":"2020-06-10T12:22:54","guid":{"rendered":"https:\/\/smporres.archimadrid.es\/?page_id=3614"},"modified":"2020-06-10T14:22:54","modified_gmt":"2020-06-10T12:22:54","slug":"70-la-virgen-suena-caminos","status":"publish","type":"page","link":"https:\/\/smporres.archimadrid.es\/?page_id=3614","title":{"rendered":"70. LA VIRGEN SUE\u00d1A CAMINOS"},"content":{"rendered":"\n<p>La Virgen sue\u00f1a caminos, est\u00e1 a la espera;<br>la Virgen sabe que el Ni\u00f1o, est\u00e1 muy cerca.<\/p>\n\n\n\n<p>De Nazaret a Bel\u00e9n hay una senda;<br>por ella van los que creen en las promesas.<\/p>\n\n\n\n<p>Los que so\u00f1\u00e1is y esper\u00e1is la Buena Nueva,<br>abrid las puertas al Ni\u00f1o, que est\u00e1 muy cerca.<\/p>\n\n\n\n<p>EL SE\u00d1OR, CERCA EST\u00c1; \u00c9L VIENE CON LA PAZ.<br>EL SE\u00d1OR, CERCA EST\u00c1: \u00c9L TRAE LA VERDAD.<\/p>\n\n\n\n<p>En estos d\u00edas del a\u00f1o, el pueblo espera<br>que venga pronto el Mes\u00edas a nuestra tierra.<\/p>\n\n\n\n<p>En la ciudad de Bel\u00e9n, llama a las puertas,<br>pregunta en las posadas, y no hay respuesta.<\/p>\n\n\n\n<p>La tarde ya lo sospecha: est\u00e1 alerta.<br>El sol le dice a la luna que no se duerma.<\/p>\n\n\n\n<p>A la ciudad de Bel\u00e9n vendr\u00e1 una estrella,<br>vendr\u00e1 con todo el que quiera cruzar fronteras.<\/p>\n","protected":false},"excerpt":{"rendered":"<p>La Virgen sue\u00f1a caminos, est\u00e1 a la espera;la Virgen sabe que el Ni\u00f1o, est\u00e1 muy cerca. De Nazaret a Bel\u00e9n hay una senda;por ella van los que creen en las [&hellip;]<\/p>\n","protected":false},"author":1,"featured_media":0,"parent":0,"menu_order":0,"comment_status":"closed","ping_status":"closed","template":"","meta":{"footnotes":""},"class_list":["post-3614","page","type-page","status-publish","hentry"],"_links":{"self":[{"href":"https:\/\/smporres.archimadrid.es\/index.php?rest_route=\/wp\/v2\/pages\/3614","targetHints":{"allow":["GET"]}}],"collection":[{"href":"https:\/\/smporres.archimadrid.es\/index.php?rest_route=\/wp\/v2\/pages"}],"about":[{"href":"https:\/\/smporres.archimadrid.es\/index.php?rest_route=\/wp\/v2\/types\/page"}],"author":[{"embeddable":true,"href":"https:\/\/smporres.archimadrid.es\/index.php?rest_route=\/wp\/v2\/users\/1"}],"replies":[{"embeddable":true,"href":"https:\/\/smporres.archimadrid.es\/index.php?rest_route=%2Fwp%2Fv2%2Fcomments&post=3614"}],"version-history":[{"count":1,"href":"https:\/\/smporres.archimadrid.es\/index.php?rest_route=\/wp\/v2\/pages\/3614\/revisions"}],"predecessor-version":[{"id":3615,"href":"https:\/\/smporres.archimadrid.es\/index.php?rest_route=\/wp\/v2\/pages\/3614\/revisions\/3615"}],"wp:attachment":[{"href":"https:\/\/smporres.archimadrid.es\/index.php?rest_route=%2Fwp%2Fv2%2Fmedia&parent=3614"}],"curies":[{"name":"wp","href":"https:\/\/api.w.org\/{rel}","templated":true}]}}