{"id":3612,"date":"2020-06-10T14:21:59","date_gmt":"2020-06-10T12:21:59","guid":{"rendered":"https:\/\/smporres.archimadrid.es\/?page_id=3612"},"modified":"2020-06-10T14:21:59","modified_gmt":"2020-06-10T12:21:59","slug":"69-la-paz-este-con-vosotros","status":"publish","type":"page","link":"https:\/\/smporres.archimadrid.es\/?page_id=3612","title":{"rendered":"69. LA PAZ EST\u00c9 CON VOSOTROS"},"content":{"rendered":"\n<p>La paz est\u00e9 con vosotros,<br>la paz est\u00e9 con vosotros,<br>la paz est\u00e9 con vosotros,<br>que con vosotros siempre,<br>siempre est\u00e9 la paz.<\/p>\n\n\n\n<p>Evenu shalom alejem,<br>evenu shalom alejem<br>evenu shalom alejem,<br>evenu shalom, shalom,<br>shalom alejem.<\/p>\n","protected":false},"excerpt":{"rendered":"<p>La paz est\u00e9 con vosotros,la paz est\u00e9 con vosotros,la paz est\u00e9 con vosotros,que con vosotros siempre,siempre est\u00e9 la paz. Evenu shalom alejem,evenu shalom alejemevenu shalom alejem,evenu shalom, shalom,shalom alejem.<\/p>\n","protected":false},"author":1,"featured_media":0,"parent":0,"menu_order":0,"comment_status":"closed","ping_status":"closed","template":"","meta":{"footnotes":""},"class_list":["post-3612","page","type-page","status-publish","hentry"],"_links":{"self":[{"href":"https:\/\/smporres.archimadrid.es\/index.php?rest_route=\/wp\/v2\/pages\/3612","targetHints":{"allow":["GET"]}}],"collection":[{"href":"https:\/\/smporres.archimadrid.es\/index.php?rest_route=\/wp\/v2\/pages"}],"about":[{"href":"https:\/\/smporres.archimadrid.es\/index.php?rest_route=\/wp\/v2\/types\/page"}],"author":[{"embeddable":true,"href":"https:\/\/smporres.archimadrid.es\/index.php?rest_route=\/wp\/v2\/users\/1"}],"replies":[{"embeddable":true,"href":"https:\/\/smporres.archimadrid.es\/index.php?rest_route=%2Fwp%2Fv2%2Fcomments&post=3612"}],"version-history":[{"count":1,"href":"https:\/\/smporres.archimadrid.es\/index.php?rest_route=\/wp\/v2\/pages\/3612\/revisions"}],"predecessor-version":[{"id":3613,"href":"https:\/\/smporres.archimadrid.es\/index.php?rest_route=\/wp\/v2\/pages\/3612\/revisions\/3613"}],"wp:attachment":[{"href":"https:\/\/smporres.archimadrid.es\/index.php?rest_route=%2Fwp%2Fv2%2Fmedia&parent=3612"}],"curies":[{"name":"wp","href":"https:\/\/api.w.org\/{rel}","templated":true}]}}