{"id":3606,"date":"2020-06-10T14:19:19","date_gmt":"2020-06-10T12:19:19","guid":{"rendered":"https:\/\/smporres.archimadrid.es\/?page_id=3606"},"modified":"2020-06-10T14:19:19","modified_gmt":"2020-06-10T12:19:19","slug":"66-juntos-como-hermanos","status":"publish","type":"page","link":"https:\/\/smporres.archimadrid.es\/?page_id=3606","title":{"rendered":"66. JUNTOS COMO HERMANOS"},"content":{"rendered":"\n<p>Juntos como hermanos, miembros de una Iglesia<br>vamos caminando, al encuentro del Se\u00f1or.<\/p>\n\n\n\n<p>Un largo caminar por el desierto bajo el sol,<br>no podemos avanzar, sin la ayuda del Se\u00f1or.<\/p>\n\n\n\n<p>Unidos al rezar, unidos en una canci\u00f3n,<br>viviremos nuestra fe con la ayuda del Se\u00f1or.<\/p>\n\n\n\n<p>La Iglesia en marcha est\u00e1, a un mundo nuevo vamos ya; donde reinar\u00e1 el amor, donde reinar\u00e1 la paz.<\/p>\n","protected":false},"excerpt":{"rendered":"<p>Juntos como hermanos, miembros de una Iglesiavamos caminando, al encuentro del Se\u00f1or. Un largo caminar por el desierto bajo el sol,no podemos avanzar, sin la ayuda del Se\u00f1or. Unidos al [&hellip;]<\/p>\n","protected":false},"author":1,"featured_media":0,"parent":0,"menu_order":0,"comment_status":"closed","ping_status":"closed","template":"","meta":{"footnotes":""},"class_list":["post-3606","page","type-page","status-publish","hentry"],"_links":{"self":[{"href":"https:\/\/smporres.archimadrid.es\/index.php?rest_route=\/wp\/v2\/pages\/3606","targetHints":{"allow":["GET"]}}],"collection":[{"href":"https:\/\/smporres.archimadrid.es\/index.php?rest_route=\/wp\/v2\/pages"}],"about":[{"href":"https:\/\/smporres.archimadrid.es\/index.php?rest_route=\/wp\/v2\/types\/page"}],"author":[{"embeddable":true,"href":"https:\/\/smporres.archimadrid.es\/index.php?rest_route=\/wp\/v2\/users\/1"}],"replies":[{"embeddable":true,"href":"https:\/\/smporres.archimadrid.es\/index.php?rest_route=%2Fwp%2Fv2%2Fcomments&post=3606"}],"version-history":[{"count":1,"href":"https:\/\/smporres.archimadrid.es\/index.php?rest_route=\/wp\/v2\/pages\/3606\/revisions"}],"predecessor-version":[{"id":3607,"href":"https:\/\/smporres.archimadrid.es\/index.php?rest_route=\/wp\/v2\/pages\/3606\/revisions\/3607"}],"wp:attachment":[{"href":"https:\/\/smporres.archimadrid.es\/index.php?rest_route=%2Fwp%2Fv2%2Fmedia&parent=3606"}],"curies":[{"name":"wp","href":"https:\/\/api.w.org\/{rel}","templated":true}]}}