{"id":3602,"date":"2020-06-10T14:15:56","date_gmt":"2020-06-10T12:15:56","guid":{"rendered":"https:\/\/smporres.archimadrid.es\/?page_id=3602"},"modified":"2020-06-10T14:15:56","modified_gmt":"2020-06-10T12:15:56","slug":"64-junto-a-ti-maria","status":"publish","type":"page","link":"https:\/\/smporres.archimadrid.es\/?page_id=3602","title":{"rendered":"64. JUNTO A TI, MAR\u00cdA"},"content":{"rendered":"\n<p>Junto a ti Mar\u00eda, como un ni\u00f1o quiero estar.<br>T\u00f3mame en tus brazos, gu\u00edame en mi caminar.<br>Quiero que me eduques, que me ense\u00f1es a rezar.<br>hazme transparente ll\u00e9name de paz.<\/p>\n\n\n\n<p>MADRE, MADRE, MADRE, MADRE (BIS)<\/p>\n\n\n\n<p>Gracias madre m\u00eda, por llevarnos a Jes\u00fas.<br>Haznos tan humildes, tan sencillos como t\u00fa.<br>Gracias, madre m\u00eda, por abrir tu coraz\u00f3n<br>porque nos congregas y nos das tu amor.<\/p>\n","protected":false},"excerpt":{"rendered":"<p>Junto a ti Mar\u00eda, como un ni\u00f1o quiero estar.T\u00f3mame en tus brazos, gu\u00edame en mi caminar.Quiero que me eduques, que me ense\u00f1es a rezar.hazme transparente ll\u00e9name de paz. MADRE, MADRE, [&hellip;]<\/p>\n","protected":false},"author":1,"featured_media":0,"parent":0,"menu_order":0,"comment_status":"closed","ping_status":"closed","template":"","meta":{"footnotes":""},"class_list":["post-3602","page","type-page","status-publish","hentry"],"_links":{"self":[{"href":"https:\/\/smporres.archimadrid.es\/index.php?rest_route=\/wp\/v2\/pages\/3602","targetHints":{"allow":["GET"]}}],"collection":[{"href":"https:\/\/smporres.archimadrid.es\/index.php?rest_route=\/wp\/v2\/pages"}],"about":[{"href":"https:\/\/smporres.archimadrid.es\/index.php?rest_route=\/wp\/v2\/types\/page"}],"author":[{"embeddable":true,"href":"https:\/\/smporres.archimadrid.es\/index.php?rest_route=\/wp\/v2\/users\/1"}],"replies":[{"embeddable":true,"href":"https:\/\/smporres.archimadrid.es\/index.php?rest_route=%2Fwp%2Fv2%2Fcomments&post=3602"}],"version-history":[{"count":1,"href":"https:\/\/smporres.archimadrid.es\/index.php?rest_route=\/wp\/v2\/pages\/3602\/revisions"}],"predecessor-version":[{"id":3603,"href":"https:\/\/smporres.archimadrid.es\/index.php?rest_route=\/wp\/v2\/pages\/3602\/revisions\/3603"}],"wp:attachment":[{"href":"https:\/\/smporres.archimadrid.es\/index.php?rest_route=%2Fwp%2Fv2%2Fmedia&parent=3602"}],"curies":[{"name":"wp","href":"https:\/\/api.w.org\/{rel}","templated":true}]}}