{"id":3598,"date":"2020-06-10T14:13:44","date_gmt":"2020-06-10T12:13:44","guid":{"rendered":"https:\/\/smporres.archimadrid.es\/?page_id=3598"},"modified":"2020-06-10T14:13:44","modified_gmt":"2020-06-10T12:13:44","slug":"62-junto-a-la-cruz-de-jesus","status":"publish","type":"page","link":"https:\/\/smporres.archimadrid.es\/?page_id=3598","title":{"rendered":"62. JUNTO A LA CRUZ DE JES\u00daS"},"content":{"rendered":"\n<p>Junto a la Cruz de Jes\u00fas estaba su Madre<br>y de pie junto a ella, el disc\u00edpulo amado.<br>Jes\u00fas poco antes de morir, al verles les llam\u00f3<br>y con todo su amor les dijo as\u00ed:<\/p>\n\n\n\n<p>\u201cMujer, ah\u00ed tienes a tu hijo,<br>ah\u00ed tienes a tu Madre\u201d<br>y desde aquel momento la tom\u00f3<br>como una entre sus cosas (bis)<\/p>\n","protected":false},"excerpt":{"rendered":"<p>Junto a la Cruz de Jes\u00fas estaba su Madrey de pie junto a ella, el disc\u00edpulo amado.Jes\u00fas poco antes de morir, al verles les llam\u00f3y con todo su amor les [&hellip;]<\/p>\n","protected":false},"author":1,"featured_media":0,"parent":0,"menu_order":0,"comment_status":"closed","ping_status":"closed","template":"","meta":{"footnotes":""},"class_list":["post-3598","page","type-page","status-publish","hentry"],"_links":{"self":[{"href":"https:\/\/smporres.archimadrid.es\/index.php?rest_route=\/wp\/v2\/pages\/3598","targetHints":{"allow":["GET"]}}],"collection":[{"href":"https:\/\/smporres.archimadrid.es\/index.php?rest_route=\/wp\/v2\/pages"}],"about":[{"href":"https:\/\/smporres.archimadrid.es\/index.php?rest_route=\/wp\/v2\/types\/page"}],"author":[{"embeddable":true,"href":"https:\/\/smporres.archimadrid.es\/index.php?rest_route=\/wp\/v2\/users\/1"}],"replies":[{"embeddable":true,"href":"https:\/\/smporres.archimadrid.es\/index.php?rest_route=%2Fwp%2Fv2%2Fcomments&post=3598"}],"version-history":[{"count":1,"href":"https:\/\/smporres.archimadrid.es\/index.php?rest_route=\/wp\/v2\/pages\/3598\/revisions"}],"predecessor-version":[{"id":3599,"href":"https:\/\/smporres.archimadrid.es\/index.php?rest_route=\/wp\/v2\/pages\/3598\/revisions\/3599"}],"wp:attachment":[{"href":"https:\/\/smporres.archimadrid.es\/index.php?rest_route=%2Fwp%2Fv2%2Fmedia&parent=3598"}],"curies":[{"name":"wp","href":"https:\/\/api.w.org\/{rel}","templated":true}]}}