{"id":3596,"date":"2020-06-10T14:12:25","date_gmt":"2020-06-10T12:12:25","guid":{"rendered":"https:\/\/smporres.archimadrid.es\/?page_id=3596"},"modified":"2020-06-10T14:12:25","modified_gmt":"2020-06-10T12:12:25","slug":"61-iglesia-peregrina","status":"publish","type":"page","link":"https:\/\/smporres.archimadrid.es\/?page_id=3596","title":{"rendered":"61. IGLESIA PEREGRINA"},"content":{"rendered":"\n<p>Todos unidos, formando un solo cuerpo,<br>un pueblo que en la Pascua naci\u00f3.<br>Miembros de Cristo en sangre redimidos,<br>Iglesia peregrina de Dios.<\/p>\n\n\n\n<p>Vive en nosotros la fuerza del Esp\u00edritu<br>que el Hijo desde el Padre envi\u00f3.<br>\u00c9l nos empuja, nos gu\u00eda y alimenta.<br>Iglesia Peregrina de Dios.<\/p>\n\n\n\n<p>SOMOS EN LA TIERRA SEMILLA DE OTRO REINO,<br>SOMOS TESTIMONIO DE AMOR.<br>PAZ PARA LAS GUERRAS Y LUZ ENTRE LAS SOMBRAS.<br>IGLESIA PEREGRINA DE DIOS. (BIS)<br>Rugen tormentas, y a veces nuestra barca<br>parece que ha perdido el tim\u00f3n.<br>Miras con miedo, no tienes confianza.<br>Iglesia peregrina de Dios.<\/p>\n\n\n\n<p>Una esperanza nos llena de alegr\u00eda:<br>presencia que el Se\u00f1or prometi\u00f3.<br>Vamos cantando, \u00c9l viene con nosotros.<br>Iglesia peregrina de Dios.<\/p>\n\n\n\n<p>Todos nacidos en un solo bautismo,<br>unidos en la misma comuni\u00f3n;<br>todos viviendo en una misma casa.<br>Iglesia peregrina de Dios.<\/p>\n\n\n\n<p>Todos prendidos en una misma suerte,<br>ligados a la misma salvaci\u00f3n.<br>Somos un cuerpo y Cristo es la cabeza<br>\u00a1Iglesia peregrina de Dios!<\/p>\n","protected":false},"excerpt":{"rendered":"<p>Todos unidos, formando un solo cuerpo,un pueblo que en la Pascua naci\u00f3.Miembros de Cristo en sangre redimidos,Iglesia peregrina de Dios. Vive en nosotros la fuerza del Esp\u00edrituque el Hijo desde [&hellip;]<\/p>\n","protected":false},"author":1,"featured_media":0,"parent":0,"menu_order":0,"comment_status":"closed","ping_status":"closed","template":"","meta":{"footnotes":""},"class_list":["post-3596","page","type-page","status-publish","hentry"],"_links":{"self":[{"href":"https:\/\/smporres.archimadrid.es\/index.php?rest_route=\/wp\/v2\/pages\/3596","targetHints":{"allow":["GET"]}}],"collection":[{"href":"https:\/\/smporres.archimadrid.es\/index.php?rest_route=\/wp\/v2\/pages"}],"about":[{"href":"https:\/\/smporres.archimadrid.es\/index.php?rest_route=\/wp\/v2\/types\/page"}],"author":[{"embeddable":true,"href":"https:\/\/smporres.archimadrid.es\/index.php?rest_route=\/wp\/v2\/users\/1"}],"replies":[{"embeddable":true,"href":"https:\/\/smporres.archimadrid.es\/index.php?rest_route=%2Fwp%2Fv2%2Fcomments&post=3596"}],"version-history":[{"count":1,"href":"https:\/\/smporres.archimadrid.es\/index.php?rest_route=\/wp\/v2\/pages\/3596\/revisions"}],"predecessor-version":[{"id":3597,"href":"https:\/\/smporres.archimadrid.es\/index.php?rest_route=\/wp\/v2\/pages\/3596\/revisions\/3597"}],"wp:attachment":[{"href":"https:\/\/smporres.archimadrid.es\/index.php?rest_route=%2Fwp%2Fv2%2Fmedia&parent=3596"}],"curies":[{"name":"wp","href":"https:\/\/api.w.org\/{rel}","templated":true}]}}