{"id":3594,"date":"2020-06-10T14:11:01","date_gmt":"2020-06-10T12:11:01","guid":{"rendered":"https:\/\/smporres.archimadrid.es\/?page_id=3594"},"modified":"2020-06-10T14:11:01","modified_gmt":"2020-06-10T12:11:01","slug":"60-iluminame-senor","status":"publish","type":"page","link":"https:\/\/smporres.archimadrid.es\/?page_id=3594","title":{"rendered":"60. ILUM\u00cdNAME, SE\u00d1OR"},"content":{"rendered":"\n<p>Ilum\u00edname, Se\u00f1or, con tu Esp\u00edritu,<br>transf\u00f3rmame Se\u00f1or, con tu Esp\u00edritu.<br>Ilum\u00edname, Se\u00f1or, con tu Esp\u00edritu,<br>Ilum\u00edname y transf\u00f3rmame, Se\u00f1or.<\/p>\n\n\n\n<p>Y D\u00c9JAME SENTIR EL FUEGO DE TU AMOR<br>AQU\u00cd EN MI CORAZ\u00d3N, SE\u00d1OR. (Bis)<\/p>\n\n\n\n<p>Resuc\u00edtame, Se\u00f1or, con tu Esp\u00edritu,<br>convi\u00e9rteme, Se\u00f1or, con tu Esp\u00edritu.<br>Resuc\u00edtame, Se\u00f1or, con tu Esp\u00edritu.<br>Resuc\u00edtame y convi\u00e9rteme, Se\u00f1or.<\/p>\n\n\n\n<p>Fortal\u00e9ceme, Se\u00f1or, con tu Esp\u00edritu,<br>consu\u00e9lame, Se\u00f1or, con tu Esp\u00edritu.<br>Fortal\u00e9ceme, Se\u00f1or, con tu Esp\u00edritu,<br>Fortal\u00e9ceme y consu\u00e9lame, Se\u00f1or.<\/p>\n","protected":false},"excerpt":{"rendered":"<p>Ilum\u00edname, Se\u00f1or, con tu Esp\u00edritu,transf\u00f3rmame Se\u00f1or, con tu Esp\u00edritu.Ilum\u00edname, Se\u00f1or, con tu Esp\u00edritu,Ilum\u00edname y transf\u00f3rmame, Se\u00f1or. Y D\u00c9JAME SENTIR EL FUEGO DE TU AMORAQU\u00cd EN MI CORAZ\u00d3N, SE\u00d1OR. (Bis) Resuc\u00edtame, [&hellip;]<\/p>\n","protected":false},"author":1,"featured_media":0,"parent":0,"menu_order":0,"comment_status":"closed","ping_status":"closed","template":"","meta":{"footnotes":""},"class_list":["post-3594","page","type-page","status-publish","hentry"],"_links":{"self":[{"href":"https:\/\/smporres.archimadrid.es\/index.php?rest_route=\/wp\/v2\/pages\/3594","targetHints":{"allow":["GET"]}}],"collection":[{"href":"https:\/\/smporres.archimadrid.es\/index.php?rest_route=\/wp\/v2\/pages"}],"about":[{"href":"https:\/\/smporres.archimadrid.es\/index.php?rest_route=\/wp\/v2\/types\/page"}],"author":[{"embeddable":true,"href":"https:\/\/smporres.archimadrid.es\/index.php?rest_route=\/wp\/v2\/users\/1"}],"replies":[{"embeddable":true,"href":"https:\/\/smporres.archimadrid.es\/index.php?rest_route=%2Fwp%2Fv2%2Fcomments&post=3594"}],"version-history":[{"count":1,"href":"https:\/\/smporres.archimadrid.es\/index.php?rest_route=\/wp\/v2\/pages\/3594\/revisions"}],"predecessor-version":[{"id":3595,"href":"https:\/\/smporres.archimadrid.es\/index.php?rest_route=\/wp\/v2\/pages\/3594\/revisions\/3595"}],"wp:attachment":[{"href":"https:\/\/smporres.archimadrid.es\/index.php?rest_route=%2Fwp%2Fv2%2Fmedia&parent=3594"}],"curies":[{"name":"wp","href":"https:\/\/api.w.org\/{rel}","templated":true}]}}