{"id":3592,"date":"2020-06-10T14:09:22","date_gmt":"2020-06-10T12:09:22","guid":{"rendered":"https:\/\/smporres.archimadrid.es\/?page_id=3592"},"modified":"2020-06-10T14:09:22","modified_gmt":"2020-06-10T12:09:22","slug":"59-hoy-te-quiero-cantar","status":"publish","type":"page","link":"https:\/\/smporres.archimadrid.es\/?page_id=3592","title":{"rendered":"59. HOY TE QUIERO CANTAR"},"content":{"rendered":"\n<p>Hoy te quiero cantar<br>hoy te quiero rezar<br>Madre m\u00eda del cielo.<br>Si en tu alma hay dolor<br>busco apoyo en tu amor<br>y hallo en ti mi consuelo.<\/p>\n\n\n\n<p>HOY TE QUIERO CANTAR,<br>HOY TE QUIERO REZAR,<br>MI PLEGARIA ES CANCI\u00d3N,<br>YO TE QUIERO OFRECER<br>LO M\u00c1S BELLO Y MEJOR<br>QUE HAY EN MI CORAZ\u00d3N (BIS).<\/p>\n\n\n\n<p>Porque tienes a Dios (2)<br>Madre todo lo puedes (2)<br>soy tu hijo tambi\u00e9n (2)<br>y por eso me quieres.<\/p>\n\n\n\n<p>Dios te quiso elegir (2)<br>como puente y camino (2)<br>une al hombre con Dios (2)<br>en abrazo divino.<\/p>\n","protected":false},"excerpt":{"rendered":"<p>Hoy te quiero cantarhoy te quiero rezarMadre m\u00eda del cielo.Si en tu alma hay dolorbusco apoyo en tu amory hallo en ti mi consuelo. HOY TE QUIERO CANTAR,HOY TE QUIERO [&hellip;]<\/p>\n","protected":false},"author":1,"featured_media":0,"parent":0,"menu_order":0,"comment_status":"closed","ping_status":"closed","template":"","meta":{"footnotes":""},"class_list":["post-3592","page","type-page","status-publish","hentry"],"_links":{"self":[{"href":"https:\/\/smporres.archimadrid.es\/index.php?rest_route=\/wp\/v2\/pages\/3592","targetHints":{"allow":["GET"]}}],"collection":[{"href":"https:\/\/smporres.archimadrid.es\/index.php?rest_route=\/wp\/v2\/pages"}],"about":[{"href":"https:\/\/smporres.archimadrid.es\/index.php?rest_route=\/wp\/v2\/types\/page"}],"author":[{"embeddable":true,"href":"https:\/\/smporres.archimadrid.es\/index.php?rest_route=\/wp\/v2\/users\/1"}],"replies":[{"embeddable":true,"href":"https:\/\/smporres.archimadrid.es\/index.php?rest_route=%2Fwp%2Fv2%2Fcomments&post=3592"}],"version-history":[{"count":1,"href":"https:\/\/smporres.archimadrid.es\/index.php?rest_route=\/wp\/v2\/pages\/3592\/revisions"}],"predecessor-version":[{"id":3593,"href":"https:\/\/smporres.archimadrid.es\/index.php?rest_route=\/wp\/v2\/pages\/3592\/revisions\/3593"}],"wp:attachment":[{"href":"https:\/\/smporres.archimadrid.es\/index.php?rest_route=%2Fwp%2Fv2%2Fmedia&parent=3592"}],"curies":[{"name":"wp","href":"https:\/\/api.w.org\/{rel}","templated":true}]}}