{"id":3590,"date":"2020-06-10T14:08:16","date_gmt":"2020-06-10T12:08:16","guid":{"rendered":"https:\/\/smporres.archimadrid.es\/?page_id=3590"},"modified":"2020-06-10T14:08:16","modified_gmt":"2020-06-10T12:08:16","slug":"58-hoy-he-vuelto","status":"publish","type":"page","link":"https:\/\/smporres.archimadrid.es\/?page_id=3590","title":{"rendered":"58. HOY HE VUELTO"},"content":{"rendered":"\n<p>Cuantas veces siendo ni\u00f1o te rec\u00e9,<br>Con mis besos te dec\u00eda que te amaba,<br>Poco a poco, con el tiempo, alej\u00e1ndome de Ti,<br>Por caminos que se alejan me perd\u00ed (bis)<\/p>\n\n\n\n<p>HOY HE VUELTO, MADRE, A RECORDAR<br>CUANTAS COSAS DIJE ANTE TU ALTAR,<br>Y AL REZARTE, PUEDO COMPRENDER,<br>QUE UNA MADRE NO SE CANSA DE ESPERAR (BIS)<\/p>\n\n\n\n<p>Al regreso, me encend\u00edas una luz,<br>Sonriendo desde lejos me esperabas,<br>En la mesa la comida a\u00fan caliente y el mantel,<br>Y tu brazo en mi alegr\u00eda de volver. (bis)<\/p>\n\n\n\n<p>Aunque el hijo se alejara del hogar,<br>Una madre siempre espera su regreso,<br>Que el regalo m\u00e1s hermoso<br>Que a los hijos da el Se\u00f1or,<br>Es tu Madre y el milagro de su amor. (bis)<\/p>\n","protected":false},"excerpt":{"rendered":"<p>Cuantas veces siendo ni\u00f1o te rec\u00e9,Con mis besos te dec\u00eda que te amaba,Poco a poco, con el tiempo, alej\u00e1ndome de Ti,Por caminos que se alejan me perd\u00ed (bis) HOY HE [&hellip;]<\/p>\n","protected":false},"author":1,"featured_media":0,"parent":0,"menu_order":0,"comment_status":"closed","ping_status":"closed","template":"","meta":{"footnotes":""},"class_list":["post-3590","page","type-page","status-publish","hentry"],"_links":{"self":[{"href":"https:\/\/smporres.archimadrid.es\/index.php?rest_route=\/wp\/v2\/pages\/3590","targetHints":{"allow":["GET"]}}],"collection":[{"href":"https:\/\/smporres.archimadrid.es\/index.php?rest_route=\/wp\/v2\/pages"}],"about":[{"href":"https:\/\/smporres.archimadrid.es\/index.php?rest_route=\/wp\/v2\/types\/page"}],"author":[{"embeddable":true,"href":"https:\/\/smporres.archimadrid.es\/index.php?rest_route=\/wp\/v2\/users\/1"}],"replies":[{"embeddable":true,"href":"https:\/\/smporres.archimadrid.es\/index.php?rest_route=%2Fwp%2Fv2%2Fcomments&post=3590"}],"version-history":[{"count":1,"href":"https:\/\/smporres.archimadrid.es\/index.php?rest_route=\/wp\/v2\/pages\/3590\/revisions"}],"predecessor-version":[{"id":3591,"href":"https:\/\/smporres.archimadrid.es\/index.php?rest_route=\/wp\/v2\/pages\/3590\/revisions\/3591"}],"wp:attachment":[{"href":"https:\/\/smporres.archimadrid.es\/index.php?rest_route=%2Fwp%2Fv2%2Fmedia&parent=3590"}],"curies":[{"name":"wp","href":"https:\/\/api.w.org\/{rel}","templated":true}]}}