{"id":3588,"date":"2020-06-10T14:07:09","date_gmt":"2020-06-10T12:07:09","guid":{"rendered":"https:\/\/smporres.archimadrid.es\/?page_id=3588"},"modified":"2020-06-10T14:07:09","modified_gmt":"2020-06-10T12:07:09","slug":"57-hoy-el-senor-resucito","status":"publish","type":"page","link":"https:\/\/smporres.archimadrid.es\/?page_id=3588","title":{"rendered":"57. HOY EL SE\u00d1OR RESUCIT\u00d3"},"content":{"rendered":"\n<p>Hoy el Se\u00f1or resucit\u00f3<br>y de la muerte nos salv\u00f3.<\/p>\n\n\n\n<p>\u00a1ALEGR\u00cdA Y PAZ, HERMANOS,<br>QUE EL SE\u00d1OR RESUCIT\u00d3!<\/p>\n\n\n\n<p>Porque esper\u00f3, Dios le libr\u00f3<br>y de la muerte lo sac\u00f3.<br>El pueblo en \u00c9l vida encontr\u00f3;<br>la esclavitud ya termin\u00f3.<\/p>\n\n\n\n<p>La luz de Dios en \u00c9l brill\u00f3,<br>la nueva vida nos llen\u00f3.<\/p>\n\n\n\n<p>Con gozo alzad el rostro a Dios,<br>que de \u00c9l nos llega la salvaci\u00f3n.<\/p>\n\n\n\n<p>Todos cantad \u00a1Aleluya!<br>Todos gritad \u00a1Aleluya!<\/p>\n","protected":false},"excerpt":{"rendered":"<p>Hoy el Se\u00f1or resucit\u00f3y de la muerte nos salv\u00f3. \u00a1ALEGR\u00cdA Y PAZ, HERMANOS,QUE EL SE\u00d1OR RESUCIT\u00d3! Porque esper\u00f3, Dios le libr\u00f3y de la muerte lo sac\u00f3.El pueblo en \u00c9l vida [&hellip;]<\/p>\n","protected":false},"author":1,"featured_media":0,"parent":0,"menu_order":0,"comment_status":"closed","ping_status":"closed","template":"","meta":{"footnotes":""},"class_list":["post-3588","page","type-page","status-publish","hentry"],"_links":{"self":[{"href":"https:\/\/smporres.archimadrid.es\/index.php?rest_route=\/wp\/v2\/pages\/3588","targetHints":{"allow":["GET"]}}],"collection":[{"href":"https:\/\/smporres.archimadrid.es\/index.php?rest_route=\/wp\/v2\/pages"}],"about":[{"href":"https:\/\/smporres.archimadrid.es\/index.php?rest_route=\/wp\/v2\/types\/page"}],"author":[{"embeddable":true,"href":"https:\/\/smporres.archimadrid.es\/index.php?rest_route=\/wp\/v2\/users\/1"}],"replies":[{"embeddable":true,"href":"https:\/\/smporres.archimadrid.es\/index.php?rest_route=%2Fwp%2Fv2%2Fcomments&post=3588"}],"version-history":[{"count":1,"href":"https:\/\/smporres.archimadrid.es\/index.php?rest_route=\/wp\/v2\/pages\/3588\/revisions"}],"predecessor-version":[{"id":3589,"href":"https:\/\/smporres.archimadrid.es\/index.php?rest_route=\/wp\/v2\/pages\/3588\/revisions\/3589"}],"wp:attachment":[{"href":"https:\/\/smporres.archimadrid.es\/index.php?rest_route=%2Fwp%2Fv2%2Fmedia&parent=3588"}],"curies":[{"name":"wp","href":"https:\/\/api.w.org\/{rel}","templated":true}]}}