{"id":3584,"date":"2020-06-10T14:05:16","date_gmt":"2020-06-10T12:05:16","guid":{"rendered":"https:\/\/smporres.archimadrid.es\/?page_id=3584"},"modified":"2020-06-10T14:05:16","modified_gmt":"2020-06-10T12:05:16","slug":"55-himno-a-san-martin-de-porres","status":"publish","type":"page","link":"https:\/\/smporres.archimadrid.es\/?page_id=3584","title":{"rendered":"55. HIMNO A SAN MART\u00cdN DE PORRES"},"content":{"rendered":"\n<p>Nuestra Parroquia aplaude con ardor<br>la santidad de un hombre tan humilde,<br>que mereci\u00f3, en vida y tras su muerte<br>ser ensalzado.<\/p>\n\n\n\n<p>SAN MART\u00cdN DE PORRES ES NUESTRO PATR\u00d3N,<br>DE \u00c9L ESPERAMOS NUESTRA PROTECCI\u00d3N (2).<\/p>\n\n\n\n<p>Horas y horas reza ante el Sant\u00edsimo,<br>ante la Virgen y ante el crucifijo.<br>En la oraci\u00f3n renueva sin cesar sus energ\u00edas.<\/p>\n\n\n\n<p>Celoso ap\u00f3stol de la juventud,<br>funda en Am\u00e9rica la Universidad.<br>Quiere lograr la formaci\u00f3n cabal de los alumnos.<\/p>\n\n\n\n<p>A sus enfermos dice con modestia:<br>\u201cYo s\u00f3lo os curo, Dios es quien os sana\u201d;<br>con la salud recobran su ilusi\u00f3n y su energ\u00eda.<\/p>\n\n\n\n<p>\u201cAmar a Dios, servir a los hermanos\u201d<br>de fray Escoba el lema siempre fue.<br>Los del servicio de limpieza se unen a nuestro canto.<\/p>\n\n\n\n<p>Todos cantamos llenos de alegr\u00eda,<br>en su alabanza y con fervor pedimos,<br>que nos ayude con sus oraciones ante el Se\u00f1or.<\/p>\n","protected":false},"excerpt":{"rendered":"<p>Nuestra Parroquia aplaude con ardorla santidad de un hombre tan humilde,que mereci\u00f3, en vida y tras su muerteser ensalzado. SAN MART\u00cdN DE PORRES ES NUESTRO PATR\u00d3N,DE \u00c9L ESPERAMOS NUESTRA PROTECCI\u00d3N [&hellip;]<\/p>\n","protected":false},"author":1,"featured_media":0,"parent":0,"menu_order":0,"comment_status":"closed","ping_status":"closed","template":"","meta":{"footnotes":""},"class_list":["post-3584","page","type-page","status-publish","hentry"],"_links":{"self":[{"href":"https:\/\/smporres.archimadrid.es\/index.php?rest_route=\/wp\/v2\/pages\/3584","targetHints":{"allow":["GET"]}}],"collection":[{"href":"https:\/\/smporres.archimadrid.es\/index.php?rest_route=\/wp\/v2\/pages"}],"about":[{"href":"https:\/\/smporres.archimadrid.es\/index.php?rest_route=\/wp\/v2\/types\/page"}],"author":[{"embeddable":true,"href":"https:\/\/smporres.archimadrid.es\/index.php?rest_route=\/wp\/v2\/users\/1"}],"replies":[{"embeddable":true,"href":"https:\/\/smporres.archimadrid.es\/index.php?rest_route=%2Fwp%2Fv2%2Fcomments&post=3584"}],"version-history":[{"count":1,"href":"https:\/\/smporres.archimadrid.es\/index.php?rest_route=\/wp\/v2\/pages\/3584\/revisions"}],"predecessor-version":[{"id":3585,"href":"https:\/\/smporres.archimadrid.es\/index.php?rest_route=\/wp\/v2\/pages\/3584\/revisions\/3585"}],"wp:attachment":[{"href":"https:\/\/smporres.archimadrid.es\/index.php?rest_route=%2Fwp%2Fv2%2Fmedia&parent=3584"}],"curies":[{"name":"wp","href":"https:\/\/api.w.org\/{rel}","templated":true}]}}