{"id":3576,"date":"2020-06-10T14:00:35","date_gmt":"2020-06-10T12:00:35","guid":{"rendered":"https:\/\/smporres.archimadrid.es\/?page_id=3576"},"modified":"2020-06-10T14:00:35","modified_gmt":"2020-06-10T12:00:35","slug":"51-gloria","status":"publish","type":"page","link":"https:\/\/smporres.archimadrid.es\/?page_id=3576","title":{"rendered":"51. GLORIA"},"content":{"rendered":"\n<p>GLORIA A DIOS EN EL CIELO Y EN LA TIERRA PAZ<br>A LOS HOMBRES QUE AMA EL SE\u00d1OR.<\/p>\n\n\n\n<p>Por tu inmensa gloria te alabamos,<br>te bendecimos, te adoramos,<br>te glorificamos, te damos gracias.<br>Se\u00f1or Dios, Rey celestial,<br>Dios Padre todopoderoso.<br>Se\u00f1or, Hijo \u00fanico, Jesucristo.<br>Se\u00f1or Dios, Cordero de Dios, Hijo del Padre.<\/p>\n\n\n\n<p>T\u00fa que quitas el pecado del mundo,<br>ten piedad de nosotros<br>T\u00fa que quitas el pecado del mundo,<br>atiende nuestras s\u00faplicas.<br>T\u00fa que est\u00e1s sentado a la derecha del Padre,<br>ten piedad de nosotros.<\/p>\n\n\n\n<p>Porque s\u00f3lo t\u00fa eres Santo, s\u00f3lo t\u00fa, Se\u00f1or,<br>s\u00f3lo t\u00fa Alt\u00edsimo Jesucristo, con el Esp\u00edritu Santo<br>en la gloria de Dios Padre.<\/p>\n\n\n\n<p>Am\u00e9n.<\/p>\n","protected":false},"excerpt":{"rendered":"<p>GLORIA A DIOS EN EL CIELO Y EN LA TIERRA PAZA LOS HOMBRES QUE AMA EL SE\u00d1OR. Por tu inmensa gloria te alabamos,te bendecimos, te adoramos,te glorificamos, te damos gracias.Se\u00f1or [&hellip;]<\/p>\n","protected":false},"author":1,"featured_media":0,"parent":0,"menu_order":0,"comment_status":"closed","ping_status":"closed","template":"","meta":{"footnotes":""},"class_list":["post-3576","page","type-page","status-publish","hentry"],"_links":{"self":[{"href":"https:\/\/smporres.archimadrid.es\/index.php?rest_route=\/wp\/v2\/pages\/3576","targetHints":{"allow":["GET"]}}],"collection":[{"href":"https:\/\/smporres.archimadrid.es\/index.php?rest_route=\/wp\/v2\/pages"}],"about":[{"href":"https:\/\/smporres.archimadrid.es\/index.php?rest_route=\/wp\/v2\/types\/page"}],"author":[{"embeddable":true,"href":"https:\/\/smporres.archimadrid.es\/index.php?rest_route=\/wp\/v2\/users\/1"}],"replies":[{"embeddable":true,"href":"https:\/\/smporres.archimadrid.es\/index.php?rest_route=%2Fwp%2Fv2%2Fcomments&post=3576"}],"version-history":[{"count":1,"href":"https:\/\/smporres.archimadrid.es\/index.php?rest_route=\/wp\/v2\/pages\/3576\/revisions"}],"predecessor-version":[{"id":3577,"href":"https:\/\/smporres.archimadrid.es\/index.php?rest_route=\/wp\/v2\/pages\/3576\/revisions\/3577"}],"wp:attachment":[{"href":"https:\/\/smporres.archimadrid.es\/index.php?rest_route=%2Fwp%2Fv2%2Fmedia&parent=3576"}],"curies":[{"name":"wp","href":"https:\/\/api.w.org\/{rel}","templated":true}]}}