{"id":3574,"date":"2020-06-10T13:59:14","date_gmt":"2020-06-10T11:59:14","guid":{"rendered":"https:\/\/smporres.archimadrid.es\/?page_id=3574"},"modified":"2020-06-10T13:59:14","modified_gmt":"2020-06-10T11:59:14","slug":"50-este-pan-y-vino","status":"publish","type":"page","link":"https:\/\/smporres.archimadrid.es\/?page_id=3574","title":{"rendered":"50. ESTE PAN Y VINO"},"content":{"rendered":"\n<p>ESTE PAN Y VINO, SE\u00d1OR,<br>SE TRANSFORMAR\u00c1N<br>EN TU CUERPO Y SANGRE, SE\u00d1OR,<br>EN NUESTRO MANJAR.<\/p>\n\n\n\n<p>Gracias al sol y al labrador,<br>en el altar florecen hoy<br>las espigas, los racimos,<br>que presentamos a Dios.<\/p>\n\n\n\n<p>Lo que sembr\u00e9 con mi dolor,<br>lo que ped\u00ed en mi oraci\u00f3n,<br>hoy son frutos, son ofrendas,<br>que presentamos a Dios.<\/p>\n","protected":false},"excerpt":{"rendered":"<p>ESTE PAN Y VINO, SE\u00d1OR,SE TRANSFORMAR\u00c1NEN TU CUERPO Y SANGRE, SE\u00d1OR,EN NUESTRO MANJAR. Gracias al sol y al labrador,en el altar florecen hoylas espigas, los racimos,que presentamos a Dios. Lo [&hellip;]<\/p>\n","protected":false},"author":1,"featured_media":0,"parent":0,"menu_order":0,"comment_status":"closed","ping_status":"closed","template":"","meta":{"footnotes":""},"class_list":["post-3574","page","type-page","status-publish","hentry"],"_links":{"self":[{"href":"https:\/\/smporres.archimadrid.es\/index.php?rest_route=\/wp\/v2\/pages\/3574","targetHints":{"allow":["GET"]}}],"collection":[{"href":"https:\/\/smporres.archimadrid.es\/index.php?rest_route=\/wp\/v2\/pages"}],"about":[{"href":"https:\/\/smporres.archimadrid.es\/index.php?rest_route=\/wp\/v2\/types\/page"}],"author":[{"embeddable":true,"href":"https:\/\/smporres.archimadrid.es\/index.php?rest_route=\/wp\/v2\/users\/1"}],"replies":[{"embeddable":true,"href":"https:\/\/smporres.archimadrid.es\/index.php?rest_route=%2Fwp%2Fv2%2Fcomments&post=3574"}],"version-history":[{"count":1,"href":"https:\/\/smporres.archimadrid.es\/index.php?rest_route=\/wp\/v2\/pages\/3574\/revisions"}],"predecessor-version":[{"id":3575,"href":"https:\/\/smporres.archimadrid.es\/index.php?rest_route=\/wp\/v2\/pages\/3574\/revisions\/3575"}],"wp:attachment":[{"href":"https:\/\/smporres.archimadrid.es\/index.php?rest_route=%2Fwp%2Fv2%2Fmedia&parent=3574"}],"curies":[{"name":"wp","href":"https:\/\/api.w.org\/{rel}","templated":true}]}}