{"id":3572,"date":"2020-06-10T13:58:23","date_gmt":"2020-06-10T11:58:23","guid":{"rendered":"https:\/\/smporres.archimadrid.es\/?page_id=3572"},"modified":"2020-06-10T13:58:23","modified_gmt":"2020-06-10T11:58:23","slug":"49-espiritu-santo-ven-ven","status":"publish","type":"page","link":"https:\/\/smporres.archimadrid.es\/?page_id=3572","title":{"rendered":"49. ESP\u00cdRITU SANTO, VEN, VEN"},"content":{"rendered":"\n<p>ESP\u00cdRITU SANTO, VEN, VEN.<br>ESP\u00cdRITU SANTO, VEN, VEN.<br>ESP\u00cdRITU SANTO, VEN, VEN,<br>EN EL NOMBRE DEL SE\u00d1OR.<\/p>\n\n\n\n<p>Acomp\u00e1\u00f1ame, ilum\u00edname toda mi vida.<br>Acomp\u00e1\u00f1ame, ilum\u00edname.<br>Esp\u00edritu Santo, ven, ven.<\/p>\n\n\n\n<p>Santif\u00edcame y transf\u00f3rmame toda mi vida.<br>Santif\u00edcame y transf\u00f3rmame.<br>Esp\u00edritu Santo, ven, ven.<\/p>\n","protected":false},"excerpt":{"rendered":"<p>ESP\u00cdRITU SANTO, VEN, VEN.ESP\u00cdRITU SANTO, VEN, VEN.ESP\u00cdRITU SANTO, VEN, VEN,EN EL NOMBRE DEL SE\u00d1OR. Acomp\u00e1\u00f1ame, ilum\u00edname toda mi vida.Acomp\u00e1\u00f1ame, ilum\u00edname.Esp\u00edritu Santo, ven, ven. Santif\u00edcame y transf\u00f3rmame toda mi vida.Santif\u00edcame y [&hellip;]<\/p>\n","protected":false},"author":1,"featured_media":0,"parent":0,"menu_order":0,"comment_status":"closed","ping_status":"closed","template":"","meta":{"footnotes":""},"class_list":["post-3572","page","type-page","status-publish","hentry"],"_links":{"self":[{"href":"https:\/\/smporres.archimadrid.es\/index.php?rest_route=\/wp\/v2\/pages\/3572","targetHints":{"allow":["GET"]}}],"collection":[{"href":"https:\/\/smporres.archimadrid.es\/index.php?rest_route=\/wp\/v2\/pages"}],"about":[{"href":"https:\/\/smporres.archimadrid.es\/index.php?rest_route=\/wp\/v2\/types\/page"}],"author":[{"embeddable":true,"href":"https:\/\/smporres.archimadrid.es\/index.php?rest_route=\/wp\/v2\/users\/1"}],"replies":[{"embeddable":true,"href":"https:\/\/smporres.archimadrid.es\/index.php?rest_route=%2Fwp%2Fv2%2Fcomments&post=3572"}],"version-history":[{"count":1,"href":"https:\/\/smporres.archimadrid.es\/index.php?rest_route=\/wp\/v2\/pages\/3572\/revisions"}],"predecessor-version":[{"id":3573,"href":"https:\/\/smporres.archimadrid.es\/index.php?rest_route=\/wp\/v2\/pages\/3572\/revisions\/3573"}],"wp:attachment":[{"href":"https:\/\/smporres.archimadrid.es\/index.php?rest_route=%2Fwp%2Fv2%2Fmedia&parent=3572"}],"curies":[{"name":"wp","href":"https:\/\/api.w.org\/{rel}","templated":true}]}}