{"id":357,"date":"2017-12-06T17:55:41","date_gmt":"2017-12-06T17:55:41","guid":{"rendered":"https:\/\/smporres.archimadrid.es\/?page_id=357"},"modified":"2018-05-28T23:51:02","modified_gmt":"2018-05-28T22:51:02","slug":"oracion","status":"publish","type":"page","link":"https:\/\/smporres.archimadrid.es\/?page_id=357","title":{"rendered":"Novena de San Mart\u00edn de Porres"},"content":{"rendered":"<h1 style=\"text-align: center;\"><strong>\u00a0SAN MARTIN DE PORRES<\/strong><br \/>\n<strong>1579-1639<\/strong><br \/>\n<strong>NOVENA<\/strong><\/h1>\n<p><b><span style=\"font-family: Verdana;\">ORACI\u00d3N PARA TODOS LOS D\u00cdAS<\/span><\/b><\/p>\n<p><span style=\"font-family: Verdana;\">\u00a1Oh Dios misericordioso, que nos disteis en el Bienaventurado Mart\u00edn un modelo perfecto de humildad, de mortificaci\u00f3n y de caridad; y sin mirar a su condici\u00f3n, sino a la fidelidad con que os serv\u00eda, le engrandecisteis hasta glorificarle en vuestro Reino, entre los coros de los \u00e1ngeles! Miradnos compasivo y hacednos sentir su intercesi\u00f3n poderosa.<\/span><\/p>\n<p>Y t\u00fa, beat\u00edsimo Mart\u00edn, que viviste s\u00f3lo para Dios y para tus semejantes; t\u00fa, que tan sol\u00edcito fuiste siempre en socorrer a los necesitados, atiende piadoso a los que, admirando tus virtudes y reconociendo tu poder, alabamos el Se\u00f1or, que tanto te ensalz\u00f3. Haznos sentir los efectos de tu gran caridad, rogando por nosotros al Se\u00f1or, que tan fielmente premi\u00f3 tus m\u00e9ritos con la eterna gloria. Am\u00e9n.<\/p>\n<p><i><span style=\"font-family: Verdana;\">Rezar a continuaci\u00f3n la meditaci\u00f3n y la oraci\u00f3n del d\u00eda que corresponda:<\/span><\/i><\/p>\n<hr \/>\n<p><span style=\"color: #990000; font-family: Verdana;\">D\u00cdA PRIMERO<\/span><a name=\"P1\"><\/a><br \/>\n<span style=\"color: #000000; font-family: Verdana;\">ORIENTACI\u00d3N<\/span><\/p>\n<p style=\"text-align: left;\"><span style=\"font-family: Verdana;\">Al instruirse el ni\u00f1o Mart\u00edn en las primeras nociones propias de su edad, comenzaba tambi\u00e9n a conocer a Dios que ya desde entonces vino a ser la raz\u00f3n y divisa de su conducta. P\u00fasose luego bajo la ense\u00f1anza de un maestro que era barbero-cirujano, que en aquel tiempo no s\u00f3lo sab\u00edan el arte propio de la barber\u00eda, sino tambi\u00e9n el de curar las enfermedades m\u00e1s Corrientes&#8230; Preve\u00eda Mart\u00edn el bien que pod\u00eda prestar a sus pr\u00f3jimos, y as\u00ed gustaba de tal oficio gozoso de poder ser un d\u00eda \u00fatil a sus semejantes. Donde se ve, c\u00f3mo la Divina Providencia iba orientando a su Siervo, prepar\u00e1ndolo para los fines a que lo destinaba.<\/span><\/p>\n<p style=\"text-align: left;\"><span style=\"font-family: Verdana;\"><br \/>\n<i>P\u00eddase la gracia que se desea.<br \/>\nUn Padrenuestro, tres Avemar\u00edas y un Gloria.<\/i><\/span><\/p>\n<p style=\"text-align: left;\"><b><span style=\"font-family: Verdana;\">Oraci\u00f3n final<\/span><\/b><\/p>\n<p style=\"text-align: left;\"><span style=\"font-family: Verdana;\">\u00a1Oh feliz Mart\u00edn, que, contento en tu condici\u00f3n de hijo de una esclava, te dejabas guiar por la mano de Dios ya en tu ni\u00f1ez; haz que nos resignemos en todo a los designios de la Providencia! A imitaci\u00f3n tuya aceptamos gustosos la voluntad del Se\u00f1or y sus designios sobre nosotros. T\u00fa nos ense\u00f1as que si somos buenos con \u00c9l, \u00c9l ser\u00e1 generoso con nosotros; he aqu\u00ed que queremos servirle fielmente. Ay\u00fadanos t\u00fa, Mart\u00edn bondadoso, y ruega por nosotros a tu amado Jes\u00fas, Dios verdadero, que con el Padre y el Esp\u00edritu Santo vive y reina por los siglos de los siglos. Am\u00e9n.<\/span><\/p>\n<hr \/>\n<p><span style=\"color: #990000; font-family: Verdana;\">D\u00cdA SEGUNDO<\/span><a name=\"P2\"><\/a><br \/>\n<span style=\"color: #000000; font-family: Verdana;\">FE EN DIOS<\/span><\/p>\n<p style=\"text-align: left;\"><span style=\"font-family: Verdana;\">Era tan firme la fe de fray Mart\u00edn, que suspiraba pidiendo a Dios la gracia de morir por defenderla. Por su parte empleaba el tiempo que le quedaba libre, en ense\u00f1ar la doctrina cristiana a los indios y negros en Lima; luego se iba a Limatambo, distante media legua de la ciudad, y a otras haciendas vecinas, donde ense\u00f1aba a los humildes trabajadores y esclavos, consol\u00e1ndolos en sus trabajos y enfermedades, e inspir\u00e1ndolos amor a la Cruz. Hubiera querido multiplicarse, para llevar a todas partes el conocimiento de Dios. El Se\u00f1or le concedi\u00f3 la gracia especial\u00edsima, de actuar al parecer a la vez en dos lugares en cuya virtud, le vemos instruyendo y consolando a los sufridos negros en el Africa y otros lugares apartados.<\/span><\/p>\n<p style=\"text-align: left;\"><i><span style=\"font-family: Verdana;\">P\u00eddase la gracia que se desea.<br \/>\nUn Padrenuestro, tres Avemar\u00edas y un Gloria.<\/span><\/i><\/p>\n<p style=\"text-align: left;\"><b><span style=\"font-family: Verdana;\">Oraci\u00f3n final<\/span><\/b><\/p>\n<p style=\"text-align: left;\"><span style=\"font-family: Verdana;\">\u00a1Oh glorioso fray Mart\u00edn, que desde tus primeros a\u00f1os aprendiste a andar por los caminos del Se\u00f1or, firme siempre tu fe en Dios, celoso por su gloria y salvaci\u00f3n de las almas; haz que vivamos esa misma fe, como hijos de Dios que somos! Ruega por nosotros, para que te imitemos en la fidelidad, y alc\u00e1nzanos las gracias particulares que sabes necesitamos, ya que tanto puedes ante nuestro Rey Jesucristo, que vive y reina por los siglos de los siglos. Am\u00e9n.<\/span><\/p>\n<hr \/>\n<p><span style=\"color: #990000; font-family: Verdana;\">D\u00cdA TERCERO<\/span><a name=\"P3\"><\/a><br \/>\n<span style=\"color: #000000; font-family: Verdana;\">MORTIFICACI\u00d3N<\/span><\/p>\n<p style=\"text-align: left;\"><span style=\"font-family: Verdana;\">Fray Mart\u00edn, no obstante el conservarse en la gracia bautismal, se consideraba el peor de los nacidos, e indigno del h\u00e1bito que llevaba; y a imitaci\u00f3n de su Santo Patriarca, oraba casi toda la noche, disciplin\u00e1ndose hasta por tres veces de un modo cruel. No perd\u00eda ocasi\u00f3n de humillarse, gozando cuando se ve\u00eda despreciado o insultado. Cuando le honraban personas distinguidas, corr\u00eda a un lugar oculto, y se disciplinaba duramente; si no se le proporcionaba lugar a prop\u00f3sito, se abofeteaba diciendo:<\/span><\/p>\n<p style=\"text-align: left;\"><span style=\"font-family: Verdana;\">-Pobre infeliz \u00bfcuando mereciste?.., No seas soberbio; bien conoces que eres un ruin, que naciste para esclavo de estos se\u00f1ores, y que s\u00f3lo por amor a Dios pueden sufrirte tantos religiosos santos.<\/span><\/p>\n<p style=\"text-align: left;\"><i><span style=\"font-family: Verdana;\">P\u00eddase la gracia que se desea.<br \/>\nUn Padrenuestro, tres Avemar\u00edas y un Gloria.<\/span><\/i><\/p>\n<p style=\"text-align: left;\"><b><span style=\"font-family: Verdana;\">Oraci\u00f3n final<\/span><\/b><\/p>\n<p style=\"text-align: left;\"><span style=\"font-family: Verdana;\">\u00a1Oh Dios misericordioso, que nos diste al humilde fray Mart\u00edn, como ejemplo de penitencia y mortificaci\u00f3n; sednos propicio y olvidad nuestras infidelidades! Y t\u00fa, pur\u00edsimo Mart\u00edn, que no s\u00f3lo sufr\u00edas resignado tus trabajos y enfermedades, sino que mortificabas duramente tu inocente cuerpo; alc\u00e1nzanos del Se\u00f1or el esp\u00edritu de penitencia, con el cual, al menos, suframos con alegr\u00eda les mortificaciones de nuestros semejantes y nuestros propios males, para que, purificados de nuestros pecados, seamos aceptables a Dios y acreedoras a tu poderosa protecci\u00f3n. Am\u00e9n.<\/span><\/p>\n<hr \/>\n<p><span style=\"color: #990000; font-family: Verdana;\">D\u00cdA CUARTO<\/span><a name=\"P4\"><\/a><br \/>\n<span style=\"color: #000000; font-family: Verdana;\">EL TAUMATURGO<\/span><\/p>\n<p style=\"text-align: left;\"><span style=\"font-family: Verdana;\">Eran continuos los prodigios del bienaventurado Mart\u00edn socorriendo necesitados y curando enfermos. Algunos eran remediados al invocarle estando ausente, y otros con s\u00f3lo tocar su ropa. Entre \u00e9stos, sucedi\u00f3 que visitando a don Mateo Pastor, que le ayudaba en el socorro de los pobres, se hallaba su se\u00f1ora, do\u00f1a Francisca V\u00e9lez, con un agud\u00edsimo dolor de costado sin conseguir aliviarse con ninguna medicina. Al llegar el Siervo de Dios, tom\u00f3 el borde de su capa y lo acerc\u00f3 a la parte dolorida, sinti\u00e9ndose enteramente sana. At\u00f3nita exclam\u00f3:<\/span><\/p>\n<p style=\"text-align: left;\"><span style=\"font-family: Verdana;\">&#8211; \u00a1 Ah! Gran Siervo de Dios es fray Mart\u00edn pues el solo contacto de su ropa me ha sanado.<\/span><\/p>\n<p style=\"text-align: left;\"><span style=\"font-family: Verdana;\">Confundido fray Mart\u00edn, le dijo:<\/span><\/p>\n<p style=\"text-align: left;\"><span style=\"font-family: Verdana;\">-Dios s\u00f3lo ha hecho esto, se\u00f1ora. D\u00e9 las gracias a Dios, pues yo soy un miserable y el mayor pecador del mundo, Dios sea bendito, que toma tan vil instrumento para consolarla a usted, y para que no pierda su valor el h\u00e1bito de mi padre Santo Domingo, aunque lo lleve tan gran pecador como yo.<\/span><\/p>\n<p style=\"text-align: left;\"><i><span style=\"font-family: Verdana;\">P\u00eddase la gracia que se desea.<br \/>\nUn Padrenuestro, tres Avemar\u00edas y un Gloria.<\/span><\/i><\/p>\n<p style=\"text-align: left;\"><b><span style=\"font-family: Verdana;\">Oraci\u00f3n final<\/span><\/b><\/p>\n<p style=\"text-align: left;\"><span style=\"font-family: Verdana;\">\u00a1Oh glorioso San Mart\u00edn; bendecimos al Se\u00f1or por el gran poder que se dign\u00f3 otorgarte concedi\u00e9ndote dominio sobre la vida y la muerte! Animados por la generosidad con que derramas los dones de Dios, recurrimos a Ti con la mayor confianza. Pide para nosotros m\u00e1s fe, m\u00e1s amor a Dios y les gracias que necesitamos. \u00a1Todo lo esperamos de tu intercesi\u00f3n! y por los m\u00e9ritos de Jesucristo Nuestro Se\u00f1or. Am\u00e9n.<\/span><\/p>\n<hr \/>\n<p><span style=\"color: #990000; font-family: Verdana;\">D\u00cdA QUINTO<\/span><a name=\"P5\"><\/a><br \/>\n<span style=\"color: #000000; font-family: Verdana;\">PADRE DE LOS POBRES<\/span><\/p>\n<p style=\"text-align: left;\"><span style=\"font-family: Verdana;\">Por la prontitud con que socorr\u00eda fray Mart\u00edn a los necesitados, le llamaban Padre de los Pobres. En multitud de casos acudi\u00f3 milagrosamente al que le llamaba, enfermo o necesitado. Entre otros, una pobre a la que \u00e9l sol\u00eda socorrer, se vio necesitada, con urgencia, de cierta cantidad. No pudiendo ir a encontrarse con el Siervo de Dios, clam\u00f3 en estos t\u00e9rminos, repetidas veces.<br \/>\n-Hermano fray Mart\u00edn, tu socorro me falta, y no puedo participarte la gran aflicci\u00f3n en que me hallo.<\/span><\/p>\n<p style=\"text-align: left;\"><span style=\"font-family: Verdana;\">Al cabo de una hora se presenta el caritativo bienhechor, precisamente con la cantidad que ella necesitaba, dici\u00e9ndole que no se afligiese pues Dios conoc\u00eda las necesidades de los pobres y sab\u00eda remediarlas.<\/span><\/p>\n<p style=\"text-align: left;\"><i><span style=\"font-family: Verdana;\">P\u00eddase la gracia que se desea.<br \/>\nUn Padrenuestro, tres Avemar\u00edas y un Gloria.<\/span><\/i><\/p>\n<p style=\"text-align: left;\"><b><span style=\"font-family: Verdana;\">Oraci\u00f3n final<\/span><\/b><\/p>\n<p style=\"text-align: left;\"><span style=\"font-family: Verdana;\">Glorioso San Mart\u00edn, siempre compasivo, padre de los pobres y necesitados; m\u00edranos con piedad y ruega siempre por nosotros, que te invocamos con fe absoluta en tu bondad y en tu poder. No nos olvides ante este Dios, a quien siempre serviste y adoraste. Padre, Hijo y Esp\u00edritu Santo, a quien nosotros tambi\u00e9n queremos servir y adorar ahora y por toda la Eternidad. Am\u00e9n.<\/span><\/p>\n<hr \/>\n<p><span style=\"color: #990000; font-family: Verdana;\">D\u00cdA SEXTO<\/span><a name=\"P6\"><\/a><br \/>\n<span style=\"color: #000000; font-family: Verdana;\">AMOR DE DIOS<\/span><\/p>\n<p style=\"text-align: left;\"><span style=\"font-family: Verdana;\">Todo cuanto fray Mart\u00edn hac\u00eda en sus pr\u00e1cticas y obligaciones y en relaci\u00f3n con sus semejantes, era efecto de su amor a Dios. Cuando oraba, pues, se hallaba como en su centro: con frecuencia perd\u00eda el uso de los sentidos, quedando largo rato en \u00e9xtasis. Muchos testigos dieron testimonio, de haberle visto repetidas veces elevado algunas varas sobre el suelo, en su celda, en la Iglesia, y en la sala capitular conversando con la imagen de Cristo Crucificado. Si a esto a\u00f1adimos la sublimidad del momento en que recib\u00eda a Jes\u00fas Sacramentado en que se sent\u00eda como en una gloria anticipada, conversando \u00edntimamente con su Dios, no nos extra\u00f1ar\u00e1 el que, aceptando Dios tan grande amor, hiciera tan poderoso a su fiel y amante Siervo.<\/span><\/p>\n<p style=\"text-align: left;\"><i><span style=\"font-family: Verdana;\">P\u00eddase la gracia que se desea.<br \/>\nUn Padrenuestro, tres Avemar\u00edas y un Gloria.<\/span><\/i><\/p>\n<p style=\"text-align: left;\"><b><span style=\"font-family: Verdana;\">Oraci\u00f3n final<\/span><\/b><\/p>\n<p style=\"text-align: left;\"><span style=\"font-family: Verdana;\">\u00a1Oh Dios m\u00edo, que tan generoso sois con quien os ama con sinceridad de coraz\u00f3n; os amarnos, pero deseamos amaros m\u00e1s y m\u00e1s! Haced que por intercesi\u00f3n de San Mart\u00edn, aumente nuestro amor a Vos. Y t\u00fa, Mart\u00edn bendit\u00edsimo, ruega por nosotros, alc\u00e1nzanos el amor puro de Dios, que nos har\u00e1 dulce el vivir seg\u00fan su ley. Cons\u00edguenos tambi\u00e9n las dem\u00e1s gracias que sabes necesitamos y esper\u00e1ramos por tu intercesi\u00f3n poderosa y los m\u00e9ritos de Nuestro Se\u00f1or. Am\u00e9n.<\/span><\/p>\n<hr \/>\n<p><span style=\"color: #990000; font-family: Verdana;\">D\u00cdA S\u00c9PTIMO<\/span><a name=\"P7\"><\/a><br \/>\n<span style=\"color: #000000; font-family: Verdana;\">AL CIELO<\/span><\/p>\n<p style=\"text-align: left;\"><span style=\"font-family: Verdana;\">Revel\u00f3 Dios al bienaventurado Mart\u00edn el d\u00eda y hora de su muerte mostr\u00e1ndose \u00e9l, desde entonces, m\u00e1s jovial y contento.<\/span><\/p>\n<p style=\"text-align: left;\"><span style=\"font-family: Verdana;\">Cay\u00f3 enfermo, y ya no pens\u00f3 m\u00e1s que en su Dios, sobre todo despu\u00e9s de recibir el Santo Vi\u00e1tico, sin engre\u00edrle las visitas que llegaban a su penitente lecho de tablas. Autoridades, prelados, dignidades eclesi\u00e1sticas y hasta el mismo Virrey Don Luis Fern\u00e1ndez de Bobadilla, iban a dar sus \u00faltimos encargos para el Cielo a aquel humild\u00edsimo siervo fiel, que con frecuencia estaba en \u00e9xtasis, arrobado en el amor de Dios, a quien siempre hab\u00eda servido.<\/span><\/p>\n<p style=\"text-align: left;\"><span style=\"font-family: Verdana;\">Se cant\u00f3 el credo y al decir aquellas palabras \u00abse encarn\u00f3 por el Esp\u00edritu Santo de la Virgen Mar\u00eda y se hizo hombre\u00bb, acerc\u00f3 al pecho el Crucifijo que ten\u00eda en sus manos, y cerr\u00f3 suavemente los ojos. Todos lloraban.. El Arzobispo exclam\u00f3: Aprendamos a morir.<\/span><\/p>\n<p style=\"text-align: left;\"><i><span style=\"font-family: Verdana;\">P\u00eddase la gracia que se desea.<br \/>\nUn Padrenuestro, tres Avemar\u00edas y un Gloria.<\/span><\/i><\/p>\n<p style=\"text-align: left;\"><b><span style=\"font-family: Verdana;\">Oraci\u00f3n final<\/span><\/b><\/p>\n<p style=\"text-align: left;\"><span style=\"font-family: Verdana;\">\u00a1Oh dichoso San Mart\u00edn, que viste coronados tus trabajos, tus mortificaciones, tu caridad y tu amor a Dios con una muerte feliz!, \u00a1ten compasi\u00f3n de nosotros! Todos te lloran. Los necesitados y enfermos creen perder un padre compasivo y el remedio de sus males, y dan rienda a su dolor llorando tu muerte; pero luego ven que t\u00fa no los abandonas; te llaman y t\u00fa sigues socorri\u00e9ndolos y aliviando sus males. El estar m\u00e1s cerca del Se\u00f1or, glorioso San Mart\u00edn ha aumentado tu poder. Oye, pues, tambi\u00e9n nuestras humildes s\u00faplicas, pidiendo al Se\u00f1or por nosotros para que atienda nuestros ruegos. Y que nuestra muerte sea la de los justos por tu intercesi\u00f3n y los m\u00e9ritos de Nuestro Se\u00f1or Jesucristo. Am\u00e9n.<\/span><\/p>\n<hr \/>\n<p><span style=\"color: #990000; font-family: Verdana;\">D\u00cdA OCTAVO<\/span><a name=\"P8\"><\/a><br \/>\n<span style=\"color: #000000; font-family: Verdana;\">DESPU\u00c9S DEL TRANSITO<\/span><\/p>\n<p style=\"text-align: left;\"><span style=\"font-family: Verdana;\">Despu\u00e9s de la muerte de fray Mart\u00edn, los milagros se multiplican. El propio Notario del proceso, don Francisco Blanca, se hallaba con una llega en un pie, con gran hinchaz\u00f3n en la pierna y grandes dolores. Ten\u00eda que actuar al d\u00eda siguiente. Invoc\u00f3 al Santo y al momento qued\u00f3se dormido; al amanecer se hall\u00f3 perfectamente bien, sin hinchaz\u00f3n, y la llaga seca y sana.<\/span><\/p>\n<p style=\"text-align: left;\"><span style=\"font-family: Verdana;\">Entre otros prodigios, fueron muchos los casos de se\u00f1oras que, no pudiendo naturalmente dar a luz lo consiguieron con felicidad al encomendarse al Siervo de Dios fray Mart\u00edn. As\u00ed aconteci\u00f3 a una esclava de do\u00f1a Isabel Ortiz de Torres, a do\u00f1a Mar\u00eda Beltr\u00e1n, otra se\u00f1ora de Arequipa, desahuciada de los m\u00e9dicos, a la que aplicaron una carta de fray Mart\u00edn, y particularmente, a do\u00f1a Graciana Farf\u00e1n de los Godos, a quien libr\u00f3 de una infecci\u00f3n y muerte segura.<\/span><\/p>\n<p style=\"text-align: left;\"><i><span style=\"font-family: Verdana;\">P\u00eddase la gracia que se desea.<br \/>\nUn Padrenuestro, tres Avemar\u00edas y un Gloria.<\/span><\/i><\/p>\n<p style=\"text-align: left;\"><b><span style=\"font-family: Verdana;\">Oraci\u00f3n final<\/span><\/b><\/p>\n<p style=\"text-align: left;\"><span style=\"font-family: Verdana;\">\u00a1Oh bienaventurado Mart\u00edn! Si, en la tierra viv\u00edas s\u00f3lo para Dios y para tus semejantes, hoy, que te hallas ya junto al trono de la bondad y la misericordia, puedes disponer mejor de sus tesoros. Si aqu\u00ed conoc\u00edas donde estaba la necesidad para remediarla, mejor la ves desde el Cielo donde moras. Mira, pues, Mart\u00edn bondadoso, a los que a ti acudimos con la segura confianza de ser o\u00eddos. No defraudes las esperanzas de los que nos gozamos en verte ensalzado en la tierra, como Dios te ensalz\u00f3 llev\u00e1ndote a su gloria.<\/span><\/p>\n<hr \/>\n<p><span style=\"color: #990000; font-family: Verdana;\">D\u00cdA NOVENO<\/span><a name=\"P9\"><\/a><br \/>\n<span style=\"color: #000000; font-family: Verdana;\">APOTEOSIS<\/span><\/p>\n<p style=\"text-align: left;\"><span style=\"font-family: Verdana;\">Examinada en Roma la portentosa vida del Siervo de Dios fray Mart\u00edn y a instancia del Rey Felipe IV y de todos los elementos vitales de la ciudad de Lima, envi\u00f3 el Pont\u00edfice las cartas remisoriales, nombrando jueces apost\u00f3licos para formar el proceso solemne. Se comunic\u00f3 a la ciudad tan fausta noticia en la Catedral, en solemne funci\u00f3n, con asistencia del Virrey, Arzobispo, dem\u00e1s autoridades civiles, militares y eclesi\u00e1sticas e inmensidad de p\u00fablico que no cab\u00eda en el gran templo; todos derraman copiosas l\u00e1grimas de gozo, pues se acercaba el tiempo de ver beatificado y canonizado a su querido fray Mart\u00edn. Unos y otros refer\u00edan sus virtudes y los milagros obrados por Dios para confirmar el concepto de Santo en que todos le ten\u00edan.<\/span><\/p>\n<p style=\"text-align: left;\"><span style=\"font-family: Verdana;\">Hecho el proceso, y firmado por m\u00e1s de ciento sesenta testigos de hechos milagrosos, se cerr\u00f3 y sell\u00f3 ante el pueblo. Emocionado el Arzobispo derramando abundantes l\u00e1grimas, dijo: As\u00ed honra Dios a este hombre de color que supo servirle y amarle de coraz\u00f3n.<\/span><\/p>\n<p style=\"text-align: left;\"><span style=\"font-family: Verdana;\">El 29 de octubre de 1837 fue beatificado por el Papa Gregorio XVI.<br \/>\nLa gloriosa canonizaci\u00f3n ha sido el digno remate de un laborioso trabajo intensificado en los \u00faltimos treinta a\u00f1os. S. S. Juan XXIII inscribi\u00f3 en el cat\u00e1logo de los santos a fray Mart\u00edn, el 6 de mayo de 1962.<\/span><\/p>\n<p style=\"text-align: left;\"><i><span style=\"font-family: Verdana;\">P\u00eddase la gracia que se desea.<br \/>\nUn Padrenuestro, tres Avemar\u00edas y un Gloria.<\/span><\/i><\/p>\n<p style=\"text-align: left;\"><b><span style=\"font-family: Verdana;\">Oraci\u00f3n final<\/span><\/b><\/p>\n<p style=\"text-align: left;\"><span style=\"font-family: Verdana;\">\u00a1Oh Dios, que tan gloriosamente levantas a los abatidos y humildes, y tan generosamente premias el sufrimiento y la caridad! Miradnos postrados ante Vos y glorificad a vuestro humilde siervo San Mart\u00edn, atendi\u00e9ndonos en nuestras s\u00faplicas. Y t\u00fa, hermano nuestro bendit\u00edsimo, que ya te ves glorificado ante el trono del Se\u00f1or, ru\u00e9gale por nosotros, tanto m\u00e1s dignos de compasi\u00f3n cuanto m\u00e1s necesitados. Cons\u00edguenos las gracias que te pedimos, y que un d\u00eda logremos la gloria del cielo, donde vives bendiciendo a Dios en compa\u00f1\u00eda de los Angeles y Santos por toda la eternidad. Am\u00e9n.<\/span><\/p>\n<hr align=\"LEFT\" noshade=\"noshade\" width=\"50%\" \/>\n<p><a name=\"N1\"><\/a><span style=\"font-family: Verdana;\">El autor de esta novena es E. P\u00e9rez Hermida y fue publicada en un folleto por el \u00abSecretariado Mart\u00edn de Porres\u00bb de Palencia. (Espa\u00f1a).<\/span><\/p>\n","protected":false},"excerpt":{"rendered":"<p>\u00a0SAN MARTIN DE PORRES 1579-1639 NOVENA ORACI\u00d3N PARA TODOS LOS D\u00cdAS \u00a1Oh Dios misericordioso, que nos disteis en el Bienaventurado Mart\u00edn un modelo perfecto de humildad, de mortificaci\u00f3n y de [&hellip;]<\/p>\n","protected":false},"author":1,"featured_media":712,"parent":0,"menu_order":0,"comment_status":"closed","ping_status":"closed","template":"","meta":{"footnotes":""},"class_list":["post-357","page","type-page","status-publish","has-post-thumbnail","hentry"],"_links":{"self":[{"href":"https:\/\/smporres.archimadrid.es\/index.php?rest_route=\/wp\/v2\/pages\/357","targetHints":{"allow":["GET"]}}],"collection":[{"href":"https:\/\/smporres.archimadrid.es\/index.php?rest_route=\/wp\/v2\/pages"}],"about":[{"href":"https:\/\/smporres.archimadrid.es\/index.php?rest_route=\/wp\/v2\/types\/page"}],"author":[{"embeddable":true,"href":"https:\/\/smporres.archimadrid.es\/index.php?rest_route=\/wp\/v2\/users\/1"}],"replies":[{"embeddable":true,"href":"https:\/\/smporres.archimadrid.es\/index.php?rest_route=%2Fwp%2Fv2%2Fcomments&post=357"}],"version-history":[{"count":8,"href":"https:\/\/smporres.archimadrid.es\/index.php?rest_route=\/wp\/v2\/pages\/357\/revisions"}],"predecessor-version":[{"id":1375,"href":"https:\/\/smporres.archimadrid.es\/index.php?rest_route=\/wp\/v2\/pages\/357\/revisions\/1375"}],"wp:featuredmedia":[{"embeddable":true,"href":"https:\/\/smporres.archimadrid.es\/index.php?rest_route=\/wp\/v2\/media\/712"}],"wp:attachment":[{"href":"https:\/\/smporres.archimadrid.es\/index.php?rest_route=%2Fwp%2Fv2%2Fmedia&parent=357"}],"curies":[{"name":"wp","href":"https:\/\/api.w.org\/{rel}","templated":true}]}}