{"id":3568,"date":"2020-06-10T13:54:42","date_gmt":"2020-06-10T11:54:42","guid":{"rendered":"https:\/\/smporres.archimadrid.es\/?page_id=3568"},"modified":"2020-06-10T13:54:42","modified_gmt":"2020-06-10T11:54:42","slug":"47-envia-senor-tu-espiritu","status":"publish","type":"page","link":"https:\/\/smporres.archimadrid.es\/?page_id=3568","title":{"rendered":"47. ENV\u00cdA SE\u00d1OR, TU ESP\u00cdRITU."},"content":{"rendered":"\n<p>ENV\u00cdA SE\u00d1OR, TU ESP\u00cdRITU<br>QUE RENUEVE NUESTROS CORAZONES.<\/p>\n\n\n\n<p>Env\u00edanos, Se\u00f1or, tu luz y tu calor,<br>que alumbre nuestros pasos,<br>que encienda nuestro amor.<br>Env\u00edanos tu Esp\u00edritu,<br>y un rayo de tu luz<br>encienda nuestras vidas<br>en llamas de virtud.<\/p>\n\n\n\n<p>Env\u00edanos, Se\u00f1or, la luz de tu verdad,<br>que alumbre tantas sombras<br>de nuestro caminar<br>env\u00edanos tu Esp\u00edritu, su don renovador,<br>engendre nuevos hombres<br>con nuevo coraz\u00f3n.<\/p>\n","protected":false},"excerpt":{"rendered":"<p>ENV\u00cdA SE\u00d1OR, TU ESP\u00cdRITUQUE RENUEVE NUESTROS CORAZONES. Env\u00edanos, Se\u00f1or, tu luz y tu calor,que alumbre nuestros pasos,que encienda nuestro amor.Env\u00edanos tu Esp\u00edritu,y un rayo de tu luzencienda nuestras vidasen llamas [&hellip;]<\/p>\n","protected":false},"author":1,"featured_media":0,"parent":0,"menu_order":0,"comment_status":"closed","ping_status":"closed","template":"","meta":{"footnotes":""},"class_list":["post-3568","page","type-page","status-publish","hentry"],"_links":{"self":[{"href":"https:\/\/smporres.archimadrid.es\/index.php?rest_route=\/wp\/v2\/pages\/3568","targetHints":{"allow":["GET"]}}],"collection":[{"href":"https:\/\/smporres.archimadrid.es\/index.php?rest_route=\/wp\/v2\/pages"}],"about":[{"href":"https:\/\/smporres.archimadrid.es\/index.php?rest_route=\/wp\/v2\/types\/page"}],"author":[{"embeddable":true,"href":"https:\/\/smporres.archimadrid.es\/index.php?rest_route=\/wp\/v2\/users\/1"}],"replies":[{"embeddable":true,"href":"https:\/\/smporres.archimadrid.es\/index.php?rest_route=%2Fwp%2Fv2%2Fcomments&post=3568"}],"version-history":[{"count":1,"href":"https:\/\/smporres.archimadrid.es\/index.php?rest_route=\/wp\/v2\/pages\/3568\/revisions"}],"predecessor-version":[{"id":3569,"href":"https:\/\/smporres.archimadrid.es\/index.php?rest_route=\/wp\/v2\/pages\/3568\/revisions\/3569"}],"wp:attachment":[{"href":"https:\/\/smporres.archimadrid.es\/index.php?rest_route=%2Fwp%2Fv2%2Fmedia&parent=3568"}],"curies":[{"name":"wp","href":"https:\/\/api.w.org\/{rel}","templated":true}]}}