{"id":3565,"date":"2020-06-10T13:52:01","date_gmt":"2020-06-10T11:52:01","guid":{"rendered":"https:\/\/smporres.archimadrid.es\/?page_id=3565"},"modified":"2020-06-10T13:52:01","modified_gmt":"2020-06-10T11:52:01","slug":"46-entre-tus-manos","status":"publish","type":"page","link":"https:\/\/smporres.archimadrid.es\/?page_id=3565","title":{"rendered":"46. ENTRE TUS MANOS"},"content":{"rendered":"\n<p>ENTRE TUS MANOS, EST\u00c1 MI VIDA SE\u00d1OR.<br>ENTRE TUS MANOS, PONGO MI EXISTIR.<br>HAY QUE MORIR PARA VIVIR,<br>ENTRE TUS MANOS CONF\u00cdO MI SER.<\/p>\n\n\n\n<p>Si el grano de trigo no muere,<br>si no muere, solo quedar\u00e1.<br>Pero si muere, en abundancia dar\u00e1,<br>un fruto eterno, que no morir\u00e1.<\/p>\n\n\n\n<p>Si la cepa pierde sus sarmientos,<br>savia joven correr\u00e1 otra vez<br>y nuevo fruto lleno de vida dar\u00e1<br>un vino nuevo lleno de amistad.<\/p>\n","protected":false},"excerpt":{"rendered":"<p>ENTRE TUS MANOS, EST\u00c1 MI VIDA SE\u00d1OR.ENTRE TUS MANOS, PONGO MI EXISTIR.HAY QUE MORIR PARA VIVIR,ENTRE TUS MANOS CONF\u00cdO MI SER. Si el grano de trigo no muere,si no muere, [&hellip;]<\/p>\n","protected":false},"author":1,"featured_media":0,"parent":0,"menu_order":0,"comment_status":"closed","ping_status":"closed","template":"","meta":{"footnotes":""},"class_list":["post-3565","page","type-page","status-publish","hentry"],"_links":{"self":[{"href":"https:\/\/smporres.archimadrid.es\/index.php?rest_route=\/wp\/v2\/pages\/3565","targetHints":{"allow":["GET"]}}],"collection":[{"href":"https:\/\/smporres.archimadrid.es\/index.php?rest_route=\/wp\/v2\/pages"}],"about":[{"href":"https:\/\/smporres.archimadrid.es\/index.php?rest_route=\/wp\/v2\/types\/page"}],"author":[{"embeddable":true,"href":"https:\/\/smporres.archimadrid.es\/index.php?rest_route=\/wp\/v2\/users\/1"}],"replies":[{"embeddable":true,"href":"https:\/\/smporres.archimadrid.es\/index.php?rest_route=%2Fwp%2Fv2%2Fcomments&post=3565"}],"version-history":[{"count":1,"href":"https:\/\/smporres.archimadrid.es\/index.php?rest_route=\/wp\/v2\/pages\/3565\/revisions"}],"predecessor-version":[{"id":3566,"href":"https:\/\/smporres.archimadrid.es\/index.php?rest_route=\/wp\/v2\/pages\/3565\/revisions\/3566"}],"wp:attachment":[{"href":"https:\/\/smporres.archimadrid.es\/index.php?rest_route=%2Fwp%2Fv2%2Fmedia&parent=3565"}],"curies":[{"name":"wp","href":"https:\/\/api.w.org\/{rel}","templated":true}]}}