{"id":3563,"date":"2020-06-10T13:51:05","date_gmt":"2020-06-10T11:51:05","guid":{"rendered":"https:\/\/smporres.archimadrid.es\/?page_id=3563"},"modified":"2020-06-10T13:51:05","modified_gmt":"2020-06-10T11:51:05","slug":"45-el-vendra-y-te-salvara","status":"publish","type":"page","link":"https:\/\/smporres.archimadrid.es\/?page_id=3563","title":{"rendered":"45. EL VENDR\u00c1 Y TE SALVAR\u00c1"},"content":{"rendered":"\n<p>Dile a quien sufre en su soledad, no debes temer.<br>Pues el Se\u00f1or, tu Dios, poderoso,<br>cuando invoques su nombre, \u00c9l te salvar\u00e1.<br>\u00c9l vendr\u00e1 y te salvar\u00e1. \u00c9l vendr\u00e1 y te salvar\u00e1.<\/p>\n\n\n\n<p>Dile al cansado que \u00c9l pronto volver\u00e1,<br>\u00c9l vendr\u00e1 y te salvar\u00e1.<br>\u00c9l vendr\u00e1 y te salvar\u00e1. \u00c9l vendr\u00e1 y te salvar\u00e1<br>Alza tus ojos hoy, \u00c9l te levantar\u00e1<br>El vendr\u00e1 y te salvar\u00e1.<\/p>\n\n\n\n<p>Dile a quien tiene herido el coraz\u00f3n, no pierdas la fe,<br>pues el Se\u00f1or, tu Dios, con su gran amor,<br>cuando invoque su nombre, \u00c9l te salvar\u00e1.<br>El vendr\u00e1 y te salvar\u00e1\u2026<\/p>\n\n\n\n<p>Es refugio en el peligro,<br>nuestro escudo en la tormenta.<br>Fortaleza en el sufrimiento, defensa en la guerra es.<br>\u00a1Fuerte es!<br>\u00c9l vendr\u00e1 y te salvar\u00e1. \u00c9l vendr\u00e1 y te salvar\u00e1.<\/p>\n\n\n\n<p>Dile al cansado que \u00c9l pronto volver\u00e1,<br>\u00c9l vendr\u00e1 y te salvar\u00e1. (bis)<\/p>\n","protected":false},"excerpt":{"rendered":"<p>Dile a quien sufre en su soledad, no debes temer.Pues el Se\u00f1or, tu Dios, poderoso,cuando invoques su nombre, \u00c9l te salvar\u00e1.\u00c9l vendr\u00e1 y te salvar\u00e1. \u00c9l vendr\u00e1 y te salvar\u00e1. [&hellip;]<\/p>\n","protected":false},"author":1,"featured_media":0,"parent":0,"menu_order":0,"comment_status":"closed","ping_status":"closed","template":"","meta":{"footnotes":""},"class_list":["post-3563","page","type-page","status-publish","hentry"],"_links":{"self":[{"href":"https:\/\/smporres.archimadrid.es\/index.php?rest_route=\/wp\/v2\/pages\/3563","targetHints":{"allow":["GET"]}}],"collection":[{"href":"https:\/\/smporres.archimadrid.es\/index.php?rest_route=\/wp\/v2\/pages"}],"about":[{"href":"https:\/\/smporres.archimadrid.es\/index.php?rest_route=\/wp\/v2\/types\/page"}],"author":[{"embeddable":true,"href":"https:\/\/smporres.archimadrid.es\/index.php?rest_route=\/wp\/v2\/users\/1"}],"replies":[{"embeddable":true,"href":"https:\/\/smporres.archimadrid.es\/index.php?rest_route=%2Fwp%2Fv2%2Fcomments&post=3563"}],"version-history":[{"count":1,"href":"https:\/\/smporres.archimadrid.es\/index.php?rest_route=\/wp\/v2\/pages\/3563\/revisions"}],"predecessor-version":[{"id":3564,"href":"https:\/\/smporres.archimadrid.es\/index.php?rest_route=\/wp\/v2\/pages\/3563\/revisions\/3564"}],"wp:attachment":[{"href":"https:\/\/smporres.archimadrid.es\/index.php?rest_route=%2Fwp%2Fv2%2Fmedia&parent=3563"}],"curies":[{"name":"wp","href":"https:\/\/api.w.org\/{rel}","templated":true}]}}