{"id":3559,"date":"2020-06-10T13:45:53","date_gmt":"2020-06-10T11:45:53","guid":{"rendered":"https:\/\/smporres.archimadrid.es\/?page_id=3559"},"modified":"2020-06-10T13:45:53","modified_gmt":"2020-06-10T11:45:53","slug":"43-el-trece-de-mayo","status":"publish","type":"page","link":"https:\/\/smporres.archimadrid.es\/?page_id=3559","title":{"rendered":"43. EL TRECE DE MAYO"},"content":{"rendered":"\n<p>El trece de mayo la Virgen Mar\u00eda,<br>bajo de los cielos a cova de Ir\u00eda.<\/p>\n\n\n\n<p>AVE, AVE, AVE MAR\u00cdA. AVE, AVE, AVE MAR\u00cdA.<\/p>\n\n\n\n<p>A tres pastorcitos la Madre de Dios,<br>descubre el misterio de su coraz\u00f3n.<\/p>\n\n\n\n<p>Haced penitencia, haced oraci\u00f3n,<br>por los pecadores implorad perd\u00f3n.<\/p>\n\n\n\n<p>El Santo Rosario constantes rezad,<br>y la paz del mundo el Se\u00f1or os dar\u00e1.<\/p>\n\n\n\n<p>Que pura y que bella se muestra Mar\u00eda,<br>que llena de gracia en cova de Ir\u00eda.<\/p>\n","protected":false},"excerpt":{"rendered":"<p>El trece de mayo la Virgen Mar\u00eda,bajo de los cielos a cova de Ir\u00eda. AVE, AVE, AVE MAR\u00cdA. AVE, AVE, AVE MAR\u00cdA. A tres pastorcitos la Madre de Dios,descubre el [&hellip;]<\/p>\n","protected":false},"author":1,"featured_media":0,"parent":0,"menu_order":0,"comment_status":"closed","ping_status":"closed","template":"","meta":{"footnotes":""},"class_list":["post-3559","page","type-page","status-publish","hentry"],"_links":{"self":[{"href":"https:\/\/smporres.archimadrid.es\/index.php?rest_route=\/wp\/v2\/pages\/3559","targetHints":{"allow":["GET"]}}],"collection":[{"href":"https:\/\/smporres.archimadrid.es\/index.php?rest_route=\/wp\/v2\/pages"}],"about":[{"href":"https:\/\/smporres.archimadrid.es\/index.php?rest_route=\/wp\/v2\/types\/page"}],"author":[{"embeddable":true,"href":"https:\/\/smporres.archimadrid.es\/index.php?rest_route=\/wp\/v2\/users\/1"}],"replies":[{"embeddable":true,"href":"https:\/\/smporres.archimadrid.es\/index.php?rest_route=%2Fwp%2Fv2%2Fcomments&post=3559"}],"version-history":[{"count":1,"href":"https:\/\/smporres.archimadrid.es\/index.php?rest_route=\/wp\/v2\/pages\/3559\/revisions"}],"predecessor-version":[{"id":3560,"href":"https:\/\/smporres.archimadrid.es\/index.php?rest_route=\/wp\/v2\/pages\/3559\/revisions\/3560"}],"wp:attachment":[{"href":"https:\/\/smporres.archimadrid.es\/index.php?rest_route=%2Fwp%2Fv2%2Fmedia&parent=3559"}],"curies":[{"name":"wp","href":"https:\/\/api.w.org\/{rel}","templated":true}]}}