{"id":3557,"date":"2020-06-10T13:44:35","date_gmt":"2020-06-10T11:44:35","guid":{"rendered":"https:\/\/smporres.archimadrid.es\/?page_id=3557"},"modified":"2020-06-10T13:44:35","modified_gmt":"2020-06-10T11:44:35","slug":"42-el-senor-dios-nos-amo","status":"publish","type":"page","link":"https:\/\/smporres.archimadrid.es\/?page_id=3557","title":{"rendered":"42. EL SE\u00d1OR DIOS NOS AM\u00d3"},"content":{"rendered":"\n<p>El Se\u00f1or Dios nos am\u00f3 como nadie am\u00f3 jam\u00e1s,<br>\u00c9l nos gu\u00eda como estrellas cuando no existe la luz.<br>\u00c9l nos da todo su amor mientras la fracci\u00f3n del pan.<br>Es el pan de la unidad el pan de Dios.<\/p>\n\n\n\n<p>ESTE ES MI CUERPO TOMAD Y COMED,<br>ESTA ES MI SANGRE, TOMAD Y BEBED.<br>PUES YO SOY LA VIDA, YO SOY EL AMOR,<br>OH SE\u00d1OR, COND\u00daCENOS HASTA TU AMOR.<\/p>\n\n\n\n<p>El Se\u00f1or Dios nos am\u00f3 como nadie am\u00f3 jam\u00e1s.<br>sus paisanos le cre\u00edan hijo de un trabajador.<br>Como todos el tambi\u00e9n gan\u00f3 el pan con su sudor<br>y conoce la fatiga y el dolor.<\/p>\n\n\n\n<p>El Se\u00f1or Dios nos am\u00f3 como nadie am\u00f3 jam\u00e1s.<br>\u00c9l re\u00fane a los hombres y les da a vivir su amor.<br>Los cristianos todos ya miembros de su cuerpo son,<br>nadie puede separarlos de tu amor.<\/p>\n","protected":false},"excerpt":{"rendered":"<p>El Se\u00f1or Dios nos am\u00f3 como nadie am\u00f3 jam\u00e1s,\u00c9l nos gu\u00eda como estrellas cuando no existe la luz.\u00c9l nos da todo su amor mientras la fracci\u00f3n del pan.Es el pan [&hellip;]<\/p>\n","protected":false},"author":1,"featured_media":0,"parent":0,"menu_order":0,"comment_status":"closed","ping_status":"closed","template":"","meta":{"footnotes":""},"class_list":["post-3557","page","type-page","status-publish","hentry"],"_links":{"self":[{"href":"https:\/\/smporres.archimadrid.es\/index.php?rest_route=\/wp\/v2\/pages\/3557","targetHints":{"allow":["GET"]}}],"collection":[{"href":"https:\/\/smporres.archimadrid.es\/index.php?rest_route=\/wp\/v2\/pages"}],"about":[{"href":"https:\/\/smporres.archimadrid.es\/index.php?rest_route=\/wp\/v2\/types\/page"}],"author":[{"embeddable":true,"href":"https:\/\/smporres.archimadrid.es\/index.php?rest_route=\/wp\/v2\/users\/1"}],"replies":[{"embeddable":true,"href":"https:\/\/smporres.archimadrid.es\/index.php?rest_route=%2Fwp%2Fv2%2Fcomments&post=3557"}],"version-history":[{"count":1,"href":"https:\/\/smporres.archimadrid.es\/index.php?rest_route=\/wp\/v2\/pages\/3557\/revisions"}],"predecessor-version":[{"id":3558,"href":"https:\/\/smporres.archimadrid.es\/index.php?rest_route=\/wp\/v2\/pages\/3557\/revisions\/3558"}],"wp:attachment":[{"href":"https:\/\/smporres.archimadrid.es\/index.php?rest_route=%2Fwp%2Fv2%2Fmedia&parent=3557"}],"curies":[{"name":"wp","href":"https:\/\/api.w.org\/{rel}","templated":true}]}}