{"id":3553,"date":"2020-06-10T13:42:31","date_gmt":"2020-06-10T11:42:31","guid":{"rendered":"https:\/\/smporres.archimadrid.es\/?page_id=3553"},"modified":"2020-06-10T22:34:12","modified_gmt":"2020-06-10T20:34:12","slug":"41-el-que-muere-por-mi","status":"publish","type":"page","link":"https:\/\/smporres.archimadrid.es\/?page_id=3553","title":{"rendered":"41. EL QUE MUERE POR M\u00cd"},"content":{"rendered":"\n<p>Todo empez\u00f3 en una cruz<br>donde un hombre muri\u00f3 y un Dios se entreg\u00f3.<br>Silenciosa la muerte lleg\u00f3<br>extinguiendo la luz que en un grito se ahog\u00f3.<br>Viendo su faz de dolor<br>una madre llor\u00f3 y su amigo call\u00f3.<br>Pero siendo una entrega de amor<br>su camino sigui\u00f3 y en alg\u00fan otro lado<br>una luz se encendi\u00f3.<br>Siendo hombre, amigo, esclavo y maestro,<br>siendo carga pesada, profesor y aprendiz,<br>entreg\u00f3 hasta su cuerpo en el pan y la vid.<\/p>\n\n\n<p>DESDE ENTONCES LO HE VISTO CAMINAR A MI LADO,<br>A ESE DIOS QUE SE HUMILLA Y MUERE POR M\u00cd.<br>ES LA BARCA EN MI PLAYA, EL RUIDO DEL SILENCIO<br>QUE SE ACERCA A SU HIJO Y ME ABRAZA FELIZ,<br>QUE SE ACERCA A SU HIJO Y ME ABRAZA FELIZ.<\/p>\n\n\n<p>Viendo un humilde calvario<br>con rostro cansado soporta la cruz.<br>Y al verme rezando a sus pies se olvida de \u00c9l, me toma en sus brazos<br>y me acoge otra vez.<br>Siendo fuego, paloma, el agua y el viento,<br>siendo ni\u00f1o inocente, un Padre y pastor,<br>hoy acepta mi ofrenda, es mi vida Se\u00f1or.<\/p>\n\n\n<p>Y si ahora yo acepto esa cruz<br>es por esa persona ese Dios.<br>Es por Cristo Jes\u00fas.<\/p>\n","protected":false},"excerpt":{"rendered":"<p>Todo empez\u00f3 en una cruzdonde un hombre muri\u00f3 y un Dios se entreg\u00f3.Silenciosa la muerte lleg\u00f3extinguiendo la luz que en un grito se ahog\u00f3.Viendo su faz de doloruna madre llor\u00f3 [&hellip;]<\/p>\n","protected":false},"author":1,"featured_media":0,"parent":0,"menu_order":0,"comment_status":"closed","ping_status":"closed","template":"","meta":{"footnotes":""},"class_list":["post-3553","page","type-page","status-publish","hentry"],"_links":{"self":[{"href":"https:\/\/smporres.archimadrid.es\/index.php?rest_route=\/wp\/v2\/pages\/3553","targetHints":{"allow":["GET"]}}],"collection":[{"href":"https:\/\/smporres.archimadrid.es\/index.php?rest_route=\/wp\/v2\/pages"}],"about":[{"href":"https:\/\/smporres.archimadrid.es\/index.php?rest_route=\/wp\/v2\/types\/page"}],"author":[{"embeddable":true,"href":"https:\/\/smporres.archimadrid.es\/index.php?rest_route=\/wp\/v2\/users\/1"}],"replies":[{"embeddable":true,"href":"https:\/\/smporres.archimadrid.es\/index.php?rest_route=%2Fwp%2Fv2%2Fcomments&post=3553"}],"version-history":[{"count":2,"href":"https:\/\/smporres.archimadrid.es\/index.php?rest_route=\/wp\/v2\/pages\/3553\/revisions"}],"predecessor-version":[{"id":4091,"href":"https:\/\/smporres.archimadrid.es\/index.php?rest_route=\/wp\/v2\/pages\/3553\/revisions\/4091"}],"wp:attachment":[{"href":"https:\/\/smporres.archimadrid.es\/index.php?rest_route=%2Fwp%2Fv2%2Fmedia&parent=3553"}],"curies":[{"name":"wp","href":"https:\/\/api.w.org\/{rel}","templated":true}]}}