{"id":3551,"date":"2020-06-10T13:40:39","date_gmt":"2020-06-10T11:40:39","guid":{"rendered":"https:\/\/smporres.archimadrid.es\/?page_id=3551"},"modified":"2020-06-10T13:40:39","modified_gmt":"2020-06-10T11:40:39","slug":"40-el-pastor-y-la-oveja-desobediente","status":"publish","type":"page","link":"https:\/\/smporres.archimadrid.es\/?page_id=3551","title":{"rendered":"40. EL PASTOR Y LA OVEJA DESOBEDIENTE"},"content":{"rendered":"\n<p>Hubo un pastor muy tierno que ten\u00eda un reba\u00f1o.<br>Lo quer\u00eda y lo cuidaba en invierno y en verano.<br>Cien ovejas tiene el hombre,<br>mas no le sobra ninguna,<br>y las llama por su nombre a cada una.<br>Aunque son tantas ovejas<br>el pastor las quiere a todas,<br>y por eso no las deja pastar solas.<br>\u00abNo os vay\u00e1is nunca muy lejos\u00bb,<br>recomienda con bondad,<br>y muy \u00fatiles consejos \u00e9l les da:<br>\u00abEl lobo siempre os acecha, es un bicho peligroso,<br>que no os enga\u00f1e, es muy malo y mentiroso.\u00bb<\/p>\n\n\n\n<p>Pero una oveja rebelde no se lo cree del todo,<br>piensa que el pastor les miente sobre el lobo.<br>\u00abNos quiere bien obedientes<br>para amargarnos la vida,<br>y la mejor hierba nos tiene prohibida\u00bb.<br>\u00abLa mejor hierba soy yo, puedes comerme peque\u00f1a,<br>no hagas caso a tu pastor, ven y cena.<br>Vente conmigo y s\u00e9 libre, haz lo que te d\u00e9 la gana,<br>el pastor solo te quiere por tu lana.\u00bb<br>Mientras la fiera alejaba a la incauta con enga\u00f1os<br>el pastor lejos contaba su reba\u00f1o.<br>\u00abFalta una, d\u00f3nde est\u00e1\u00bb, su coraz\u00f3n se entristece,<br>es la ovejita que siempre desobedece.<\/p>\n\n\n\n<p>Deja las noventa y nueve y sale al campo corriendo.<br>La busca con sol y nieve o lloviendo.<br>Y cuando encuentra a la perdida, \u00a1oh que horror!<br>A punto de ser comida la encontr\u00f3.<br>Huye el lobo derrotado dando gritos de dolor,<br>mas buscar\u00e1, ten cuidado, otra ocasi\u00f3n.<br>Y la ovejita muy contenta en brazos de su pastor<br>acab\u00f3 d\u00e1ndose cuenta de su error.<br>Ya nunca m\u00e1s puso en duda la pureza de su amor,<br>no volvi\u00f3 a ser m\u00e1s tozuda, no se\u00f1or.<br>El pastor mont\u00f3 una fiesta y hasta muy tarde bail\u00f3,<br>celebrando que a su oveja encontr\u00f3\u2026<\/p>\n","protected":false},"excerpt":{"rendered":"<p>Hubo un pastor muy tierno que ten\u00eda un reba\u00f1o.Lo quer\u00eda y lo cuidaba en invierno y en verano.Cien ovejas tiene el hombre,mas no le sobra ninguna,y las llama por su [&hellip;]<\/p>\n","protected":false},"author":1,"featured_media":0,"parent":0,"menu_order":0,"comment_status":"closed","ping_status":"closed","template":"","meta":{"footnotes":""},"class_list":["post-3551","page","type-page","status-publish","hentry"],"_links":{"self":[{"href":"https:\/\/smporres.archimadrid.es\/index.php?rest_route=\/wp\/v2\/pages\/3551","targetHints":{"allow":["GET"]}}],"collection":[{"href":"https:\/\/smporres.archimadrid.es\/index.php?rest_route=\/wp\/v2\/pages"}],"about":[{"href":"https:\/\/smporres.archimadrid.es\/index.php?rest_route=\/wp\/v2\/types\/page"}],"author":[{"embeddable":true,"href":"https:\/\/smporres.archimadrid.es\/index.php?rest_route=\/wp\/v2\/users\/1"}],"replies":[{"embeddable":true,"href":"https:\/\/smporres.archimadrid.es\/index.php?rest_route=%2Fwp%2Fv2%2Fcomments&post=3551"}],"version-history":[{"count":1,"href":"https:\/\/smporres.archimadrid.es\/index.php?rest_route=\/wp\/v2\/pages\/3551\/revisions"}],"predecessor-version":[{"id":3552,"href":"https:\/\/smporres.archimadrid.es\/index.php?rest_route=\/wp\/v2\/pages\/3551\/revisions\/3552"}],"wp:attachment":[{"href":"https:\/\/smporres.archimadrid.es\/index.php?rest_route=%2Fwp%2Fv2%2Fmedia&parent=3551"}],"curies":[{"name":"wp","href":"https:\/\/api.w.org\/{rel}","templated":true}]}}