{"id":3547,"date":"2020-06-10T13:36:31","date_gmt":"2020-06-10T11:36:31","guid":{"rendered":"https:\/\/smporres.archimadrid.es\/?page_id=3547"},"modified":"2020-06-10T13:36:31","modified_gmt":"2020-06-10T11:36:31","slug":"38-donde-hay-caridad-y-amor","status":"publish","type":"page","link":"https:\/\/smporres.archimadrid.es\/?page_id=3547","title":{"rendered":"38. DONDE HAY CARIDAD Y AMOR"},"content":{"rendered":"\n<p>DONDE HAY CARIDAD Y AMOR<br>ALL\u00cd EST\u00c1 EL SE\u00d1OR,<br>ALL\u00cd EST\u00c1 EL SE\u00d1OR,<\/p>\n\n\n\n<p>Una sala y una mesa,<br>una copa, vino y pan,<br>los hermanos compartiendo<br>en amor y en unidad.<\/p>\n\n\n\n<p>Nos re\u00fane la presencia<br>y el recuerdo del Se\u00f1or,<br>celebramos su memoria<br>y la entrega de su amor.<\/p>\n\n\n\n<p>Invitados a la mesa<br>del banquete del Se\u00f1or,<br>recordemos su mandato<br>de vivir en el amor.<\/p>\n\n\n\n<p>Comulguemos en el Cuerpo<br>y en la Sangre que \u00c9l nos da<br>y tambi\u00e9n en el hermano,<br>si lo amamos de verdad.<br>Este pan que da la vida<br>y este c\u00e1liz de salud,<br>nos re\u00fane a los hermanos<br>en el nombre de Jes\u00fas.<\/p>\n\n\n\n<p>Anunciamos su memoria,<br>celebramos su pasi\u00f3n,<br>el misterio de su muerte<br>y de su Resurrecci\u00f3n.<\/p>\n","protected":false},"excerpt":{"rendered":"<p>DONDE HAY CARIDAD Y AMORALL\u00cd EST\u00c1 EL SE\u00d1OR,ALL\u00cd EST\u00c1 EL SE\u00d1OR, Una sala y una mesa,una copa, vino y pan,los hermanos compartiendoen amor y en unidad. Nos re\u00fane la presenciay [&hellip;]<\/p>\n","protected":false},"author":1,"featured_media":0,"parent":0,"menu_order":0,"comment_status":"closed","ping_status":"closed","template":"","meta":{"footnotes":""},"class_list":["post-3547","page","type-page","status-publish","hentry"],"_links":{"self":[{"href":"https:\/\/smporres.archimadrid.es\/index.php?rest_route=\/wp\/v2\/pages\/3547","targetHints":{"allow":["GET"]}}],"collection":[{"href":"https:\/\/smporres.archimadrid.es\/index.php?rest_route=\/wp\/v2\/pages"}],"about":[{"href":"https:\/\/smporres.archimadrid.es\/index.php?rest_route=\/wp\/v2\/types\/page"}],"author":[{"embeddable":true,"href":"https:\/\/smporres.archimadrid.es\/index.php?rest_route=\/wp\/v2\/users\/1"}],"replies":[{"embeddable":true,"href":"https:\/\/smporres.archimadrid.es\/index.php?rest_route=%2Fwp%2Fv2%2Fcomments&post=3547"}],"version-history":[{"count":1,"href":"https:\/\/smporres.archimadrid.es\/index.php?rest_route=\/wp\/v2\/pages\/3547\/revisions"}],"predecessor-version":[{"id":3548,"href":"https:\/\/smporres.archimadrid.es\/index.php?rest_route=\/wp\/v2\/pages\/3547\/revisions\/3548"}],"wp:attachment":[{"href":"https:\/\/smporres.archimadrid.es\/index.php?rest_route=%2Fwp%2Fv2%2Fmedia&parent=3547"}],"curies":[{"name":"wp","href":"https:\/\/api.w.org\/{rel}","templated":true}]}}